{"id":4266,"date":"2019-10-10T19:12:37","date_gmt":"2019-10-10T17:12:37","guid":{"rendered":"http:\/\/pc-direkthandel.de\/wordpress\/?post_type=product&#038;p=4266"},"modified":"2019-10-10T19:14:08","modified_gmt":"2019-10-10T17:14:08","slug":"gigaset-elements-alarm-system-s","status":"publish","type":"product","link":"http:\/\/pc-direkthandel.de\/wordpress\/product\/gigaset-elements-alarm-system-s\/","title":{"rendered":"Gigaset elements alarm system S"},"content":{"rendered":"<div class=\"b_product-view__column-introduction\">\n<div class=\"b_product-view__introduction-container\">\n<div class=\"b_product-view__subheadline\">Die perfekte Sicherheitsl\u00f6sung f\u00fcr kleinere Wohnungen in h\u00f6heren Etagen.<\/p>\n<\/div>\n<div class=\"b_product-view__short-description\">\n<p>Bei kleineren Wohnungen in den oberen Etagen wird meist durch den Eingangsbereich eingebrochen. Sch\u00fctzen Sie Ihr Zuhause mit einem T\u00fcr- und Bewegungssensor. Sie registrieren sofort, wenn jemand die T\u00fcr \u00f6ffnet oder sich eine Person im Raum bewegt. Bei dem Verdacht eines Einbruchs ert\u00f6nt eine Alarmsirene.<\/p>\n<p>elements alarm system S<\/p>\n<ul>\n<li><strong>1<\/strong><strong>\u00a0Basisstation base<\/strong><\/li>\n<li><strong>1 T\u00fcrsensor door (universal)<\/strong><\/li>\n<li><strong>1 Bewegungssensor motion<\/strong><\/li>\n<li><strong>1 Alarmsirene siren<\/strong><\/li>\n<\/ul>\n<\/div>\n<\/div>\n<\/div>\n","protected":false},"excerpt":{"rendered":"<p>Die perfekte Sicherheitsl\u00f6sung f\u00fcr kleinere Wohnungen in h\u00f6heren Etagen. Bei kleineren Wohnungen in den oberen Etagen wird meist durch den Eingangsbereich eingebrochen. Sch\u00fctzen Sie Ihr Zuhause mit einem T\u00fcr- und Bewegungssensor. Sie registrieren sofort, wenn jemand die T\u00fcr \u00f6ffnet oder sich eine Person im Raum bewegt. Bei dem Verdacht eines Einbruchs ert\u00f6nt eine Alarmsirene. elements [&hellip;]<\/p>\n","protected":false},"featured_media":4267,"comment_status":"open","ping_status":"closed","template":"","meta":{"_acf_changed":false},"product_cat":[317],"product_tag":[],"acf":[],"jetpack_sharing_enabled":true,"_links":{"self":[{"href":"http:\/\/pc-direkthandel.de\/wordpress\/wp-json\/wp\/v2\/product\/4266"}],"collection":[{"href":"http:\/\/pc-direkthandel.de\/wordpress\/wp-json\/wp\/v2\/product"}],"about":[{"href":"http:\/\/pc-direkthandel.de\/wordpress\/wp-json\/wp\/v2\/types\/product"}],"replies":[{"embeddable":true,"href":"http:\/\/pc-direkthandel.de\/wordpress\/wp-json\/wp\/v2\/comments?post=4266"}],"wp:featuredmedia":[{"embeddable":true,"href":"http:\/\/pc-direkthandel.de\/wordpress\/wp-json\/wp\/v2\/media\/4267"}],"wp:attachment":[{"href":"http:\/\/pc-direkthandel.de\/wordpress\/wp-json\/wp\/v2\/media?parent=4266"}],"wp:term":[{"taxonomy":"product_cat","embeddable":true,"href":"http:\/\/pc-direkthandel.de\/wordpress\/wp-json\/wp\/v2\/product_cat?post=4266"},{"taxonomy":"product_tag","embeddable":true,"href":"http:\/\/pc-direkthandel.de\/wordpress\/wp-json\/wp\/v2\/product_tag?post=4266"}],"curies":[{"name":"wp","href":"https:\/\/api.w.org\/{rel}","templated":true}]}}