{"id":4264,"date":"2019-10-10T19:11:14","date_gmt":"2019-10-10T17:11:14","guid":{"rendered":"http:\/\/pc-direkthandel.de\/wordpress\/?post_type=product&#038;p=4264"},"modified":"2019-10-10T19:12:17","modified_gmt":"2019-10-10T17:12:17","slug":"gigaset-smoke-pack","status":"publish","type":"product","link":"http:\/\/pc-direkthandel.de\/wordpress\/product\/gigaset-smoke-pack\/","title":{"rendered":"Gigaset smoke pack"},"content":{"rendered":"<div class=\"b_product-view__column-introduction\">\n<div class=\"b_product-view__introduction-container\">\n<div class=\"b_product-view__subheadline\">Das smarte Rauchwarnmelder Paket.<\/p>\n<\/div>\n<div class=\"b_product-view__short-description\">\n<p>Bei Rauchentwicklung schl\u00e4gt der Gigaset smoke Rauchwarnmelder sofort Alarm. Sie werden augenblicklich per App informiert. Au\u00dferdem l\u00f6st die integrierte Sirene vor Ort einen lauten Signalton aus.<\/p>\n<ul>\n<li><strong>Rauchwarnmelder informiert sofort bei Rauchentwicklung<\/strong><\/li>\n<li><strong>Sofortige Alarmmeldung an das Smartphone<\/strong><\/li>\n<li><strong>Integrierte Sirene alarmiert lautstark vor Ort\u00a0(&gt;85 dB (A))<\/strong><\/li>\n<li><strong>Im Pack enthalten: 1 Basisstation base, 2 Rauchwarnmelder smoke<\/strong><\/li>\n<\/ul>\n<\/div>\n<\/div>\n<\/div>\n","protected":false},"excerpt":{"rendered":"<p>Das smarte Rauchwarnmelder Paket. Bei Rauchentwicklung schl\u00e4gt der Gigaset smoke Rauchwarnmelder sofort Alarm. Sie werden augenblicklich per App informiert. Au\u00dferdem l\u00f6st die integrierte Sirene vor Ort einen lauten Signalton aus. Rauchwarnmelder informiert sofort bei Rauchentwicklung Sofortige Alarmmeldung an das Smartphone Integrierte Sirene alarmiert lautstark vor Ort\u00a0(&gt;85 dB (A)) Im Pack enthalten: 1 Basisstation base, 2 [&hellip;]<\/p>\n","protected":false},"featured_media":4265,"comment_status":"open","ping_status":"closed","template":"","meta":{"_acf_changed":false},"product_cat":[317],"product_tag":[],"acf":[],"jetpack_sharing_enabled":true,"_links":{"self":[{"href":"http:\/\/pc-direkthandel.de\/wordpress\/wp-json\/wp\/v2\/product\/4264"}],"collection":[{"href":"http:\/\/pc-direkthandel.de\/wordpress\/wp-json\/wp\/v2\/product"}],"about":[{"href":"http:\/\/pc-direkthandel.de\/wordpress\/wp-json\/wp\/v2\/types\/product"}],"replies":[{"embeddable":true,"href":"http:\/\/pc-direkthandel.de\/wordpress\/wp-json\/wp\/v2\/comments?post=4264"}],"wp:featuredmedia":[{"embeddable":true,"href":"http:\/\/pc-direkthandel.de\/wordpress\/wp-json\/wp\/v2\/media\/4265"}],"wp:attachment":[{"href":"http:\/\/pc-direkthandel.de\/wordpress\/wp-json\/wp\/v2\/media?parent=4264"}],"wp:term":[{"taxonomy":"product_cat","embeddable":true,"href":"http:\/\/pc-direkthandel.de\/wordpress\/wp-json\/wp\/v2\/product_cat?post=4264"},{"taxonomy":"product_tag","embeddable":true,"href":"http:\/\/pc-direkthandel.de\/wordpress\/wp-json\/wp\/v2\/product_tag?post=4264"}],"curies":[{"name":"wp","href":"https:\/\/api.w.org\/{rel}","templated":true}]}}