{"id":4258,"date":"2019-10-10T19:06:19","date_gmt":"2019-10-10T17:06:19","guid":{"rendered":"http:\/\/pc-direkthandel.de\/wordpress\/?post_type=product&#038;p=4258"},"modified":"2019-10-10T19:07:44","modified_gmt":"2019-10-10T17:07:44","slug":"gigaset-homecoming-pack-plus","status":"publish","type":"product","link":"http:\/\/pc-direkthandel.de\/wordpress\/product\/gigaset-homecoming-pack-plus\/","title":{"rendered":"Gigaset homecoming pack plus"},"content":{"rendered":"<div class=\"b_product-view__column-introduction\">\n<div class=\"b_product-view__introduction-container\">\n<div class=\"b_product-view__subheadline\">Das smarte Eingangst\u00fcrpaket mit Kamerasicherheit.<\/p>\n<\/div>\n<div class=\"b_product-view__short-description\">\n<p>Mit dem Gigaset homecoming pack wissen Sie immer wenn jemand nach Hause kommt. Dank des Bewegungssensors motion in Kombination mit dem T\u00fcr- und Fenstersensor universal wird eine Push-Nachricht ausgel\u00f6st, wenn jemand Ihr Zuhause betritt. Mit der Indoor Kamera k\u00f6nnen Sie jederzeit einen Blick in Ihr Zuhause werfen.<\/p>\n<ul>\n<li><strong>Erkennt wenn jemand nach Hause kommt<\/strong><\/li>\n<li><strong>Erkennt den Zustand der T\u00fcr (ge\u00f6ffnet oder geschlossen)<\/strong><\/li>\n<li><strong>Die Indoor Kamera beh\u00e4lt Ihren Eingangsbereich im Blick<\/strong><\/li>\n<li><strong>Der T\u00fcr- und Fenstersensor schl\u00e4gt bei gewaltsamen \u00d6ffnen Alarm<\/strong><\/li>\n<li><strong>Bequemes Wechseln der Modi (Zuhause\/Au\u00dfer Haus) \u00fcber die App<\/strong><\/li>\n<li><strong>Im Pack enthalten: 1 Basisstation base, 1 T\u00fcr- und Fenstersensor universal, 1 Bewegungssensor motion, 1 Kamera smart camera<\/strong><\/li>\n<\/ul>\n<\/div>\n<\/div>\n<\/div>\n","protected":false},"excerpt":{"rendered":"<p>Das smarte Eingangst\u00fcrpaket mit Kamerasicherheit. Mit dem Gigaset homecoming pack wissen Sie immer wenn jemand nach Hause kommt. Dank des Bewegungssensors motion in Kombination mit dem T\u00fcr- und Fenstersensor universal wird eine Push-Nachricht ausgel\u00f6st, wenn jemand Ihr Zuhause betritt. Mit der Indoor Kamera k\u00f6nnen Sie jederzeit einen Blick in Ihr Zuhause werfen. Erkennt wenn jemand [&hellip;]<\/p>\n","protected":false},"featured_media":4259,"comment_status":"open","ping_status":"closed","template":"","meta":{"_acf_changed":false},"product_cat":[317],"product_tag":[],"acf":[],"jetpack_sharing_enabled":true,"_links":{"self":[{"href":"http:\/\/pc-direkthandel.de\/wordpress\/wp-json\/wp\/v2\/product\/4258"}],"collection":[{"href":"http:\/\/pc-direkthandel.de\/wordpress\/wp-json\/wp\/v2\/product"}],"about":[{"href":"http:\/\/pc-direkthandel.de\/wordpress\/wp-json\/wp\/v2\/types\/product"}],"replies":[{"embeddable":true,"href":"http:\/\/pc-direkthandel.de\/wordpress\/wp-json\/wp\/v2\/comments?post=4258"}],"wp:featuredmedia":[{"embeddable":true,"href":"http:\/\/pc-direkthandel.de\/wordpress\/wp-json\/wp\/v2\/media\/4259"}],"wp:attachment":[{"href":"http:\/\/pc-direkthandel.de\/wordpress\/wp-json\/wp\/v2\/media?parent=4258"}],"wp:term":[{"taxonomy":"product_cat","embeddable":true,"href":"http:\/\/pc-direkthandel.de\/wordpress\/wp-json\/wp\/v2\/product_cat?post=4258"},{"taxonomy":"product_tag","embeddable":true,"href":"http:\/\/pc-direkthandel.de\/wordpress\/wp-json\/wp\/v2\/product_tag?post=4258"}],"curies":[{"name":"wp","href":"https:\/\/api.w.org\/{rel}","templated":true}]}}