{"id":4256,"date":"2019-10-10T19:04:34","date_gmt":"2019-10-10T17:04:34","guid":{"rendered":"http:\/\/pc-direkthandel.de\/wordpress\/?post_type=product&#038;p=4256"},"modified":"2019-10-10T19:05:35","modified_gmt":"2019-10-10T17:05:35","slug":"gigaset-plug-pack","status":"publish","type":"product","link":"http:\/\/pc-direkthandel.de\/wordpress\/product\/gigaset-plug-pack\/","title":{"rendered":"Gigaset plug pack"},"content":{"rendered":"<div class=\"b_product-view__column-introduction\">\n<div class=\"b_product-view__introduction-container\">\n<div class=\"b_product-view__subheadline\">Das smarte Paket f\u00fcr Lichtsteuerung.<\/p>\n<\/div>\n<div class=\"b_product-view__short-description\">\n<p>Mit der Schaltsteckdose plug k\u00f6nnen Sie jedes elektrische Ger\u00e4t von der Lampe bis zum Fernseher per App w\u00e4hrend Ihrer Abwesenheit an- und ausschalten. So wirkt es, als w\u00e4ren Sie tats\u00e4chlich zu Hause.<\/p>\n<ul>\n<li><strong>Schaltsteckdose \u00fcber App steuerbar<\/strong><\/li>\n<li><strong>Regelung von elektrischen Ger\u00e4ten (z.B. Lampen) auch in Abwesenheit\u00a0<\/strong><\/li>\n<li><strong>Timereinstellung und Regelerstellung \u00fcber App<\/strong><\/li>\n<li><strong>Manuelles Ein- und Ausschalten<\/strong><\/li>\n<li><strong>Im Pack enthalten: 1 Basisstation base, 2 Schaltsteckdosen plug<\/strong><\/li>\n<\/ul>\n<\/div>\n<\/div>\n<\/div>\n","protected":false},"excerpt":{"rendered":"<p>Das smarte Paket f\u00fcr Lichtsteuerung. Mit der Schaltsteckdose plug k\u00f6nnen Sie jedes elektrische Ger\u00e4t von der Lampe bis zum Fernseher per App w\u00e4hrend Ihrer Abwesenheit an- und ausschalten. So wirkt es, als w\u00e4ren Sie tats\u00e4chlich zu Hause. Schaltsteckdose \u00fcber App steuerbar Regelung von elektrischen Ger\u00e4ten (z.B. Lampen) auch in Abwesenheit\u00a0 Timereinstellung und Regelerstellung \u00fcber App [&hellip;]<\/p>\n","protected":false},"featured_media":4257,"comment_status":"open","ping_status":"closed","template":"","meta":{"_acf_changed":false},"product_cat":[317],"product_tag":[],"acf":[],"jetpack_sharing_enabled":true,"_links":{"self":[{"href":"http:\/\/pc-direkthandel.de\/wordpress\/wp-json\/wp\/v2\/product\/4256"}],"collection":[{"href":"http:\/\/pc-direkthandel.de\/wordpress\/wp-json\/wp\/v2\/product"}],"about":[{"href":"http:\/\/pc-direkthandel.de\/wordpress\/wp-json\/wp\/v2\/types\/product"}],"replies":[{"embeddable":true,"href":"http:\/\/pc-direkthandel.de\/wordpress\/wp-json\/wp\/v2\/comments?post=4256"}],"wp:featuredmedia":[{"embeddable":true,"href":"http:\/\/pc-direkthandel.de\/wordpress\/wp-json\/wp\/v2\/media\/4257"}],"wp:attachment":[{"href":"http:\/\/pc-direkthandel.de\/wordpress\/wp-json\/wp\/v2\/media?parent=4256"}],"wp:term":[{"taxonomy":"product_cat","embeddable":true,"href":"http:\/\/pc-direkthandel.de\/wordpress\/wp-json\/wp\/v2\/product_cat?post=4256"},{"taxonomy":"product_tag","embeddable":true,"href":"http:\/\/pc-direkthandel.de\/wordpress\/wp-json\/wp\/v2\/product_tag?post=4256"}],"curies":[{"name":"wp","href":"https:\/\/api.w.org\/{rel}","templated":true}]}}