{"id":4246,"date":"2019-10-10T18:56:45","date_gmt":"2019-10-10T16:56:45","guid":{"rendered":"http:\/\/pc-direkthandel.de\/wordpress\/?post_type=product&#038;p=4246"},"modified":"2019-10-10T18:57:58","modified_gmt":"2019-10-10T16:57:58","slug":"gigaset-smart-speaker-l800hx","status":"publish","type":"product","link":"http:\/\/pc-direkthandel.de\/wordpress\/product\/gigaset-smart-speaker-l800hx\/","title":{"rendered":"Gigaset Smart Speaker L800HX"},"content":{"rendered":"<div class=\"b_product-view__subheadline\">Das Freisprechtelefon mit Amazon Alexa-Integration.<\/p>\n<\/div>\n<div class=\"b_product-view__short-description\">\n<ul>\n<li>Vollumf\u00e4ngliche Telefonie f\u00fcr sprachgesteuerte Festnetz Anrufe<\/li>\n<li>Freisprechen in brillanter Akustikqualit\u00e4t und hoher maximaler Lautst\u00e4rke<\/li>\n<li>Kompatibel mit allen g\u00e4ngigen Routern (inkl. AVM FRITZ!Box und Telekom Speedport), den Gigaset DECT-Basisstationen und DECT\/GAP-Telefonbasen anderer Hersteller<\/li>\n<li>Musik streamen oder vom eigenen Ger\u00e4t abspielen<\/li>\n<li>Ausgezeichnete Audio-Qualit\u00e4t mit 15 Watt RMS Musikleistung<\/li>\n<li>Nutzung aller \u00fcber Alexa verf\u00fcgbaren Musik-\/Audiodienste (z.B. Amazon Music)<\/li>\n<li>Kompatibel mit den Gigaset Alarmsystemen S, M, und L<\/li>\n<\/ul>\n<\/div>\n","protected":false},"excerpt":{"rendered":"<p>Das Freisprechtelefon mit Amazon Alexa-Integration. Vollumf\u00e4ngliche Telefonie f\u00fcr sprachgesteuerte Festnetz Anrufe Freisprechen in brillanter Akustikqualit\u00e4t und hoher maximaler Lautst\u00e4rke Kompatibel mit allen g\u00e4ngigen Routern (inkl. AVM FRITZ!Box und Telekom Speedport), den Gigaset DECT-Basisstationen und DECT\/GAP-Telefonbasen anderer Hersteller Musik streamen oder vom eigenen Ger\u00e4t abspielen Ausgezeichnete Audio-Qualit\u00e4t mit 15 Watt RMS Musikleistung Nutzung aller \u00fcber Alexa [&hellip;]<\/p>\n","protected":false},"featured_media":4247,"comment_status":"open","ping_status":"closed","template":"","meta":{"_acf_changed":false},"product_cat":[317],"product_tag":[],"acf":[],"jetpack_sharing_enabled":true,"_links":{"self":[{"href":"http:\/\/pc-direkthandel.de\/wordpress\/wp-json\/wp\/v2\/product\/4246"}],"collection":[{"href":"http:\/\/pc-direkthandel.de\/wordpress\/wp-json\/wp\/v2\/product"}],"about":[{"href":"http:\/\/pc-direkthandel.de\/wordpress\/wp-json\/wp\/v2\/types\/product"}],"replies":[{"embeddable":true,"href":"http:\/\/pc-direkthandel.de\/wordpress\/wp-json\/wp\/v2\/comments?post=4246"}],"wp:featuredmedia":[{"embeddable":true,"href":"http:\/\/pc-direkthandel.de\/wordpress\/wp-json\/wp\/v2\/media\/4247"}],"wp:attachment":[{"href":"http:\/\/pc-direkthandel.de\/wordpress\/wp-json\/wp\/v2\/media?parent=4246"}],"wp:term":[{"taxonomy":"product_cat","embeddable":true,"href":"http:\/\/pc-direkthandel.de\/wordpress\/wp-json\/wp\/v2\/product_cat?post=4246"},{"taxonomy":"product_tag","embeddable":true,"href":"http:\/\/pc-direkthandel.de\/wordpress\/wp-json\/wp\/v2\/product_tag?post=4246"}],"curies":[{"name":"wp","href":"https:\/\/api.w.org\/{rel}","templated":true}]}}