{"id":4240,"date":"2019-10-10T18:49:56","date_gmt":"2019-10-10T16:49:56","guid":{"rendered":"http:\/\/pc-direkthandel.de\/wordpress\/?post_type=product&#038;p=4240"},"modified":"2019-10-10T18:51:48","modified_gmt":"2019-10-10T16:51:48","slug":"gigaset-climate","status":"publish","type":"product","link":"http:\/\/pc-direkthandel.de\/wordpress\/product\/gigaset-climate\/","title":{"rendered":"Gigaset climate"},"content":{"rendered":"<div class=\"b_product-view__subheadline\">Macht Heizen noch smarter: Der Gigaset Klimasensor f\u00fcr optimale Raumtemperaturen.<\/p>\n<\/div>\n<div class=\"b_product-view__short-description\">\n<p>Durch Temperaturmessungen abseits der Heizung und die regelm\u00e4\u00dfige Bestimmung der Luftfeuchtigkeit gibt der Gigaset climate jederzeit genaue Ausk\u00fcnfte \u00fcber das Raumklima. Der Klimasensor erweitert das Smart Home Produktportfolio f\u00fcr noch mehr Komfort in Ihrem Zuhause:<\/p>\n<ul>\n<li><strong>Informiert zuverl\u00e4ssig \u00fcber Temperatur und relative Luftfeuchtigkeit<\/strong><\/li>\n<li><strong>F\u00fcr optimale Wohnbedingungen<\/strong><\/li>\n<li><strong>Beugt kostenintensiven Elementarsch\u00e4den im Haushalt (z.B. durch Schimmel) vor<\/strong><\/li>\n<li><strong>Benachrichtigt Sie \u00fcber wichtige L\u00fcftungsintervalle in Ihrem Zuhause<\/strong><\/li>\n<li><strong>Einfache Anbringung und Erreichbarkeit<\/strong><\/li>\n<li><strong>Funktioniert auch ohne Verbindung zum Internet<\/strong><\/li>\n<li><strong>Passend f\u00fcr Sensoren von Gigaset Smart Home, insbesondere als Erg\u00e4nzung zum Gigaset thermostat<\/strong><\/li>\n<\/ul>\n<\/div>\n","protected":false},"excerpt":{"rendered":"<p>Macht Heizen noch smarter: Der Gigaset Klimasensor f\u00fcr optimale Raumtemperaturen. Durch Temperaturmessungen abseits der Heizung und die regelm\u00e4\u00dfige Bestimmung der Luftfeuchtigkeit gibt der Gigaset climate jederzeit genaue Ausk\u00fcnfte \u00fcber das Raumklima. Der Klimasensor erweitert das Smart Home Produktportfolio f\u00fcr noch mehr Komfort in Ihrem Zuhause: Informiert zuverl\u00e4ssig \u00fcber Temperatur und relative Luftfeuchtigkeit F\u00fcr optimale Wohnbedingungen [&hellip;]<\/p>\n","protected":false},"featured_media":4241,"comment_status":"open","ping_status":"closed","template":"","meta":{"_acf_changed":false},"product_cat":[317],"product_tag":[],"acf":[],"jetpack_sharing_enabled":true,"_links":{"self":[{"href":"http:\/\/pc-direkthandel.de\/wordpress\/wp-json\/wp\/v2\/product\/4240"}],"collection":[{"href":"http:\/\/pc-direkthandel.de\/wordpress\/wp-json\/wp\/v2\/product"}],"about":[{"href":"http:\/\/pc-direkthandel.de\/wordpress\/wp-json\/wp\/v2\/types\/product"}],"replies":[{"embeddable":true,"href":"http:\/\/pc-direkthandel.de\/wordpress\/wp-json\/wp\/v2\/comments?post=4240"}],"wp:featuredmedia":[{"embeddable":true,"href":"http:\/\/pc-direkthandel.de\/wordpress\/wp-json\/wp\/v2\/media\/4241"}],"wp:attachment":[{"href":"http:\/\/pc-direkthandel.de\/wordpress\/wp-json\/wp\/v2\/media?parent=4240"}],"wp:term":[{"taxonomy":"product_cat","embeddable":true,"href":"http:\/\/pc-direkthandel.de\/wordpress\/wp-json\/wp\/v2\/product_cat?post=4240"},{"taxonomy":"product_tag","embeddable":true,"href":"http:\/\/pc-direkthandel.de\/wordpress\/wp-json\/wp\/v2\/product_tag?post=4240"}],"curies":[{"name":"wp","href":"https:\/\/api.w.org\/{rel}","templated":true}]}}