{"id":3681,"date":"2019-10-04T20:27:54","date_gmt":"2019-10-04T18:27:54","guid":{"rendered":"http:\/\/pc-direkthandel.de\/wordpress\/?post_type=product&#038;p=3681"},"modified":"2019-10-04T20:40:53","modified_gmt":"2019-10-04T18:40:53","slug":"magix-video-365","status":"publish","type":"product","link":"http:\/\/pc-direkthandel.de\/wordpress\/product\/magix-video-365\/","title":{"rendered":"MAGIX Video 365"},"content":{"rendered":"<p><span id=\"clipboardHelper\">MAGIX Video 365 bietet Videoschnitt-Einsteigern und Fortgeschrittenen alles, was sie f\u00fcr gro\u00dfartige Videos und Fotoshows ben\u00f6tigen. Ab sofort bekommen Sie Video deluxe Plus mit vielen zus\u00e4tzlichen Programmen und exklusiven Services in der Jahreslizenz zum Vorteilspreis.<\/span><\/p>\n<p><em>enth\u00e4lt Video deluxe Plus, Photostory Deluxe, Video Sound Cleaning Lab, proDAD Mercalli V2, Family Pack: Auf 3 PCs installieren, Premium Telefon-Support (2 Anfragen j\u00e4hrlich), Store-Gutscheine f\u00fcr Effekte &amp; Musik (einmalig)<\/em><\/p>\n<p><strong><span id=\"clipboardHelper\">Vorteilspreis: \u20ac 99,99\/Jahr, automatische Verl\u00e4ngerung um 1 Jahr zum erneuten Vorteilspreis von \u20ac 99,99\/Jahr. K\u00fcndigungsfrist: 1 Monat zum jeweiligen Laufzeitende.<\/span><\/strong><\/p>\n","protected":false},"excerpt":{"rendered":"<p>MAGIX Video 365 bietet Videoschnitt-Einsteigern und Fortgeschrittenen alles, was sie f\u00fcr gro\u00dfartige Videos und Fotoshows ben\u00f6tigen. Ab sofort bekommen Sie Video deluxe Plus mit vielen zus\u00e4tzlichen Programmen und exklusiven Services in der Jahreslizenz zum Vorteilspreis. enth\u00e4lt Video deluxe Plus, Photostory Deluxe, Video Sound Cleaning Lab, proDAD Mercalli V2, Family Pack: Auf 3 PCs installieren, Premium [&hellip;]<\/p>\n","protected":false},"featured_media":3682,"comment_status":"open","ping_status":"closed","template":"","meta":{"_acf_changed":false},"product_cat":[286],"product_tag":[],"acf":[],"jetpack_sharing_enabled":true,"_links":{"self":[{"href":"http:\/\/pc-direkthandel.de\/wordpress\/wp-json\/wp\/v2\/product\/3681"}],"collection":[{"href":"http:\/\/pc-direkthandel.de\/wordpress\/wp-json\/wp\/v2\/product"}],"about":[{"href":"http:\/\/pc-direkthandel.de\/wordpress\/wp-json\/wp\/v2\/types\/product"}],"replies":[{"embeddable":true,"href":"http:\/\/pc-direkthandel.de\/wordpress\/wp-json\/wp\/v2\/comments?post=3681"}],"wp:featuredmedia":[{"embeddable":true,"href":"http:\/\/pc-direkthandel.de\/wordpress\/wp-json\/wp\/v2\/media\/3682"}],"wp:attachment":[{"href":"http:\/\/pc-direkthandel.de\/wordpress\/wp-json\/wp\/v2\/media?parent=3681"}],"wp:term":[{"taxonomy":"product_cat","embeddable":true,"href":"http:\/\/pc-direkthandel.de\/wordpress\/wp-json\/wp\/v2\/product_cat?post=3681"},{"taxonomy":"product_tag","embeddable":true,"href":"http:\/\/pc-direkthandel.de\/wordpress\/wp-json\/wp\/v2\/product_tag?post=3681"}],"curies":[{"name":"wp","href":"https:\/\/api.w.org\/{rel}","templated":true}]}}