{"id":3593,"date":"2019-10-03T17:05:44","date_gmt":"2019-10-03T15:05:44","guid":{"rendered":"http:\/\/pc-direkthandel.de\/wordpress\/?post_type=product&#038;p=3593"},"modified":"2019-10-03T17:07:31","modified_gmt":"2019-10-03T15:07:31","slug":"microsoft-xbox-one-s","status":"publish","type":"product","link":"http:\/\/pc-direkthandel.de\/wordpress\/product\/microsoft-xbox-one-s\/","title":{"rendered":"Microsoft XBOX One S"},"content":{"rendered":"<div class=\"pi-product-metadata secondary\">\n<div id=\"descriptionText\" data-m=\"{&quot;cN&quot;:&quot;descriptionText&quot;,&quot;cT&quot;:&quot;Module_onestore-DescriptionBlock&quot;,&quot;id&quot;:&quot;m13r1a2&quot;,&quot;sN&quot;:13,&quot;aN&quot;:&quot;r1a2&quot;}\" data-module-id=\"PDP|productIdentityRoot|OneStore-ProductIdentityRoot|descriptionText|OneStore-DescriptionBlock\">\n<div id=\"react_9cGOtCWC02KDVfA399DWg\">\n<div class=\"pi-description-block\" data-reactroot=\"\">\n<p class=\"c-paragraph pi-product-description-text\">Die einzige Konsole mit 4K-Blu-ray, 4K-Videostreaming und HDR.<\/p>\n<p>\u2022 \u00dcber 100 Spiele genie\u00dfen, die es nur f\u00fcr die Konsole gibt<br \/>\n\u2022 4K-Blu-ray-Filme ansehen und 4K-Videos streamen<br \/>\n\u2022 Erlebe noch intensivere, leuchtende Farben in Spielen und Videos mit HDR-Technologie<\/p>\n<div class=\"c-content-toggle\" role=\"presentation\"><\/div>\n<\/div>\n<\/div>\n<\/div>\n<\/div>\n<div class=\"pi-product-metadata tertiary\"><\/div>\n","protected":false},"excerpt":{"rendered":"<p>Die einzige Konsole mit 4K-Blu-ray, 4K-Videostreaming und HDR. \u2022 \u00dcber 100 Spiele genie\u00dfen, die es nur f\u00fcr die Konsole gibt \u2022 4K-Blu-ray-Filme ansehen und 4K-Videos streamen \u2022 Erlebe noch intensivere, leuchtende Farben in Spielen und Videos mit HDR-Technologie<\/p>\n","protected":false},"featured_media":3594,"comment_status":"open","ping_status":"closed","template":"","meta":{"_acf_changed":false},"product_cat":[278],"product_tag":[],"acf":[],"jetpack_sharing_enabled":true,"_links":{"self":[{"href":"http:\/\/pc-direkthandel.de\/wordpress\/wp-json\/wp\/v2\/product\/3593"}],"collection":[{"href":"http:\/\/pc-direkthandel.de\/wordpress\/wp-json\/wp\/v2\/product"}],"about":[{"href":"http:\/\/pc-direkthandel.de\/wordpress\/wp-json\/wp\/v2\/types\/product"}],"replies":[{"embeddable":true,"href":"http:\/\/pc-direkthandel.de\/wordpress\/wp-json\/wp\/v2\/comments?post=3593"}],"wp:featuredmedia":[{"embeddable":true,"href":"http:\/\/pc-direkthandel.de\/wordpress\/wp-json\/wp\/v2\/media\/3594"}],"wp:attachment":[{"href":"http:\/\/pc-direkthandel.de\/wordpress\/wp-json\/wp\/v2\/media?parent=3593"}],"wp:term":[{"taxonomy":"product_cat","embeddable":true,"href":"http:\/\/pc-direkthandel.de\/wordpress\/wp-json\/wp\/v2\/product_cat?post=3593"},{"taxonomy":"product_tag","embeddable":true,"href":"http:\/\/pc-direkthandel.de\/wordpress\/wp-json\/wp\/v2\/product_tag?post=3593"}],"curies":[{"name":"wp","href":"https:\/\/api.w.org\/{rel}","templated":true}]}}