{"id":3579,"date":"2019-10-03T16:50:12","date_gmt":"2019-10-03T14:50:12","guid":{"rendered":"http:\/\/pc-direkthandel.de\/wordpress\/?post_type=product&#038;p=3579"},"modified":"2019-10-03T16:51:19","modified_gmt":"2019-10-03T14:51:19","slug":"microsoft-xbox-one-s-shadow-of-the-tomb-raider-bundle","status":"publish","type":"product","link":"http:\/\/pc-direkthandel.de\/wordpress\/product\/microsoft-xbox-one-s-shadow-of-the-tomb-raider-bundle\/","title":{"rendered":"Microsoft XBOX One S Shadow of the Tomb Raider Bundle"},"content":{"rendered":"<p>Hol dir das Xbox One S Shadow of the Tomb Raider Bundle und werde zu Lara Croft in einem Rennen um die Rettung der Welt vor der Maya-Apokalypse. Meistere den t\u00f6dlichen Dschungel, \u00fcberwinde erschreckende Grabst\u00e4tten und stehe Laras dunkelste Stunden durch.<\/p>\n","protected":false},"excerpt":{"rendered":"<p>Hol dir das Xbox One S Shadow of the Tomb Raider Bundle und werde zu Lara Croft in einem Rennen um die Rettung der Welt vor der Maya-Apokalypse. Meistere den t\u00f6dlichen Dschungel, \u00fcberwinde erschreckende Grabst\u00e4tten und stehe Laras dunkelste Stunden durch.<\/p>\n","protected":false},"featured_media":3580,"comment_status":"open","ping_status":"closed","template":"","meta":{"_acf_changed":false},"product_cat":[278],"product_tag":[],"acf":[],"jetpack_sharing_enabled":true,"_links":{"self":[{"href":"http:\/\/pc-direkthandel.de\/wordpress\/wp-json\/wp\/v2\/product\/3579"}],"collection":[{"href":"http:\/\/pc-direkthandel.de\/wordpress\/wp-json\/wp\/v2\/product"}],"about":[{"href":"http:\/\/pc-direkthandel.de\/wordpress\/wp-json\/wp\/v2\/types\/product"}],"replies":[{"embeddable":true,"href":"http:\/\/pc-direkthandel.de\/wordpress\/wp-json\/wp\/v2\/comments?post=3579"}],"wp:featuredmedia":[{"embeddable":true,"href":"http:\/\/pc-direkthandel.de\/wordpress\/wp-json\/wp\/v2\/media\/3580"}],"wp:attachment":[{"href":"http:\/\/pc-direkthandel.de\/wordpress\/wp-json\/wp\/v2\/media?parent=3579"}],"wp:term":[{"taxonomy":"product_cat","embeddable":true,"href":"http:\/\/pc-direkthandel.de\/wordpress\/wp-json\/wp\/v2\/product_cat?post=3579"},{"taxonomy":"product_tag","embeddable":true,"href":"http:\/\/pc-direkthandel.de\/wordpress\/wp-json\/wp\/v2\/product_tag?post=3579"}],"curies":[{"name":"wp","href":"https:\/\/api.w.org\/{rel}","templated":true}]}}