{"id":3577,"date":"2019-10-03T16:48:32","date_gmt":"2019-10-03T14:48:32","guid":{"rendered":"http:\/\/pc-direkthandel.de\/wordpress\/?post_type=product&#038;p=3577"},"modified":"2019-10-03T16:49:55","modified_gmt":"2019-10-03T14:49:55","slug":"microsoft-xbox-one-s-battlefield-v-bundle","status":"publish","type":"product","link":"http:\/\/pc-direkthandel.de\/wordpress\/product\/microsoft-xbox-one-s-battlefield-v-bundle\/","title":{"rendered":"Microsoft XBOX One S Battlefield\u2122 V Bundle"},"content":{"rendered":"<p>Hole dir das Battlefield\u2122 V Bundle f\u00fcr Xbox One S und tauche ein in den gr\u00f6\u00dften Konflikt der Menschheit: den 2. Weltkrieg. Schlie\u00dfe dich den K\u00e4mpfen an \u2013 mit einem Download der Vollversion von Battlefield\u2122 V Deluxe Edition, und statte deine Kameraden mit Fallschirmj\u00e4ger-Bekleidung aus.<\/p>\n","protected":false},"excerpt":{"rendered":"<p>Hole dir das Battlefield\u2122 V Bundle f\u00fcr Xbox One S und tauche ein in den gr\u00f6\u00dften Konflikt der Menschheit: den 2. Weltkrieg. Schlie\u00dfe dich den K\u00e4mpfen an \u2013 mit einem Download der Vollversion von Battlefield\u2122 V Deluxe Edition, und statte deine Kameraden mit Fallschirmj\u00e4ger-Bekleidung aus.<\/p>\n","protected":false},"featured_media":3578,"comment_status":"open","ping_status":"closed","template":"","meta":{"_acf_changed":false},"product_cat":[278],"product_tag":[],"acf":[],"jetpack_sharing_enabled":true,"_links":{"self":[{"href":"http:\/\/pc-direkthandel.de\/wordpress\/wp-json\/wp\/v2\/product\/3577"}],"collection":[{"href":"http:\/\/pc-direkthandel.de\/wordpress\/wp-json\/wp\/v2\/product"}],"about":[{"href":"http:\/\/pc-direkthandel.de\/wordpress\/wp-json\/wp\/v2\/types\/product"}],"replies":[{"embeddable":true,"href":"http:\/\/pc-direkthandel.de\/wordpress\/wp-json\/wp\/v2\/comments?post=3577"}],"wp:featuredmedia":[{"embeddable":true,"href":"http:\/\/pc-direkthandel.de\/wordpress\/wp-json\/wp\/v2\/media\/3578"}],"wp:attachment":[{"href":"http:\/\/pc-direkthandel.de\/wordpress\/wp-json\/wp\/v2\/media?parent=3577"}],"wp:term":[{"taxonomy":"product_cat","embeddable":true,"href":"http:\/\/pc-direkthandel.de\/wordpress\/wp-json\/wp\/v2\/product_cat?post=3577"},{"taxonomy":"product_tag","embeddable":true,"href":"http:\/\/pc-direkthandel.de\/wordpress\/wp-json\/wp\/v2\/product_tag?post=3577"}],"curies":[{"name":"wp","href":"https:\/\/api.w.org\/{rel}","templated":true}]}}