{"id":3575,"date":"2019-10-03T16:46:56","date_gmt":"2019-10-03T14:46:56","guid":{"rendered":"http:\/\/pc-direkthandel.de\/wordpress\/?post_type=product&#038;p=3575"},"modified":"2019-10-03T16:48:17","modified_gmt":"2019-10-03T14:48:17","slug":"microsoft-xbox-one-s-forza-horizon-4-bundle","status":"publish","type":"product","link":"http:\/\/pc-direkthandel.de\/wordpress\/product\/microsoft-xbox-one-s-forza-horizon-4-bundle\/","title":{"rendered":"Microsoft XBOX One S Forza Horizon 4 Bundle"},"content":{"rendered":"<p>Hole dir das Xbox One S Forza Horizon 4 Bundle und erlebe eine gemeinsame freie Welt, die sich mit dynamischen Jahreszeiten st\u00e4ndig \u00e4ndert. Erkunde Gro\u00dfbritannien und sammle Autos mit einem Download der Vollversion von Forza Horizon 4.<\/p>\n","protected":false},"excerpt":{"rendered":"<p>Hole dir das Xbox One S Forza Horizon 4 Bundle und erlebe eine gemeinsame freie Welt, die sich mit dynamischen Jahreszeiten st\u00e4ndig \u00e4ndert. Erkunde Gro\u00dfbritannien und sammle Autos mit einem Download der Vollversion von Forza Horizon 4.<\/p>\n","protected":false},"featured_media":3576,"comment_status":"open","ping_status":"closed","template":"","meta":{"_acf_changed":false},"product_cat":[278],"product_tag":[],"acf":[],"jetpack_sharing_enabled":true,"_links":{"self":[{"href":"http:\/\/pc-direkthandel.de\/wordpress\/wp-json\/wp\/v2\/product\/3575"}],"collection":[{"href":"http:\/\/pc-direkthandel.de\/wordpress\/wp-json\/wp\/v2\/product"}],"about":[{"href":"http:\/\/pc-direkthandel.de\/wordpress\/wp-json\/wp\/v2\/types\/product"}],"replies":[{"embeddable":true,"href":"http:\/\/pc-direkthandel.de\/wordpress\/wp-json\/wp\/v2\/comments?post=3575"}],"wp:featuredmedia":[{"embeddable":true,"href":"http:\/\/pc-direkthandel.de\/wordpress\/wp-json\/wp\/v2\/media\/3576"}],"wp:attachment":[{"href":"http:\/\/pc-direkthandel.de\/wordpress\/wp-json\/wp\/v2\/media?parent=3575"}],"wp:term":[{"taxonomy":"product_cat","embeddable":true,"href":"http:\/\/pc-direkthandel.de\/wordpress\/wp-json\/wp\/v2\/product_cat?post=3575"},{"taxonomy":"product_tag","embeddable":true,"href":"http:\/\/pc-direkthandel.de\/wordpress\/wp-json\/wp\/v2\/product_tag?post=3575"}],"curies":[{"name":"wp","href":"https:\/\/api.w.org\/{rel}","templated":true}]}}