{"id":3559,"date":"2019-10-03T16:31:26","date_gmt":"2019-10-03T14:31:26","guid":{"rendered":"http:\/\/pc-direkthandel.de\/wordpress\/?post_type=product&#038;p=3559"},"modified":"2019-10-03T16:33:00","modified_gmt":"2019-10-03T14:33:00","slug":"microsoft-xbox-one-x-forza-horizon-4-bundle","status":"publish","type":"product","link":"http:\/\/pc-direkthandel.de\/wordpress\/product\/microsoft-xbox-one-x-forza-horizon-4-bundle\/","title":{"rendered":"Microsoft XBOX One X Forza Horizon 4 Bundle"},"content":{"rendered":"<p>Hole dir das Xbox One X Forza Horizon 4 Bundle und erlebe eine gemeinsame freie Welt, die sich mit dynamischen Jahreszeiten st\u00e4ndig \u00e4ndert. Erkunde Gro\u00dfbritannien in 4K auf der weltweit leistungsf\u00e4higsten Konsole mit einem Download der Vollversion von Forza Horizon 4, und freue dich au\u00dferdem \u00fcber einen Download der Vollversion von Forza Motorsport 7.<\/p>\n","protected":false},"excerpt":{"rendered":"<p>Hole dir das Xbox One X Forza Horizon 4 Bundle und erlebe eine gemeinsame freie Welt, die sich mit dynamischen Jahreszeiten st\u00e4ndig \u00e4ndert. Erkunde Gro\u00dfbritannien in 4K auf der weltweit leistungsf\u00e4higsten Konsole mit einem Download der Vollversion von Forza Horizon 4, und freue dich au\u00dferdem \u00fcber einen Download der Vollversion von Forza Motorsport 7.<\/p>\n","protected":false},"featured_media":3560,"comment_status":"open","ping_status":"closed","template":"","meta":{"_acf_changed":false},"product_cat":[278],"product_tag":[],"acf":[],"jetpack_sharing_enabled":true,"_links":{"self":[{"href":"http:\/\/pc-direkthandel.de\/wordpress\/wp-json\/wp\/v2\/product\/3559"}],"collection":[{"href":"http:\/\/pc-direkthandel.de\/wordpress\/wp-json\/wp\/v2\/product"}],"about":[{"href":"http:\/\/pc-direkthandel.de\/wordpress\/wp-json\/wp\/v2\/types\/product"}],"replies":[{"embeddable":true,"href":"http:\/\/pc-direkthandel.de\/wordpress\/wp-json\/wp\/v2\/comments?post=3559"}],"wp:featuredmedia":[{"embeddable":true,"href":"http:\/\/pc-direkthandel.de\/wordpress\/wp-json\/wp\/v2\/media\/3560"}],"wp:attachment":[{"href":"http:\/\/pc-direkthandel.de\/wordpress\/wp-json\/wp\/v2\/media?parent=3559"}],"wp:term":[{"taxonomy":"product_cat","embeddable":true,"href":"http:\/\/pc-direkthandel.de\/wordpress\/wp-json\/wp\/v2\/product_cat?post=3559"},{"taxonomy":"product_tag","embeddable":true,"href":"http:\/\/pc-direkthandel.de\/wordpress\/wp-json\/wp\/v2\/product_tag?post=3559"}],"curies":[{"name":"wp","href":"https:\/\/api.w.org\/{rel}","templated":true}]}}