{"id":3557,"date":"2019-10-03T16:28:05","date_gmt":"2019-10-03T14:28:05","guid":{"rendered":"http:\/\/pc-direkthandel.de\/wordpress\/?post_type=product&#038;p=3557"},"modified":"2019-10-03T16:30:33","modified_gmt":"2019-10-03T14:30:33","slug":"microsoft-xbox-one-x-star-wars-jedi-fallen-order-bundle","status":"publish","type":"product","link":"http:\/\/pc-direkthandel.de\/wordpress\/product\/microsoft-xbox-one-x-star-wars-jedi-fallen-order-bundle\/","title":{"rendered":"Microsoft XBOX One X Star Wars\u2122 Jedi: Fallen Order-Bundle"},"content":{"rendered":"<p>Werde zum Jedi auf Xbox One X<\/p>\n<p>Hol dir das Xbox One X Star Wars Jedi: Fallen Order\u2122-Bundle und schl\u00fcpfe in die Rolle eines Jedi-Padawans, der der S\u00e4uberung durch die Order 66 nur knapp entkommen ist. Dieses Bundle enth\u00e4lt die Vollversion zum Download von Star Wars Jedi: Fallen Order\u2122 Deluxe Edition, eine 1-monatige Testversion f\u00fcr Xbox Game Pass f\u00fcr Konsole und Xbox Live Gold sowie 1 Monat EA Access.**<\/p>\n<p>Ver\u00f6ffentlichungsdatum: 15.11.2019<\/p>\n<p><strong>Jetzt vorbestellen und sichern:<\/strong><\/p>\n<p>\u2022 Orangefarbene Lichtschwert-Klinge<\/p>\n<p>\u2022 Skin BEE D-1<\/p>\n<p>\u2022 Schwertgriff Mygeeto-Kampagne<\/p>\n<p>\u2022 Schwertgriff Umbaran-Kampagne<\/p>\n","protected":false},"excerpt":{"rendered":"<p>Werde zum Jedi auf Xbox One X Hol dir das Xbox One X Star Wars Jedi: Fallen Order\u2122-Bundle und schl\u00fcpfe in die Rolle eines Jedi-Padawans, der der S\u00e4uberung durch die Order 66 nur knapp entkommen ist. Dieses Bundle enth\u00e4lt die Vollversion zum Download von Star Wars Jedi: Fallen Order\u2122 Deluxe Edition, eine 1-monatige Testversion f\u00fcr [&hellip;]<\/p>\n","protected":false},"featured_media":3558,"comment_status":"open","ping_status":"closed","template":"","meta":{"_acf_changed":false},"product_cat":[278],"product_tag":[],"acf":[],"jetpack_sharing_enabled":true,"_links":{"self":[{"href":"http:\/\/pc-direkthandel.de\/wordpress\/wp-json\/wp\/v2\/product\/3557"}],"collection":[{"href":"http:\/\/pc-direkthandel.de\/wordpress\/wp-json\/wp\/v2\/product"}],"about":[{"href":"http:\/\/pc-direkthandel.de\/wordpress\/wp-json\/wp\/v2\/types\/product"}],"replies":[{"embeddable":true,"href":"http:\/\/pc-direkthandel.de\/wordpress\/wp-json\/wp\/v2\/comments?post=3557"}],"wp:featuredmedia":[{"embeddable":true,"href":"http:\/\/pc-direkthandel.de\/wordpress\/wp-json\/wp\/v2\/media\/3558"}],"wp:attachment":[{"href":"http:\/\/pc-direkthandel.de\/wordpress\/wp-json\/wp\/v2\/media?parent=3557"}],"wp:term":[{"taxonomy":"product_cat","embeddable":true,"href":"http:\/\/pc-direkthandel.de\/wordpress\/wp-json\/wp\/v2\/product_cat?post=3557"},{"taxonomy":"product_tag","embeddable":true,"href":"http:\/\/pc-direkthandel.de\/wordpress\/wp-json\/wp\/v2\/product_tag?post=3557"}],"curies":[{"name":"wp","href":"https:\/\/api.w.org\/{rel}","templated":true}]}}