{"id":3519,"date":"2019-10-02T21:19:07","date_gmt":"2019-10-02T19:19:07","guid":{"rendered":"http:\/\/pc-direkthandel.de\/wordpress\/?post_type=product&#038;p=3519"},"modified":"2019-10-02T21:20:39","modified_gmt":"2019-10-02T19:20:39","slug":"doom-eternal-2","status":"publish","type":"product","link":"http:\/\/pc-direkthandel.de\/wordpress\/product\/doom-eternal-2\/","title":{"rendered":"DOOM Eternal"},"content":{"rendered":"<p>Das von id Software entwickelte DOOM Eternal ist der Nachfolger des preisgekr\u00f6nten Erfolgsspiels DOOM (2016).<\/p>\n<p>Erleben Sie das Nonplusultra in Sachen Geschwindigkeit und Durchschlagskraft und einen wahren Quantensprung in Sachen knallharter First-Person-Action. Kehren Sie als DOOM Slayer zur\u00fcck, um an den M\u00e4chten der H\u00f6lle grausame Vergeltung zu \u00fcben. Ausgestattet mit brandneuen Waffen und F\u00e4higkeiten nehmen Sie es als Schl\u00e4chter zwischen den Dimensionen mit neuen und altbekannten D\u00e4monen auf. Setzt Ihr Herz dabei einen Schlag aus, k\u00f6nnte das auch am packenden Soundtrack von Mick Gordon liegen.<\/p>\n<p><iframe loading=\"lazy\" title=\"DOOM: ETERNAL Story Trailer German Deutsch (2019)\" width=\"500\" height=\"281\" src=\"https:\/\/www.youtube.com\/embed\/j9MY5qt_nJU?feature=oembed\" frameborder=\"0\" allow=\"accelerometer; autoplay; clipboard-write; encrypted-media; gyroscope; picture-in-picture; web-share\" referrerpolicy=\"strict-origin-when-cross-origin\" allowfullscreen><\/iframe><\/p>\n","protected":false},"excerpt":{"rendered":"<p>Das von id Software entwickelte DOOM Eternal ist der Nachfolger des preisgekr\u00f6nten Erfolgsspiels DOOM (2016). Erleben Sie das Nonplusultra in Sachen Geschwindigkeit und Durchschlagskraft und einen wahren Quantensprung in Sachen knallharter First-Person-Action. Kehren Sie als DOOM Slayer zur\u00fcck, um an den M\u00e4chten der H\u00f6lle grausame Vergeltung zu \u00fcben. Ausgestattet mit brandneuen Waffen und F\u00e4higkeiten nehmen [&hellip;]<\/p>\n","protected":false},"featured_media":3520,"comment_status":"open","ping_status":"closed","template":"","meta":{"_acf_changed":false},"product_cat":[275],"product_tag":[],"acf":[],"jetpack_sharing_enabled":true,"_links":{"self":[{"href":"http:\/\/pc-direkthandel.de\/wordpress\/wp-json\/wp\/v2\/product\/3519"}],"collection":[{"href":"http:\/\/pc-direkthandel.de\/wordpress\/wp-json\/wp\/v2\/product"}],"about":[{"href":"http:\/\/pc-direkthandel.de\/wordpress\/wp-json\/wp\/v2\/types\/product"}],"replies":[{"embeddable":true,"href":"http:\/\/pc-direkthandel.de\/wordpress\/wp-json\/wp\/v2\/comments?post=3519"}],"wp:featuredmedia":[{"embeddable":true,"href":"http:\/\/pc-direkthandel.de\/wordpress\/wp-json\/wp\/v2\/media\/3520"}],"wp:attachment":[{"href":"http:\/\/pc-direkthandel.de\/wordpress\/wp-json\/wp\/v2\/media?parent=3519"}],"wp:term":[{"taxonomy":"product_cat","embeddable":true,"href":"http:\/\/pc-direkthandel.de\/wordpress\/wp-json\/wp\/v2\/product_cat?post=3519"},{"taxonomy":"product_tag","embeddable":true,"href":"http:\/\/pc-direkthandel.de\/wordpress\/wp-json\/wp\/v2\/product_tag?post=3519"}],"curies":[{"name":"wp","href":"https:\/\/api.w.org\/{rel}","templated":true}]}}