{"id":3517,"date":"2019-10-02T21:13:53","date_gmt":"2019-10-02T19:13:53","guid":{"rendered":"http:\/\/pc-direkthandel.de\/wordpress\/?post_type=product&#038;p=3517"},"modified":"2019-10-02T21:16:26","modified_gmt":"2019-10-02T19:16:26","slug":"star-wars-jedi-fallen-order","status":"publish","type":"product","link":"http:\/\/pc-direkthandel.de\/wordpress\/product\/star-wars-jedi-fallen-order\/","title":{"rendered":"Star Wars Jedi: Fallen Order"},"content":{"rendered":"<p>Erlebe ein galaxisumspannendes Abenteuer in Star Wars Jedi: Fallen Order, einem neuen 3rd Person Action-Adventure von Respawn Entertainment. In diesem storybasierten Singleplayer-Spiel schl\u00fcpfst du in die Rolle eines Jedi Padawans, der Order 66 und der Ausl\u00f6schung der Jedi nach den Ereignissen in Episode 3: Die Rache der Sith nur mit knapper Not entkam. Um den Orden der Jedi wieder aufzubauen, musst du an die Fragmente deiner Vergangenheit ankn\u00fcpfen, um deine Ausbildung abzuschlie\u00dfen, gewaltige neue Macht-F\u00e4hien zu entwickeln und die Kunst des legend\u00e4ren Lichtschwertes zu meistern w\u00e4hrend du dem Imperium und seinen t\u00f6dlichen Inquisitoren immer einen Schritt voraus sein musst.<\/p>\n<p>W\u00e4hrend du deine F\u00e4higkeiten optimierst, erwarten dich filmisch umgesetzte Lichtschwert- und Macht-K\u00e4mpfe, deren Intensit\u00e4t den Lichtschwert-Schlachten aus den Star Wars-Filmen entspricht. Als Spieler musst du dich deinen Gegnern strategisch n\u00e4hern, ihre St\u00e4rken und Schw\u00e4chen absch\u00e4tzen und deine Jedi-Ausbildung geschickt einsetzen, um sie zu bezwingen und die Geheimnisse zu l\u00fcften, auf die du im Laufe deiner Reise st\u00f6\u00dft.<\/p>\n<p>Fans von Star Wars werden bekannte Schaupl\u00e4tze, Waffen, Ausr\u00fcstungsobjekte und Gegner wiedererkennen und d\u00fcrfen sich au\u00dferdem auf zahlreiche neue Charaktere, Schaupl\u00e4tze, Kreaturen, Droiden und Widersacher freuen. Im Rahmen dieser authentischen Star Wars-Geschichte tauchen die Spieler in eine Galaxis ein, die erst k\u00fcrzlich vom Imperium unterjocht wurde. Als Jedi, der vom Helden zum Fl\u00fcchtling wurde, k\u00e4mpfen Spieler um<\/p>\n<p>ihr Leben und erkunden die Mysterien einer vor langer Zeit untergegangenen Zivilisation, um die Reste des Ordens der Jedi wieder aufzubauen, w\u00e4hrend das Imperium nichts unversucht l\u00e4sst, um die Jedi vollst\u00e4ndig auszul\u00f6schen.<\/p>\n<p><span class=\"bold\"><strong>KEY FEATURES<\/strong><\/span><\/p>\n<div class=\"itemizedlist\">\n<ul class=\"itemizedlist\">\n<li class=\"listitem\">Filmische, eindringliche K\u00e4mpfe Jedi: Fallen Order bedient mit seinem innovativen Lichtschwert-Kampfsystem die Fantasie, selbst ein Jedi zu werden. Hiebe, Paraden und Ausweichman\u00f6ver werden kombiniert mit gewaltigen Macht-F\u00e4higkeiten, die du brauchen wirst, um s\u00e4mtliche Hindernisse auf deinem Weg zu \u00fcberwinden. Das Kampfsystem selbst ist intuitiv, aber dchung all seiner Nuancen erfordert intensives Training und \u00dcbung, da du im Laufe deines Abenteuers neue Kr\u00e4fte und F\u00e4higkeiten erh\u00e4ltst.<\/li>\n<li class=\"listitem\">Der Beginn einer neuen Jedi-Geschichte Als ehemaliger Padawan auf der Flucht vor dem Imperium musst du deine Ausbildung abschlie\u00dfen, ehe die Inquisitoren des Imperiums deinen Plan zum Wiederaufbau des Ordens der Jedi aufdecken. Gemeinsam mit einem ehemaligen Jedi-Ritter, einem streits\u00fcchtigen Piloten und einem furchtlosen Droiden musst du den \u00fcblen Machenschaften des Imperiums im Rahmen eines storybasierten Abenteuers entkommen. Erkunde und meistere eine Vielzahl von Herausforderungen, bei denen K\u00e4mpfe, Erkundung und das L\u00f6sen von R\u00e4tseln im Vordergrund stehen.<\/li>\n<li class=\"listitem\">Die Galaxis wartet Uralte W\u00e4lder, windumtoste Felsw\u00e4nde und unheimliche Dschungel sind die einzigartigen Schaupl\u00e4tze, die du in Jedi: Fallen Order erkunden kannst. Du entscheidest, wo es als n\u00e4chstes hingeht. Schaltest du neue Kr\u00e4fte und F\u00e4higkeiten frei, er\u00f6ffnen sich neue M\u00f6glichkeiten, Karten erneut zu durchlaufen, du kannst auch die Macht nutzen, um auf vielf\u00e4ltigere Art zu erforschen. Du solltest dich allerdings beeilen, da dich das Imperium erbarmungslos jagt, um alle \u00dcberlebenden des Ordens der Jedi auszul\u00f6schen.<\/li>\n<\/ul>\n<\/div>\n<p><iframe loading=\"lazy\" title=\"STAR WARS: Jedi Fallen Order Trailer (2019)\" width=\"500\" height=\"281\" src=\"https:\/\/www.youtube.com\/embed\/Umo8VqOFrrg?feature=oembed\" frameborder=\"0\" allow=\"accelerometer; autoplay; clipboard-write; encrypted-media; gyroscope; picture-in-picture; web-share\" referrerpolicy=\"strict-origin-when-cross-origin\" allowfullscreen><\/iframe><\/p>\n","protected":false},"excerpt":{"rendered":"<p>Erlebe ein galaxisumspannendes Abenteuer in Star Wars Jedi: Fallen Order, einem neuen 3rd Person Action-Adventure von Respawn Entertainment. In diesem storybasierten Singleplayer-Spiel schl\u00fcpfst du in die Rolle eines Jedi Padawans, der Order 66 und der Ausl\u00f6schung der Jedi nach den Ereignissen in Episode 3: Die Rache der Sith nur mit knapper Not entkam. Um den [&hellip;]<\/p>\n","protected":false},"featured_media":3518,"comment_status":"open","ping_status":"closed","template":"","meta":{"_acf_changed":false},"product_cat":[275],"product_tag":[],"acf":[],"jetpack_sharing_enabled":true,"_links":{"self":[{"href":"http:\/\/pc-direkthandel.de\/wordpress\/wp-json\/wp\/v2\/product\/3517"}],"collection":[{"href":"http:\/\/pc-direkthandel.de\/wordpress\/wp-json\/wp\/v2\/product"}],"about":[{"href":"http:\/\/pc-direkthandel.de\/wordpress\/wp-json\/wp\/v2\/types\/product"}],"replies":[{"embeddable":true,"href":"http:\/\/pc-direkthandel.de\/wordpress\/wp-json\/wp\/v2\/comments?post=3517"}],"wp:featuredmedia":[{"embeddable":true,"href":"http:\/\/pc-direkthandel.de\/wordpress\/wp-json\/wp\/v2\/media\/3518"}],"wp:attachment":[{"href":"http:\/\/pc-direkthandel.de\/wordpress\/wp-json\/wp\/v2\/media?parent=3517"}],"wp:term":[{"taxonomy":"product_cat","embeddable":true,"href":"http:\/\/pc-direkthandel.de\/wordpress\/wp-json\/wp\/v2\/product_cat?post=3517"},{"taxonomy":"product_tag","embeddable":true,"href":"http:\/\/pc-direkthandel.de\/wordpress\/wp-json\/wp\/v2\/product_tag?post=3517"}],"curies":[{"name":"wp","href":"https:\/\/api.w.org\/{rel}","templated":true}]}}