{"id":3511,"date":"2019-10-02T21:08:40","date_gmt":"2019-10-02T19:08:40","guid":{"rendered":"http:\/\/pc-direkthandel.de\/wordpress\/?post_type=product&#038;p=3511"},"modified":"2019-10-02T21:10:00","modified_gmt":"2019-10-02T19:10:00","slug":"need-for-speed-heat","status":"publish","type":"product","link":"http:\/\/pc-direkthandel.de\/wordpress\/product\/need-for-speed-heat\/","title":{"rendered":"Need for Speed Heat"},"content":{"rendered":"<p>Gib tags\u00fcber Gas und geh nachts aufs Ganze \u2013 in Need for Speed\u2122 Heat, einem atemberaubenden Streetracing-Erlebnis, in dem die Grenzen des Gesetzes verblassen, sobald die Sonne untergeht. Tags\u00fcber ist Palm City Gastgeber des Speedhunters Showdown. Hier kannst du in offiziellen Racing-Events Geld verdienen, um deine Hochleistungssportwagen zu tunen und aufzur\u00fcsten, bevor du dann nachts noch einen Gang h\u00f6her schaltest und dir in illegalen Stra\u00dfenrennen einen Ruf aufbaust, um Zugang zu gr\u00f6\u00dferen Rennen und besseren Teilen zu erhalten. Sieh dich aber vor \u2013 die Cops warten auf dich, und nicht alle von ihnen spielen fair.<\/p>\n<p>&nbsp;<\/p>\n<p>&nbsp;<\/p>\n","protected":false},"excerpt":{"rendered":"<p>Gib tags\u00fcber Gas und geh nachts aufs Ganze \u2013 in Need for Speed\u2122 Heat, einem atemberaubenden Streetracing-Erlebnis, in dem die Grenzen des Gesetzes verblassen, sobald die Sonne untergeht. Tags\u00fcber ist Palm City Gastgeber des Speedhunters Showdown. Hier kannst du in offiziellen Racing-Events Geld verdienen, um deine Hochleistungssportwagen zu tunen und aufzur\u00fcsten, bevor du dann nachts [&hellip;]<\/p>\n","protected":false},"featured_media":3512,"comment_status":"open","ping_status":"closed","template":"","meta":{"_acf_changed":false},"product_cat":[275],"product_tag":[],"acf":[],"jetpack_sharing_enabled":true,"_links":{"self":[{"href":"http:\/\/pc-direkthandel.de\/wordpress\/wp-json\/wp\/v2\/product\/3511"}],"collection":[{"href":"http:\/\/pc-direkthandel.de\/wordpress\/wp-json\/wp\/v2\/product"}],"about":[{"href":"http:\/\/pc-direkthandel.de\/wordpress\/wp-json\/wp\/v2\/types\/product"}],"replies":[{"embeddable":true,"href":"http:\/\/pc-direkthandel.de\/wordpress\/wp-json\/wp\/v2\/comments?post=3511"}],"wp:featuredmedia":[{"embeddable":true,"href":"http:\/\/pc-direkthandel.de\/wordpress\/wp-json\/wp\/v2\/media\/3512"}],"wp:attachment":[{"href":"http:\/\/pc-direkthandel.de\/wordpress\/wp-json\/wp\/v2\/media?parent=3511"}],"wp:term":[{"taxonomy":"product_cat","embeddable":true,"href":"http:\/\/pc-direkthandel.de\/wordpress\/wp-json\/wp\/v2\/product_cat?post=3511"},{"taxonomy":"product_tag","embeddable":true,"href":"http:\/\/pc-direkthandel.de\/wordpress\/wp-json\/wp\/v2\/product_tag?post=3511"}],"curies":[{"name":"wp","href":"https:\/\/api.w.org\/{rel}","templated":true}]}}