{"id":3509,"date":"2019-10-02T21:06:02","date_gmt":"2019-10-02T19:06:02","guid":{"rendered":"http:\/\/pc-direkthandel.de\/wordpress\/?post_type=product&#038;p=3509"},"modified":"2019-10-02T21:08:09","modified_gmt":"2019-10-02T19:08:09","slug":"sony-playstation-4-pro","status":"publish","type":"product","link":"http:\/\/pc-direkthandel.de\/wordpress\/product\/sony-playstation-4-pro\/","title":{"rendered":"SONY PlayStation 4 Pro"},"content":{"rendered":"<div class=\"formalpara\">\n<p class=\"title\"><span class=\"bold\"><strong>Spektakul\u00e4res Gaming und Entertainment<\/strong><\/span><\/p>\n<div class=\"para\">\n<p>Unvergleichlich lebendiges Gameplay, atemberaubend scharfe Filme und unglaubliche Details.<\/p>\n<\/div>\n<\/div>\n<div class=\"formalpara\">\n<p class=\"title\"><span class=\"bold\"><strong>Einzigartige Power<\/strong><\/span><\/p>\n<div class=\"para\">\n<p>PS4 Pro bietet innovative Technologie und liefert das schnellste, sch\u00e4rfste und fl\u00fcssigste Gaming-Erlebnis aller Zeiten.<\/p>\n<\/div>\n<\/div>\n<div class=\"formalpara\">\n<p class=\"title\"><span class=\"bold\"><strong>Leistung<\/strong><\/span><\/p>\n<div class=\"para\">\n<p>Dank der zus\u00e4tzlichen Power unter der Haube erwachen Spiele mit packenden Grafiken und unglaublich authentischen Details zum Leben.<\/p>\n<\/div>\n<\/div>\n<div class=\"formalpara\">\n<p class=\"title\"><span class=\"bold\"><strong>Geschwindigkeit<\/strong><\/span><\/p>\n<div class=\"para\">\n<p>Die schnelleren und stabileren Bildfrequenzen sorgen daf\u00fcr, dass die Action noch schneller und nahtloser und mit kristallklaren Bewegungen dargestellt wird.<\/p>\n<\/div>\n<\/div>\n<div class=\"formalpara\">\n<p class=\"title\"><span class=\"bold\"><strong>Gaming der n\u00e4chsten Stufe<\/strong><\/span><\/p>\n<div class=\"para\">\n<p>Auf einem 4K-Fernseher erreichen PS4-Spiele noch nie dagewesene visuelle Pr\u00e4zision. So wird zum Beispiel dank der Aufl\u00f6sung in 4K-Qualit\u00e4t auch das kleinste Detail in bemerkenswerter Sch\u00e4rfe angezeigt. Gemeinsam mit den beeindruckend lebendigen HDR-Farben erlebst du deine Abenteuer wie noch nie zuvor.<\/p>\n<\/div>\n<\/div>\n<div class=\"formalpara\">\n<p class=\"title\"><span class=\"bold\"><strong>Unglaubliches Entertainment<\/strong><\/span><\/p>\n<div class=\"para\">\n<p>Stream die besten Filme, beliebtesten TV-Serien und neuesten Videos mit bis zu 4K-Aufl\u00f6sung von Netflix, YouTube und vielen anderen demn\u00e4chst erh\u00e4ltlichen Entertainment-Apps \u2013 nat\u00fcrlich immer mit automatischem Upscaling f\u00fcr die bestm\u00f6gliche Bildqualit\u00e4t.<\/p>\n<\/div>\n<\/div>\n<div class=\"formalpara\">\n<p class=\"title\"><span class=\"bold\"><strong>Noch mehr Verbindungsm\u00f6glichkeiten<\/strong><\/span><\/p>\n<div class=\"para\">\n<div class=\"itemizedlist\">\n<ul class=\"itemizedlist\">\n<li class=\"listitem\">1080 p Share Play: Lass deine Freunde deine Spiele in atemberaubender Aufl\u00f6sung erleben<\/li>\n<li class=\"listitem\">1080 p Remote Play: Stream deine Spiele mit unerreichter Detailvielfalt auf alle deine kompatiblen Ger\u00e4ten<\/li>\n<li class=\"listitem\">Erweitertes WLAN: W\u00e4hl je nach deiner Breitband-Geschwindigkeit zwischen Modi mit 2,4 GHz oder 5 GHz<\/li>\n<\/ul>\n<\/div>\n<\/div>\n<\/div>\n","protected":false},"excerpt":{"rendered":"<p>Spektakul\u00e4res Gaming und Entertainment Unvergleichlich lebendiges Gameplay, atemberaubend scharfe Filme und unglaubliche Details. Einzigartige Power PS4 Pro bietet innovative Technologie und liefert das schnellste, sch\u00e4rfste und fl\u00fcssigste Gaming-Erlebnis aller Zeiten. Leistung Dank der zus\u00e4tzlichen Power unter der Haube erwachen Spiele mit packenden Grafiken und unglaublich authentischen Details zum Leben. Geschwindigkeit Die schnelleren und stabileren Bildfrequenzen [&hellip;]<\/p>\n","protected":false},"featured_media":3510,"comment_status":"open","ping_status":"closed","template":"","meta":{"_acf_changed":false},"product_cat":[277],"product_tag":[],"acf":[],"jetpack_sharing_enabled":true,"_links":{"self":[{"href":"http:\/\/pc-direkthandel.de\/wordpress\/wp-json\/wp\/v2\/product\/3509"}],"collection":[{"href":"http:\/\/pc-direkthandel.de\/wordpress\/wp-json\/wp\/v2\/product"}],"about":[{"href":"http:\/\/pc-direkthandel.de\/wordpress\/wp-json\/wp\/v2\/types\/product"}],"replies":[{"embeddable":true,"href":"http:\/\/pc-direkthandel.de\/wordpress\/wp-json\/wp\/v2\/comments?post=3509"}],"wp:featuredmedia":[{"embeddable":true,"href":"http:\/\/pc-direkthandel.de\/wordpress\/wp-json\/wp\/v2\/media\/3510"}],"wp:attachment":[{"href":"http:\/\/pc-direkthandel.de\/wordpress\/wp-json\/wp\/v2\/media?parent=3509"}],"wp:term":[{"taxonomy":"product_cat","embeddable":true,"href":"http:\/\/pc-direkthandel.de\/wordpress\/wp-json\/wp\/v2\/product_cat?post=3509"},{"taxonomy":"product_tag","embeddable":true,"href":"http:\/\/pc-direkthandel.de\/wordpress\/wp-json\/wp\/v2\/product_tag?post=3509"}],"curies":[{"name":"wp","href":"https:\/\/api.w.org\/{rel}","templated":true}]}}