{"id":3507,"date":"2019-10-02T20:59:45","date_gmt":"2019-10-02T18:59:45","guid":{"rendered":"http:\/\/pc-direkthandel.de\/wordpress\/?post_type=product&#038;p=3507"},"modified":"2019-10-02T21:01:51","modified_gmt":"2019-10-02T19:01:51","slug":"ghost-recon-breakpoint","status":"publish","type":"product","link":"http:\/\/pc-direkthandel.de\/wordpress\/product\/ghost-recon-breakpoint\/","title":{"rendered":"Ghost Recon Breakpoint"},"content":{"rendered":"<p>Tom Clancys Ghost Recon Breakpoint ist ein Milit\u00e4r-Shooter, der in einer riesigen, gef\u00e4hrlichen und optisch \u00fcberw\u00e4ltigenden Welt angesiedelt ist. Das Spiel kann erstmalig alleine oder werden. Verletzt, verirrt, ohne Backup und gejagt von Ex-Ghosts k\u00e4mpfst du auf Auroa um dein \u00dcberleben. Schlie\u00dftigen Allianzen und entscheide, wie du den h\u00e4rtesten Gegner deiner Karriere besiegst: Die Wolves.<\/p>\n<div class=\"itemizedlist\">\n<ul class=\"itemizedlist\">\n<li class=\"listitem\">DER NACHFOLGER DES PREISGEKR\u00d6NTEN SPIELS TOM CLANCY&#8217;S GHOST RECON WILDLANDS<\/li>\n<li class=\"listitem\">SCHL\u00dcPFE IN DIE HAUT EINES GHOSTS, EINES ELITESOLDATEN DES US-SONDEREINSATZKOMMANDOS, DER HINTER FEINDLICHEN LINIEN GESTRANDET IST<\/li>\n<li class=\"listitem\">K\u00c4MPFE UM DEIN \u00dcBERLEBEN: STEILE H\u00c4NGE, EINSCHR\u00c4NKENDE VERLETZUNGEN UND PURE ERSCH\u00d6PFUNG SIND DIE NEUEN HERAUSFORDERUNGEN DIE DU BEW\u00c4LTIGEN MUSST<\/li>\n<li class=\"listitem\">GENIESSE EINE RIESIGE KAMPAGNE IN EINER VIELF\u00c4LTIGEN, FEINDLICHEN UND GEHEIMNISVOLLEN OFFENEN SPIELWELT<\/li>\n<li class=\"listitem\">ERSTELLE DEINEN GHOST UND W\u00c4HLE AUS TAUSENDEN VON ANPASSUNGSKOMBINATIONEN F\u00dcR DEINE AUSR\u00dcSTUNG UND FERTIGE, VERBESSERE UND ERWEITERE DEINE WAFFEN WIE DU SIE BRAUCHST<\/li>\n<li class=\"listitem\">EXPERIMENTIERE MIT DEM BRANDNEUEN KLASSENSYSTEM, WELCHES DIR V\u00d6LLIGE FREIHEIT GEW\u00c4HRT: OB LAUTLOS ALS PANTHER, ALS STURMSOLDAT ODER PR\u00c4ZISER SCHARFSCH\u00dcTZE &#8211; DIE ENTSCHEIDUNG LIEGT ALLEIN BEI DIR!<\/li>\n<li class=\"listitem\">BEHALTE DURCH DEN GETEILTEN SPIELFORTSCHRITT IMMER DENSELBEN CHARAKTER UND DEINE INDIVIDUELLEN ANPASSUNGEN UND VERBESSERE DEINEN SPIELFORTSCHRITT IM PVE UND PVP<\/li>\n<li class=\"listitem\">K\u00c4MPFE ALLEIN ODER IM TEAM. TRIFF DICH MIT DEINEM SQUAD IN DER KONTAKTZENTRALE UND SCHREITE GEMEINSAM DURCH DIE KAMPAGNE ODER GEGENEINANDER IN SPANNENDE PVP SCHLACHTEN<\/li>\n<li class=\"listitem\">ENTDECKE NOCH MEHR STORY, EVENTS UND RAIDS DIE DIR REGELM\u00c4SSIG NEUE ERLEBNISSE UND SPANNENDEN END-GAME-CONTENT ER\u00d6FFNEN<\/li>\n<\/ul>\n<\/div>\n<p><iframe loading=\"lazy\" title=\"GHOST RECON BREAKPOINT Trailer German Deutsch (2019)\" width=\"500\" height=\"281\" src=\"https:\/\/www.youtube.com\/embed\/iE7RLHS5Arg?feature=oembed\" frameborder=\"0\" allow=\"accelerometer; autoplay; clipboard-write; encrypted-media; gyroscope; picture-in-picture; web-share\" referrerpolicy=\"strict-origin-when-cross-origin\" allowfullscreen><\/iframe><\/p>\n","protected":false},"excerpt":{"rendered":"<p>Tom Clancys Ghost Recon Breakpoint ist ein Milit\u00e4r-Shooter, der in einer riesigen, gef\u00e4hrlichen und optisch \u00fcberw\u00e4ltigenden Welt angesiedelt ist. Das Spiel kann erstmalig alleine oder werden. Verletzt, verirrt, ohne Backup und gejagt von Ex-Ghosts k\u00e4mpfst du auf Auroa um dein \u00dcberleben. Schlie\u00dftigen Allianzen und entscheide, wie du den h\u00e4rtesten Gegner deiner Karriere besiegst: Die Wolves. [&hellip;]<\/p>\n","protected":false},"featured_media":3508,"comment_status":"open","ping_status":"closed","template":"","meta":{"_acf_changed":false},"product_cat":[275],"product_tag":[],"acf":[],"jetpack_sharing_enabled":true,"_links":{"self":[{"href":"http:\/\/pc-direkthandel.de\/wordpress\/wp-json\/wp\/v2\/product\/3507"}],"collection":[{"href":"http:\/\/pc-direkthandel.de\/wordpress\/wp-json\/wp\/v2\/product"}],"about":[{"href":"http:\/\/pc-direkthandel.de\/wordpress\/wp-json\/wp\/v2\/types\/product"}],"replies":[{"embeddable":true,"href":"http:\/\/pc-direkthandel.de\/wordpress\/wp-json\/wp\/v2\/comments?post=3507"}],"wp:featuredmedia":[{"embeddable":true,"href":"http:\/\/pc-direkthandel.de\/wordpress\/wp-json\/wp\/v2\/media\/3508"}],"wp:attachment":[{"href":"http:\/\/pc-direkthandel.de\/wordpress\/wp-json\/wp\/v2\/media?parent=3507"}],"wp:term":[{"taxonomy":"product_cat","embeddable":true,"href":"http:\/\/pc-direkthandel.de\/wordpress\/wp-json\/wp\/v2\/product_cat?post=3507"},{"taxonomy":"product_tag","embeddable":true,"href":"http:\/\/pc-direkthandel.de\/wordpress\/wp-json\/wp\/v2\/product_tag?post=3507"}],"curies":[{"name":"wp","href":"https:\/\/api.w.org\/{rel}","templated":true}]}}