{"id":3503,"date":"2019-10-02T20:56:17","date_gmt":"2019-10-02T18:56:17","guid":{"rendered":"http:\/\/pc-direkthandel.de\/wordpress\/?post_type=product&#038;p=3503"},"modified":"2019-10-02T20:57:50","modified_gmt":"2019-10-02T18:57:50","slug":"grid","status":"publish","type":"product","link":"http:\/\/pc-direkthandel.de\/wordpress\/product\/grid\/","title":{"rendered":"Grid"},"content":{"rendered":"<p>GRID steht f\u00fcr adrenalingetriebe f-an-Kopf-Rennen, in denen der Fahrstdn einer Ideallinie vorgegeben ist. Schreiben Sie ihre eigene Renn-Geschichte, und erobern Sie die Welt des Motorsports! Die GRID World Series fordert Sie auf, hinter dem Steuer der sch\u00f6nsten und legend\u00e4rsten Autos der Welt Platz zu nehmen und sich in adrenalingeladenen Rennen im Kampf um die Spitzenposition auf den waghalsigsten Pisten der Welt durchzusetzen. Die unterschiedlichen Fahrzeugklassen von GT \u00fcber Touring, Muscle-Cars und Stock-Car-Fahrzeugen lassen Ihren Puls hochschnellen und verwandeln Ihr Blut in den Adern zu kochendem Benzin, das die Zylinder Ihres Rennsportherzens zum Gl\u00fchen bringt.<\/p>\n<p>In den spektakul\u00e4ren Rennen f\u00e4ngt GRID jene filmreifen Momente ein, die ein wirklich packendes Rennen ausmachen, vom Einsetzen des Adrenalinrausch beim Erl\u00f6schen der Startlichter bis zum erl\u00f6senden Wink mit der karierten Flagge bei der Zieleinfahrt und dazwischen existiert nichts als geballte Action. Haarscharfe \u00dcberholman\u00f6ver, waghalsige Rempler und spektakul\u00e4re Karambolagen reihen sich in GRID fast nahtlos aneinander und lassen in ihrer Inszenierung selbst dramatischste Hollywood-Blockbuster wie Dreiradrennen wirken. Vernichtende Totalsch\u00e4den sind nicht nur Option sondern L\u00f6sung, wenn Ihre Gegner, unfaire Team-Kollegen oder ihr absoluter Erzrivale mit allen Mitteln versuchen, Sie und Ihr Team von Ihrem Weg zum verdienten Sieg und somit zum GRID-World-Series-Champion abzubringen.<\/p>\n<p>Die Fernando Alonso-Herausforderung: Er geh\u00f6rt zu den erfolgreichsten Rennfahrern der Neuzeit, unterst\u00fctzt GRID mit seiner umfangreichen Expertise und seinen Renault R26 k\u00f6nnen Spieler direkt im Game ausprobieren.<\/p>\n<p>GRID Day One Edition inklusive extra Download des Aston Martin Vantage GT4!<\/p>\n<p>Features:<\/p>\n<p>Die ikonischsten Fahrzeuge der Renngeschichte<\/p>\n<p>Rasen Sie mit aktuellen Rennwagen und beliebten Klassikern vom Porsche 911 RSR und Ferrari 488 GTE in der GT-Klasse bis zum Ford GT40 und Pontiac Firebird Modified und vielen weiteren<\/p>\n<p>12 fantastische Rennstrecken<\/p>\n<p>Erleben Sie eindrucksvolle Rennen auf legend\u00e4ren Stadtkursen sowie weltber\u00fchmte Rennstrecken wie Havana, Shanghai, Brands Hatch, Indianapolis und viele mehr<\/p>\n<p>Multiplayer &amp; Schadenssystem<\/p>\n<p>Springen Sie in ein Quick-Match oder erstellen Sie ein Online-Event, um mit bis zu 16 Spielern in \u00f6ffentlichen oder privaten Rennen anzutreten. Sch\u00e4den in GRID &#8211; sowohl bei Fahrern als auch bei KI-Rennfahrern &#8211; wirken sich nicht nur optisch, sondern auch auf die Handhabung der detaillierten Fahrzeuge aus.<\/p>\n<p>&nbsp;<\/p>\n<p>&nbsp;<\/p>\n","protected":false},"excerpt":{"rendered":"<p>GRID steht f\u00fcr adrenalingetriebe f-an-Kopf-Rennen, in denen der Fahrstdn einer Ideallinie vorgegeben ist. Schreiben Sie ihre eigene Renn-Geschichte, und erobern Sie die Welt des Motorsports! Die GRID World Series fordert Sie auf, hinter dem Steuer der sch\u00f6nsten und legend\u00e4rsten Autos der Welt Platz zu nehmen und sich in adrenalingeladenen Rennen im Kampf um die Spitzenposition [&hellip;]<\/p>\n","protected":false},"featured_media":3504,"comment_status":"open","ping_status":"closed","template":"","meta":{"_acf_changed":false},"product_cat":[275],"product_tag":[],"acf":[],"jetpack_sharing_enabled":true,"_links":{"self":[{"href":"http:\/\/pc-direkthandel.de\/wordpress\/wp-json\/wp\/v2\/product\/3503"}],"collection":[{"href":"http:\/\/pc-direkthandel.de\/wordpress\/wp-json\/wp\/v2\/product"}],"about":[{"href":"http:\/\/pc-direkthandel.de\/wordpress\/wp-json\/wp\/v2\/types\/product"}],"replies":[{"embeddable":true,"href":"http:\/\/pc-direkthandel.de\/wordpress\/wp-json\/wp\/v2\/comments?post=3503"}],"wp:featuredmedia":[{"embeddable":true,"href":"http:\/\/pc-direkthandel.de\/wordpress\/wp-json\/wp\/v2\/media\/3504"}],"wp:attachment":[{"href":"http:\/\/pc-direkthandel.de\/wordpress\/wp-json\/wp\/v2\/media?parent=3503"}],"wp:term":[{"taxonomy":"product_cat","embeddable":true,"href":"http:\/\/pc-direkthandel.de\/wordpress\/wp-json\/wp\/v2\/product_cat?post=3503"},{"taxonomy":"product_tag","embeddable":true,"href":"http:\/\/pc-direkthandel.de\/wordpress\/wp-json\/wp\/v2\/product_tag?post=3503"}],"curies":[{"name":"wp","href":"https:\/\/api.w.org\/{rel}","templated":true}]}}