{"id":3499,"date":"2019-10-02T20:52:49","date_gmt":"2019-10-02T18:52:49","guid":{"rendered":"http:\/\/pc-direkthandel.de\/wordpress\/?post_type=product&#038;p=3499"},"modified":"2019-10-02T20:54:12","modified_gmt":"2019-10-02T18:54:12","slug":"the-surge-2","status":"publish","type":"product","link":"http:\/\/pc-direkthandel.de\/wordpress\/product\/the-surge-2\/","title":{"rendered":"The Surge 2"},"content":{"rendered":"<p>Auf dem Weg nach Jericho City st\u00fcrzt dein Flugzeug aufgrund eines r\u00e4tselhaften Sturms ab und ande der Stadt notlanden. Wochen sp\u00e4ter erwachst du in einem verlassenen Gef\u00e4ngnis der Stadt. Gepanzerte Soldaten setzen das Kriegsrecht durch, Roboter laufen Amok und ein d\u00fcsterer, st\u00e4ndig wachsender Nanosturm braut sich \u00fcber der Stadt zusammen&#8230;<\/p>\n<p>Um zu \u00fcberleben, musst du die riesige, in Tr\u00fcmmern liegende Stadt Jericho City erkunden. In zahllosen ebenso brutalen wie gnadenlosen K\u00e4mpfen trittst du gegen schreckliche Gegner an, denen du Gliedma\u00dfen abtrennst, um ihnen ihre wertvolle Ausr\u00fcstung abzunehmen, die dich st\u00e4rker macht &#8211; so stark, dass du es selbst mit den gr\u00f6\u00dften Gefahren aufnehmen kannst, die in der Stadt auf dich lauern. Mit einem noch gr\u00f6\u00dferen Arsenal an Waffen, R\u00fcstungen, F\u00e4higkeiten, Implantaten und Drohnen kannst du deinen Charakter individuell ausr\u00fcsten und dich einer noch gr\u00f6\u00dferen und abwechslungsreicheren Welt voller Herausforderungen stellen &#8211; The Surge 2 fordert dich heraus, zu \u00fcberleben und gleichzeitig alle verborgenen Geheimnisse zu l\u00fcften.<\/p>\n<p>Features:<\/p>\n<div class=\"itemizedlist\">\n<ul class=\"itemizedlist\">\n<li class=\"listitem\">Brutaler, kompromissloser Nahkampf<\/li>\n<li class=\"listitem\">T\u00f6dliche Feinde und gigantische Endgegner<\/li>\n<li class=\"listitem\">Trenne dem Feind die Ausr\u00fcstungsteile ab, die du selbst haben willst<\/li>\n<li class=\"listitem\">Umfangreiche Charakterentwicklung mit vollen Anpassungsm\u00f6glichkeiten<\/li>\n<\/ul>\n<\/div>\n","protected":false},"excerpt":{"rendered":"<p>Auf dem Weg nach Jericho City st\u00fcrzt dein Flugzeug aufgrund eines r\u00e4tselhaften Sturms ab und ande der Stadt notlanden. Wochen sp\u00e4ter erwachst du in einem verlassenen Gef\u00e4ngnis der Stadt. Gepanzerte Soldaten setzen das Kriegsrecht durch, Roboter laufen Amok und ein d\u00fcsterer, st\u00e4ndig wachsender Nanosturm braut sich \u00fcber der Stadt zusammen&#8230; Um zu \u00fcberleben, musst du [&hellip;]<\/p>\n","protected":false},"featured_media":3500,"comment_status":"open","ping_status":"closed","template":"","meta":{"_acf_changed":false},"product_cat":[275],"product_tag":[],"acf":[],"jetpack_sharing_enabled":true,"_links":{"self":[{"href":"http:\/\/pc-direkthandel.de\/wordpress\/wp-json\/wp\/v2\/product\/3499"}],"collection":[{"href":"http:\/\/pc-direkthandel.de\/wordpress\/wp-json\/wp\/v2\/product"}],"about":[{"href":"http:\/\/pc-direkthandel.de\/wordpress\/wp-json\/wp\/v2\/types\/product"}],"replies":[{"embeddable":true,"href":"http:\/\/pc-direkthandel.de\/wordpress\/wp-json\/wp\/v2\/comments?post=3499"}],"wp:featuredmedia":[{"embeddable":true,"href":"http:\/\/pc-direkthandel.de\/wordpress\/wp-json\/wp\/v2\/media\/3500"}],"wp:attachment":[{"href":"http:\/\/pc-direkthandel.de\/wordpress\/wp-json\/wp\/v2\/media?parent=3499"}],"wp:term":[{"taxonomy":"product_cat","embeddable":true,"href":"http:\/\/pc-direkthandel.de\/wordpress\/wp-json\/wp\/v2\/product_cat?post=3499"},{"taxonomy":"product_tag","embeddable":true,"href":"http:\/\/pc-direkthandel.de\/wordpress\/wp-json\/wp\/v2\/product_tag?post=3499"}],"curies":[{"name":"wp","href":"https:\/\/api.w.org\/{rel}","templated":true}]}}