{"id":3494,"date":"2019-10-02T20:47:30","date_gmt":"2019-10-02T18:47:30","guid":{"rendered":"http:\/\/pc-direkthandel.de\/wordpress\/?post_type=product&#038;p=3494"},"modified":"2019-10-02T20:48:56","modified_gmt":"2019-10-02T18:48:56","slug":"control-2","status":"publish","type":"product","link":"http:\/\/pc-direkthandel.de\/wordpress\/product\/control-2\/","title":{"rendered":"Control"},"content":{"rendered":"<p>Nachdem eine \u00fcbernat\u00fcrliche Bedrohung eine geheime Agentur in New York \u00fcberf\u00e4llt, wirst du zum neuen Direktor und musst dich bem\u00fchen, die Kontrolle zur\u00fcckzuerlangen.<\/p>\n<p>Dieses \u00fcbernat\u00fcrliche Action-Abenteuer in der dritten Person ist das neue Werk von Remedy Entertainment. Deine Aufgabe ist es, eine Kombination aus \u00fcbernat\u00fcrlichen F\u00e4higkeiten, anpassbarer Ausr\u00fcstung und reaktiver Umgebung zu bew\u00e4ltigen, w\u00e4hrend du dir deinen Weg durch eine tiefe und unberechenbare Welt freik\u00e4mpfst.<\/p>\n<p>Control ist die Geschichte von Jesse Faden. Die Haupthandlung konzentriert sich auf ihre eigene Suche nach Antworten, w\u00e4hrend sie sich in ihre Rolle als Direktor eingew\u00f6hnt. Die Welt von Control hat ihre eigene Geschichte, wie auch die Verb\u00fcndeten, denen Jesse unterwegs begegnet. Nebenquests und Geheimnisse finden sich \u00fcberall. Jesse arbeitet mit anderen Agenten zusammen, entschl\u00fcsselt geheimnisvolle Botschaften und entdeckt seltsame Experimente.<\/p>\n<p>&nbsp;<\/p>\n<p>&nbsp;<\/p>\n","protected":false},"excerpt":{"rendered":"<p>Nachdem eine \u00fcbernat\u00fcrliche Bedrohung eine geheime Agentur in New York \u00fcberf\u00e4llt, wirst du zum neuen Direktor und musst dich bem\u00fchen, die Kontrolle zur\u00fcckzuerlangen. Dieses \u00fcbernat\u00fcrliche Action-Abenteuer in der dritten Person ist das neue Werk von Remedy Entertainment. Deine Aufgabe ist es, eine Kombination aus \u00fcbernat\u00fcrlichen F\u00e4higkeiten, anpassbarer Ausr\u00fcstung und reaktiver Umgebung zu bew\u00e4ltigen, w\u00e4hrend du [&hellip;]<\/p>\n","protected":false},"featured_media":3495,"comment_status":"open","ping_status":"closed","template":"","meta":{"_acf_changed":false},"product_cat":[275],"product_tag":[],"acf":[],"jetpack_sharing_enabled":true,"_links":{"self":[{"href":"http:\/\/pc-direkthandel.de\/wordpress\/wp-json\/wp\/v2\/product\/3494"}],"collection":[{"href":"http:\/\/pc-direkthandel.de\/wordpress\/wp-json\/wp\/v2\/product"}],"about":[{"href":"http:\/\/pc-direkthandel.de\/wordpress\/wp-json\/wp\/v2\/types\/product"}],"replies":[{"embeddable":true,"href":"http:\/\/pc-direkthandel.de\/wordpress\/wp-json\/wp\/v2\/comments?post=3494"}],"wp:featuredmedia":[{"embeddable":true,"href":"http:\/\/pc-direkthandel.de\/wordpress\/wp-json\/wp\/v2\/media\/3495"}],"wp:attachment":[{"href":"http:\/\/pc-direkthandel.de\/wordpress\/wp-json\/wp\/v2\/media?parent=3494"}],"wp:term":[{"taxonomy":"product_cat","embeddable":true,"href":"http:\/\/pc-direkthandel.de\/wordpress\/wp-json\/wp\/v2\/product_cat?post=3494"},{"taxonomy":"product_tag","embeddable":true,"href":"http:\/\/pc-direkthandel.de\/wordpress\/wp-json\/wp\/v2\/product_tag?post=3494"}],"curies":[{"name":"wp","href":"https:\/\/api.w.org\/{rel}","templated":true}]}}