{"id":3490,"date":"2019-10-02T20:42:39","date_gmt":"2019-10-02T18:42:39","guid":{"rendered":"http:\/\/pc-direkthandel.de\/wordpress\/?post_type=product&#038;p=3490"},"modified":"2019-10-02T20:44:07","modified_gmt":"2019-10-02T18:44:07","slug":"days-gone","status":"publish","type":"product","link":"http:\/\/pc-direkthandel.de\/wordpress\/product\/days-gone\/","title":{"rendered":"Days Gone"},"content":{"rendered":"<p>Zwischen dem \u00dcberleben und dem sicheren Tod steht nur dein Motorrad. Es ist dein stetiger Begleiter in diesem packenden Action-Adventure, das dich in eine schroffe und gnadenlose Wildnis entl\u00e4sst.<\/p>\n<p>Streife und k\u00e4mpfe dich durch ein todbringendes postpandemisches Amerika<\/p>\n<p>Hast du die F\u00e4higkeiten und den Mut , um den Schrecken dieser zerbrochenen Welt zu trotzen? Wirst du dieses riesige Open-World-Action-Adventure lebendig \u00fcberstehen?<\/p>\n<p>Schl\u00fcpfe in die schmutzbefleckten Stiefel des einstig ge\u00e4chteten Bikers und Kopfgeldj\u00e4gers Deacon St. John. Suche nach deiner Bestimmung in einem Land, das von Unheil und Verderben umgeben ist. Auf deiner Suche nach Baumaterialien f\u00fcr \u00fcberlebensnotwendige Gegenst\u00e4nde und Waffen durchstreifst du verlassene Siedlungen. Versuche, dein St\u00fcck vom Kuchen durch fairen Handel mit anderen \u00dcberleben zu ergattern &#8230; oder nutze die eher gewaltt\u00e4tigere Gangart.<\/p>\n<p>In Zeiten, in denen die Menschheit von einer globalen Pandemie zerr\u00fcttet wurde und gesch\u00e4ndete Kreaturen, die Freaker, umherziehen, k\u00f6nnte jeder Fehltritt dein letzter sein. Gib also acht und schreite mit Vorsicht in ein neues Leben, mitten in der verlassenen pazifischen Hochw\u00fcste im Nordwesten der Vereinigten Staaten.<\/p>\n<p><span class=\"bold\"><strong>Ein eindrucksvolles Szenario<\/strong><\/span><\/p>\n<p>Von sattgr\u00fcnen Wald- und Wiesenlandschaften zu frostig verschneiten Ebenen und unfruchtbaren Lavafeldern, der pazifische Nordwesten ist sowohl wundersch\u00f6n als auch t\u00f6dlich. Erkunde Gebirgsz\u00fcge, unterirdische H\u00f6hlensysteme, Bergwerke und kleine l\u00e4ndliche Siedlungen, welche von Jahrmillionen an vulkanischer Aktivit\u00e4t gezeichnet wurden.<\/p>\n<p><span class=\"bold\"><strong>Gnadenlose und brutale Gefechte<\/strong><\/span><\/p>\n<p>Grausame Banden und Freakerhorden ziehen durch das Land. Nutze deine Umgebung und anpassbare Fallen, Waffen und ausbaubare F\u00e4higkeiten, um am Leben zu bleiben. Lass nie dein Motorrad zur\u00fcck, denn es ist ein unabdingbares Hilfsmittel in diesen \u00fcberw\u00e4ltigenden und weitl\u00e4ufigen Gefilden.<\/p>\n<p><span class=\"bold\"><strong>Eine sich stetig wandelnde Umwelt<\/strong><\/span><\/p>\n<p>Schwing dich auf Deacons altbew\u00e4hrtes Motorrad und entdecke eine ungest\u00fcme Welt, die das Wetter, ein einschneidender Tag-Nacht-Wechsel und die Freaker ma\u00dfgeblich pr\u00e4gten. Letztere entwickeln sich stetig weiter und passen sich an ihre Umgebung und die Menschen darin an.<\/p>\n<p><span class=\"bold\"><strong>Eine beeindruckende Geschichte<\/strong><\/span><\/p>\n<p>Tauche ein in eine eindringliche Erz\u00e4hlung von Verzweiflung, Betrug und Bedauern. Erlebe Deacon St. Johns Suche nach Hoffnung im Angesicht eines tiefgreifenden pers\u00f6nlichen Verlusts. Wie definiert man Menschlichkeit, wenn jeder Tag ein Kampf ums \u00dcberleben ist?<\/p>\n","protected":false},"excerpt":{"rendered":"<p>Zwischen dem \u00dcberleben und dem sicheren Tod steht nur dein Motorrad. Es ist dein stetiger Begleiter in diesem packenden Action-Adventure, das dich in eine schroffe und gnadenlose Wildnis entl\u00e4sst. Streife und k\u00e4mpfe dich durch ein todbringendes postpandemisches Amerika Hast du die F\u00e4higkeiten und den Mut , um den Schrecken dieser zerbrochenen Welt zu trotzen? Wirst [&hellip;]<\/p>\n","protected":false},"featured_media":3491,"comment_status":"open","ping_status":"closed","template":"","meta":{"_acf_changed":false},"product_cat":[275],"product_tag":[],"acf":[],"jetpack_sharing_enabled":true,"_links":{"self":[{"href":"http:\/\/pc-direkthandel.de\/wordpress\/wp-json\/wp\/v2\/product\/3490"}],"collection":[{"href":"http:\/\/pc-direkthandel.de\/wordpress\/wp-json\/wp\/v2\/product"}],"about":[{"href":"http:\/\/pc-direkthandel.de\/wordpress\/wp-json\/wp\/v2\/types\/product"}],"replies":[{"embeddable":true,"href":"http:\/\/pc-direkthandel.de\/wordpress\/wp-json\/wp\/v2\/comments?post=3490"}],"wp:featuredmedia":[{"embeddable":true,"href":"http:\/\/pc-direkthandel.de\/wordpress\/wp-json\/wp\/v2\/media\/3491"}],"wp:attachment":[{"href":"http:\/\/pc-direkthandel.de\/wordpress\/wp-json\/wp\/v2\/media?parent=3490"}],"wp:term":[{"taxonomy":"product_cat","embeddable":true,"href":"http:\/\/pc-direkthandel.de\/wordpress\/wp-json\/wp\/v2\/product_cat?post=3490"},{"taxonomy":"product_tag","embeddable":true,"href":"http:\/\/pc-direkthandel.de\/wordpress\/wp-json\/wp\/v2\/product_tag?post=3490"}],"curies":[{"name":"wp","href":"https:\/\/api.w.org\/{rel}","templated":true}]}}