{"id":3488,"date":"2019-10-02T20:40:45","date_gmt":"2019-10-02T18:40:45","guid":{"rendered":"http:\/\/pc-direkthandel.de\/wordpress\/?post_type=product&#038;p=3488"},"modified":"2019-10-02T20:42:17","modified_gmt":"2019-10-02T18:42:17","slug":"judgment","status":"publish","type":"product","link":"http:\/\/pc-direkthandel.de\/wordpress\/product\/judgment\/","title":{"rendered":"Judgment"},"content":{"rendered":"<p>Er k\u00e4mpft f\u00fcr die Machtlosen, die Hilflosen und die Schutzlosen &#8211; oder doch nur f\u00fcr seine Ehre? Einst war Takayuki Yagami ein aufstrebender Rechtsanwalt, jetzt ein Privatdetektiv, der nach Gerechtigkeit sucht. Er begibt sich auf die Spuren des Serienkillers, der ihm seine Karriere kostete. Mit seinen au\u00dfergew\u00f6hnlichen F\u00e4higkeiten im Gerichtssaal verhalf er einst dem T\u00e4ter zur Freiheit, doch nun versucht er, ihn zu schnappen &#8211; einzig und allein bewaffnet mit seinen blo\u00dfen Idealen und \u00dcberzeugungen von Gerechtigkeit.<\/p>\n<p><span class=\"bold\"><strong>Features:<\/strong><\/span><\/p>\n<p>Enth\u00fclle die Wahrheit &#8211; Yagami nutzt seine Ermittler F\u00e4higkeiten, um Tatorte zu erkunden und Hinweise zu finden, um diese dem Gericht zu pr\u00e4sentieren. Zum Gl\u00fcck ist Yagami sportlich, denn es ist viel Beinarbeit n\u00f6tig, um die T\u00e4ter zu fassen!<\/p>\n<p>Stylisch und gehaltvoll &#8211; Takayuki Yagami beherrscht verschiedene Kampfk\u00fcnste. So bek\u00e4mpft er mit seinem Kranichstil mehrere Feinde auf einmal oder nutzt den Tigerstil in erbitterten Duellen. Beinahe alle seine EX-Actions wurden von Grund auf erschaffen, um seinen \u00fcberragenden Kampfk\u00fcnsten gerecht zu werden.<\/p>\n<p>Star Power &#8211; Takayuki Yagami wird vom japanischen Schauspieler Takuya Kimura gesprochen, welcher mit insgesamt \u00fcber 1.000 Minuten an Sprachaufnahmen den Charakter zum Leben erweckt. Judgment revolutioniert, was es hei\u00dft, einem Charakter Leben einzuhauchen.<\/p>\n<p>EFIGS f\u00fcr Alle &#8211; Judgment wird ein englisches und japanisches Voice-Over erhalten sowie Untertitel in Deutsch, Englisch, Franz\u00f6sisch, Italienisch und Spanisch. Synchronsprecher sind unter anderem Greg Chung, Crispin Freeman, Matthew Mercer, Yuri Lowenthal und Cherami Leigh. Es ist der erste Titel aus dem Hause Ryu Ga Gotoku Studio, SEGA widmet sich mit vollem Einsatz der Mission, das beste Erlebnis f\u00fcr Fans und Neulinge auf der ganzen Welt zu schaffen.<\/p>\n<p>Neues Kamurocho, neue Minispiele &#8211; Kamurocho hat sich seit Yakuza 6: Song of Life deutlich entwickelt und bietet eine Reihe neuer Minispiele. Der Shooter Kamurocho of the Dead, Drone Racing, Pinball und Dice and Cube &#8211; ein VR Brettspiel -, sind nur ein paar der neuen Minispiele im modernen Kamurocho. Es kehren auch einige bereits bekannte Minispiele wie Puyo Puyo und Virtua Fighter 5: Final Showdown zur\u00fcck, neben neuen Arcadespielen wie Fighthing Vipers und Motor Raid.<\/p>\n<p>Enth\u00e4lt ein Wendecover mit japanischem Cover-Motiv und einem Ryu Ga Gotoku Studio.<\/p>\n<p>&nbsp;<\/p>\n","protected":false},"excerpt":{"rendered":"<p>Er k\u00e4mpft f\u00fcr die Machtlosen, die Hilflosen und die Schutzlosen &#8211; oder doch nur f\u00fcr seine Ehre? Einst war Takayuki Yagami ein aufstrebender Rechtsanwalt, jetzt ein Privatdetektiv, der nach Gerechtigkeit sucht. Er begibt sich auf die Spuren des Serienkillers, der ihm seine Karriere kostete. Mit seinen au\u00dfergew\u00f6hnlichen F\u00e4higkeiten im Gerichtssaal verhalf er einst dem T\u00e4ter [&hellip;]<\/p>\n","protected":false},"featured_media":3489,"comment_status":"open","ping_status":"closed","template":"","meta":{"_acf_changed":false},"product_cat":[275],"product_tag":[],"acf":[],"jetpack_sharing_enabled":true,"_links":{"self":[{"href":"http:\/\/pc-direkthandel.de\/wordpress\/wp-json\/wp\/v2\/product\/3488"}],"collection":[{"href":"http:\/\/pc-direkthandel.de\/wordpress\/wp-json\/wp\/v2\/product"}],"about":[{"href":"http:\/\/pc-direkthandel.de\/wordpress\/wp-json\/wp\/v2\/types\/product"}],"replies":[{"embeddable":true,"href":"http:\/\/pc-direkthandel.de\/wordpress\/wp-json\/wp\/v2\/comments?post=3488"}],"wp:featuredmedia":[{"embeddable":true,"href":"http:\/\/pc-direkthandel.de\/wordpress\/wp-json\/wp\/v2\/media\/3489"}],"wp:attachment":[{"href":"http:\/\/pc-direkthandel.de\/wordpress\/wp-json\/wp\/v2\/media?parent=3488"}],"wp:term":[{"taxonomy":"product_cat","embeddable":true,"href":"http:\/\/pc-direkthandel.de\/wordpress\/wp-json\/wp\/v2\/product_cat?post=3488"},{"taxonomy":"product_tag","embeddable":true,"href":"http:\/\/pc-direkthandel.de\/wordpress\/wp-json\/wp\/v2\/product_tag?post=3488"}],"curies":[{"name":"wp","href":"https:\/\/api.w.org\/{rel}","templated":true}]}}