{"id":3486,"date":"2019-10-02T20:39:11","date_gmt":"2019-10-02T18:39:11","guid":{"rendered":"http:\/\/pc-direkthandel.de\/wordpress\/?post_type=product&#038;p=3486"},"modified":"2019-10-02T20:40:32","modified_gmt":"2019-10-02T18:40:32","slug":"wolfenstein-cyberpilot-vr","status":"publish","type":"product","link":"http:\/\/pc-direkthandel.de\/wordpress\/product\/wolfenstein-cyberpilot-vr\/","title":{"rendered":"Wolfenstein Cyberpilot VR"},"content":{"rendered":"<p>Wolfenstein: Cyberpilot bringt die Revolution gegen das Regime in die virtuelle Realit\u00e4t.<\/p>\n<p>Paris. 1980. Sie sind der beste Hacker der Stadt. Ihre Mission: die franz\u00f6sischen Rsistance zu unterst\u00fctzen und die Stadt der Liebe aus den gierigen Regimeklauen zu befreien. Hacken Sie sich unter anderem in einen feuerspuckenden Panzerhund, um den Regimestreitkr\u00e4ften im wahrsten Sinne des Wortes Feuer unterm Arsch zu machen. Machen Sie sich bereit, Cyberpilot. Sie geh\u00f6ren jetzt zu uns.<\/p>\n<p>&nbsp;<\/p>\n<p>&nbsp;<\/p>\n","protected":false},"excerpt":{"rendered":"<p>Wolfenstein: Cyberpilot bringt die Revolution gegen das Regime in die virtuelle Realit\u00e4t. Paris. 1980. Sie sind der beste Hacker der Stadt. Ihre Mission: die franz\u00f6sischen Rsistance zu unterst\u00fctzen und die Stadt der Liebe aus den gierigen Regimeklauen zu befreien. Hacken Sie sich unter anderem in einen feuerspuckenden Panzerhund, um den Regimestreitkr\u00e4ften im wahrsten Sinne des [&hellip;]<\/p>\n","protected":false},"featured_media":3487,"comment_status":"open","ping_status":"closed","template":"","meta":{"_acf_changed":false},"product_cat":[275],"product_tag":[],"acf":[],"jetpack_sharing_enabled":true,"_links":{"self":[{"href":"http:\/\/pc-direkthandel.de\/wordpress\/wp-json\/wp\/v2\/product\/3486"}],"collection":[{"href":"http:\/\/pc-direkthandel.de\/wordpress\/wp-json\/wp\/v2\/product"}],"about":[{"href":"http:\/\/pc-direkthandel.de\/wordpress\/wp-json\/wp\/v2\/types\/product"}],"replies":[{"embeddable":true,"href":"http:\/\/pc-direkthandel.de\/wordpress\/wp-json\/wp\/v2\/comments?post=3486"}],"wp:featuredmedia":[{"embeddable":true,"href":"http:\/\/pc-direkthandel.de\/wordpress\/wp-json\/wp\/v2\/media\/3487"}],"wp:attachment":[{"href":"http:\/\/pc-direkthandel.de\/wordpress\/wp-json\/wp\/v2\/media?parent=3486"}],"wp:term":[{"taxonomy":"product_cat","embeddable":true,"href":"http:\/\/pc-direkthandel.de\/wordpress\/wp-json\/wp\/v2\/product_cat?post=3486"},{"taxonomy":"product_tag","embeddable":true,"href":"http:\/\/pc-direkthandel.de\/wordpress\/wp-json\/wp\/v2\/product_tag?post=3486"}],"curies":[{"name":"wp","href":"https:\/\/api.w.org\/{rel}","templated":true}]}}