{"id":3484,"date":"2019-10-02T20:37:08","date_gmt":"2019-10-02T18:37:08","guid":{"rendered":"http:\/\/pc-direkthandel.de\/wordpress\/?post_type=product&#038;p=3484"},"modified":"2019-10-02T20:38:53","modified_gmt":"2019-10-02T18:38:53","slug":"wolfenstein-youngblood-deluxe-edition-2","status":"publish","type":"product","link":"http:\/\/pc-direkthandel.de\/wordpress\/product\/wolfenstein-youngblood-deluxe-edition-2\/","title":{"rendered":"Wolfenstein Youngblood (Deluxe Edition)"},"content":{"rendered":"<p>Wir schreiben das Jahr 1980.<\/p>\n<p>19 Jahre nachdem B.J. Blazkowicz die zweite Amerikanische Revolution losgetreten hat, gibt sich in Wolfenstein: Youngblood die n\u00e4chste Blazkowicz-Generation die Ehre und auch diese k\u00e4mpft mit aller Macht gegen das Regime.<\/p>\n<p>\u00dcbernehmen Sie die Rolle einer der beiden Zwillingst\u00f6chter von B.J., Jess und Soph, und suchen Sie im vom Regime unterdr\u00fcckten Paris nach Ihrem vermissten Vater.<\/p>\n<p>&nbsp;<\/p>\n","protected":false},"excerpt":{"rendered":"<p>Wir schreiben das Jahr 1980. 19 Jahre nachdem B.J. Blazkowicz die zweite Amerikanische Revolution losgetreten hat, gibt sich in Wolfenstein: Youngblood die n\u00e4chste Blazkowicz-Generation die Ehre und auch diese k\u00e4mpft mit aller Macht gegen das Regime. \u00dcbernehmen Sie die Rolle einer der beiden Zwillingst\u00f6chter von B.J., Jess und Soph, und suchen Sie im vom Regime [&hellip;]<\/p>\n","protected":false},"featured_media":3485,"comment_status":"open","ping_status":"closed","template":"","meta":{"_acf_changed":false},"product_cat":[275],"product_tag":[],"acf":[],"jetpack_sharing_enabled":true,"_links":{"self":[{"href":"http:\/\/pc-direkthandel.de\/wordpress\/wp-json\/wp\/v2\/product\/3484"}],"collection":[{"href":"http:\/\/pc-direkthandel.de\/wordpress\/wp-json\/wp\/v2\/product"}],"about":[{"href":"http:\/\/pc-direkthandel.de\/wordpress\/wp-json\/wp\/v2\/types\/product"}],"replies":[{"embeddable":true,"href":"http:\/\/pc-direkthandel.de\/wordpress\/wp-json\/wp\/v2\/comments?post=3484"}],"wp:featuredmedia":[{"embeddable":true,"href":"http:\/\/pc-direkthandel.de\/wordpress\/wp-json\/wp\/v2\/media\/3485"}],"wp:attachment":[{"href":"http:\/\/pc-direkthandel.de\/wordpress\/wp-json\/wp\/v2\/media?parent=3484"}],"wp:term":[{"taxonomy":"product_cat","embeddable":true,"href":"http:\/\/pc-direkthandel.de\/wordpress\/wp-json\/wp\/v2\/product_cat?post=3484"},{"taxonomy":"product_tag","embeddable":true,"href":"http:\/\/pc-direkthandel.de\/wordpress\/wp-json\/wp\/v2\/product_tag?post=3484"}],"curies":[{"name":"wp","href":"https:\/\/api.w.org\/{rel}","templated":true}]}}