{"id":3480,"date":"2019-10-02T20:33:22","date_gmt":"2019-10-02T18:33:22","guid":{"rendered":"http:\/\/pc-direkthandel.de\/wordpress\/?post_type=product&#038;p=3480"},"modified":"2019-10-02T20:34:55","modified_gmt":"2019-10-02T18:34:55","slug":"pes-2020-pro-evolution-soccer","status":"publish","type":"product","link":"http:\/\/pc-direkthandel.de\/wordpress\/product\/pes-2020-pro-evolution-soccer\/","title":{"rendered":"PES 2020 (Pro Evolution Soccer)"},"content":{"rendered":"<p>Als Neuheit in PES 2020 ist unter anderem Finesse Dribble eine fortschrittliche Technik mit der ihre Nutzer die Bewegungen ihrer Gegner an\u00f6omit schl\u00e4ngelt man sich mit au\u00dfergew\u00f6hnlicher Agilit\u00e4t zwischen die Verteidiger hindurch.<\/p>\n<div class=\"itemizedlist\">\n<ul class=\"itemizedlist\">\n<li class=\"listitem\">Die Ballannahme ist im Fu\u00dfball so etwas wie eine Kunst. Und so wie keine zwei K\u00fcnstler ein Portr\u00e4t auf die gleiche Weise malen w\u00fcrden, haben viele Spieler ihre eigene, einzigartige Art, um in den Ballbesitz zu kommen. Eine Handvoll neuer Fertigkeiten wird ebenfalls verf\u00fcgbar sein: Darunter No Touch Control, mit dem der Spieler einen ankommenden Ball ohne Ber\u00fchrung durchl\u00e4sst und Trick Trap, eine Fertigkeit, mit der eine Laufrichtung vorget\u00e4uscht werden kann, bevor sich der Spieler geschickt in eine andere Richtung abwendet.<\/li>\n<li class=\"listitem\">Wenn die Offensive in das letzte Spielfelddrittel vordringt, kann der Strafraum so etwas wie ein Bollwerk der Verteidigung werden. Zu den Verbesserungen z\u00e4hlen zus\u00e4tzliche Animationen bei Gr\u00e4tschen, realistischere Animationen, wenn der Ball mit dem Kopf gekl\u00e4rt wird, sowie die Option, mit einem vors\u00e4tzlichen Foul eine ansonsten aussichtlose Situation zu kl\u00e4ren.<\/li>\n<li class=\"listitem\">Technisch versierte Fu\u00dfballfans k\u00f6nnen au\u00dferdem von einem fein abgestimmten Ballkontrollsystem profitieren, das es ihnen erm\u00f6glicht, den Ball dank des Einsatzes verschiedener Fu\u00dfbereiche mit mehr Geschicklichkeit zu steuern.<\/li>\n<li class=\"listitem\">Mit der Erweiterung um ein adaptives Spielerinteraktionssystem, das durch die neue Inspire-Charakteristik realisiert wurde, k\u00f6nnen die Fans Spielerpers\u00f6nlichkeiten auf dem Feld mit beispiellosem Realismus bewundern.<\/li>\n<li class=\"listitem\">Der einzigartige Fu\u00dfballstil von Ronaldinho, der weltweit als einer der unterhaltsamsten Spieler des Sports bekannt ist, kommt in gro\u00dfem Stil zu PES 2020. Die Einf\u00fchrung mehrerer neuer, von Ronaldinho inspirierter Animationen bedeutet, dass du dich endlich wie er selbst bewegen kannst, indem du mit seinem unvergleichlichen technischen Flair und flinken Bewegungen die Verteidiger stehen l\u00e4sst.<\/li>\n<li class=\"listitem\">PES 2020 macht nicht nur einen gro\u00dfen Sprung in Sachen Gameplay, es bringt auch eine Vielzahl von visuellen Verbesserungen um das Erlebnis im Spiel und in den Men\u00fcs zu steigern.<\/li>\n<li class=\"listitem\">3D-Ganzk\u00f6rperscans von verschiedenen Spielern wurden durchgef\u00fchrt, um Spielermodellen in PES 2020 eine neue Dimension des Fotorealismus zu verleihen.<\/li>\n<li class=\"listitem\">Der brandneue Matchday-Modus bietet mehr als nur das Schauspiel der gr\u00f6\u00dften Fu\u00dfballspiele und der ber\u00fcchtigsten Rivalit\u00e4ten es bringt die Essenz der Fu\u00dfballkultur in ein Wettbewerbsformat, das dich aus der Zuschauerperspektive direkt auf den Rasen bringt. Entscheide dich zu Beginn jedes Events f\u00fcr eine der beiden Seiten, wobei jeder perfekt platzierte Pass und jedes Traumtor zum Sieg deiner Mannschaft beitr\u00e4gt. Steht zusammen und unterst\u00fctzt am Spieltag euer Team!<\/li>\n<\/ul>\n<\/div>\n<p>&nbsp;<\/p>\n","protected":false},"excerpt":{"rendered":"<p>Als Neuheit in PES 2020 ist unter anderem Finesse Dribble eine fortschrittliche Technik mit der ihre Nutzer die Bewegungen ihrer Gegner an\u00f6omit schl\u00e4ngelt man sich mit au\u00dfergew\u00f6hnlicher Agilit\u00e4t zwischen die Verteidiger hindurch. Die Ballannahme ist im Fu\u00dfball so etwas wie eine Kunst. Und so wie keine zwei K\u00fcnstler ein Portr\u00e4t auf die gleiche Weise malen [&hellip;]<\/p>\n","protected":false},"featured_media":3481,"comment_status":"open","ping_status":"closed","template":"","meta":{"_acf_changed":false},"product_cat":[275],"product_tag":[],"acf":[],"jetpack_sharing_enabled":true,"_links":{"self":[{"href":"http:\/\/pc-direkthandel.de\/wordpress\/wp-json\/wp\/v2\/product\/3480"}],"collection":[{"href":"http:\/\/pc-direkthandel.de\/wordpress\/wp-json\/wp\/v2\/product"}],"about":[{"href":"http:\/\/pc-direkthandel.de\/wordpress\/wp-json\/wp\/v2\/types\/product"}],"replies":[{"embeddable":true,"href":"http:\/\/pc-direkthandel.de\/wordpress\/wp-json\/wp\/v2\/comments?post=3480"}],"wp:featuredmedia":[{"embeddable":true,"href":"http:\/\/pc-direkthandel.de\/wordpress\/wp-json\/wp\/v2\/media\/3481"}],"wp:attachment":[{"href":"http:\/\/pc-direkthandel.de\/wordpress\/wp-json\/wp\/v2\/media?parent=3480"}],"wp:term":[{"taxonomy":"product_cat","embeddable":true,"href":"http:\/\/pc-direkthandel.de\/wordpress\/wp-json\/wp\/v2\/product_cat?post=3480"},{"taxonomy":"product_tag","embeddable":true,"href":"http:\/\/pc-direkthandel.de\/wordpress\/wp-json\/wp\/v2\/product_tag?post=3480"}],"curies":[{"name":"wp","href":"https:\/\/api.w.org\/{rel}","templated":true}]}}