{"id":3473,"date":"2019-10-02T20:26:17","date_gmt":"2019-10-02T18:26:17","guid":{"rendered":"http:\/\/pc-direkthandel.de\/wordpress\/?post_type=product&#038;p=3473"},"modified":"2019-10-02T20:28:03","modified_gmt":"2019-10-02T18:28:03","slug":"kingdom-hearts-3","status":"publish","type":"product","link":"http:\/\/pc-direkthandel.de\/wordpress\/product\/kingdom-hearts-3\/","title":{"rendered":"Kingdom Hearts 3"},"content":{"rendered":"<p>Kingdom Hearts III erz\u00e4hlt eine Geschichte von der Macht der Freundschaft und dem Kampf von Licht gegen Dunkelheit. Der junge Held Sora muss sich mit seinen Freunden Donald Duck und Goofy auf ein gef\u00e4hrliches Abenteuer durch zahlreiche Disney- und Pixarwelten begeben und die Hilfe vieler bekannter Charaktere ersuchen, um die sieben H\u00fcter des Lichts ausfindig zu machen. Nur mit ihrer Hilfe k\u00f6nnen sie den b\u00f6sen Xehanort stoppen, der die Welt ins Dunkel st\u00fcrzen will.<\/p>\n<p>&nbsp;<\/p>\n","protected":false},"excerpt":{"rendered":"<p>Kingdom Hearts III erz\u00e4hlt eine Geschichte von der Macht der Freundschaft und dem Kampf von Licht gegen Dunkelheit. Der junge Held Sora muss sich mit seinen Freunden Donald Duck und Goofy auf ein gef\u00e4hrliches Abenteuer durch zahlreiche Disney- und Pixarwelten begeben und die Hilfe vieler bekannter Charaktere ersuchen, um die sieben H\u00fcter des Lichts ausfindig [&hellip;]<\/p>\n","protected":false},"featured_media":3474,"comment_status":"open","ping_status":"closed","template":"","meta":{"_acf_changed":false},"product_cat":[275],"product_tag":[],"acf":[],"jetpack_sharing_enabled":true,"_links":{"self":[{"href":"http:\/\/pc-direkthandel.de\/wordpress\/wp-json\/wp\/v2\/product\/3473"}],"collection":[{"href":"http:\/\/pc-direkthandel.de\/wordpress\/wp-json\/wp\/v2\/product"}],"about":[{"href":"http:\/\/pc-direkthandel.de\/wordpress\/wp-json\/wp\/v2\/types\/product"}],"replies":[{"embeddable":true,"href":"http:\/\/pc-direkthandel.de\/wordpress\/wp-json\/wp\/v2\/comments?post=3473"}],"wp:featuredmedia":[{"embeddable":true,"href":"http:\/\/pc-direkthandel.de\/wordpress\/wp-json\/wp\/v2\/media\/3474"}],"wp:attachment":[{"href":"http:\/\/pc-direkthandel.de\/wordpress\/wp-json\/wp\/v2\/media?parent=3473"}],"wp:term":[{"taxonomy":"product_cat","embeddable":true,"href":"http:\/\/pc-direkthandel.de\/wordpress\/wp-json\/wp\/v2\/product_cat?post=3473"},{"taxonomy":"product_tag","embeddable":true,"href":"http:\/\/pc-direkthandel.de\/wordpress\/wp-json\/wp\/v2\/product_tag?post=3473"}],"curies":[{"name":"wp","href":"https:\/\/api.w.org\/{rel}","templated":true}]}}