{"id":3461,"date":"2019-10-02T13:18:56","date_gmt":"2019-10-02T11:18:56","guid":{"rendered":"http:\/\/pc-direkthandel.de\/wordpress\/?post_type=product&#038;p=3461"},"modified":"2019-10-02T13:22:08","modified_gmt":"2019-10-02T11:22:08","slug":"sony-playstation-4-slim-fifa-20","status":"publish","type":"product","link":"http:\/\/pc-direkthandel.de\/wordpress\/product\/sony-playstation-4-slim-fifa-20\/","title":{"rendered":"SONY PlayStation 4 Slim &#8222;FIFA 20&#8220;"},"content":{"rendered":"<div class=\"formalpara\">\n<div class=\"para\">\n<p><span class=\"bold\"><strong>Hol dir eine kleinere, schlankere PS4 und erlebe die fantastische Gaming-Power f\u00fcr die Spieler.<\/strong><\/span><\/p>\n<p>&nbsp;<\/p>\n<\/div>\n<\/div>\n<div class=\"formalpara\">\n<p class=\"title\"><span class=\"bold\"><strong>Highlights<\/strong><\/span><\/p>\n<div class=\"para\">\n<div class=\"itemizedlist\">\n<ul class=\"itemizedlist\">\n<li class=\"listitem\">unglaubliche HDR-Grafik liefert atemberaubende Farben<\/li>\n<li class=\"listitem\">\u00dcber die neue, intuitive Benutzeroberfl\u00e4che kannst du deine Spiele und Apps verwalten und Inhalte mit deinen Freunden teilen.<\/li>\n<li class=\"listitem\">Modelle mit 500 GB oder 1 TB versorgen dich mit gen\u00fcgend Speicherplatz f\u00fcr deine Spiele, Apps, Screenshots und Videos<\/li>\n<li class=\"listitem\">\u00dcber coole Entertainments-Apps stehen dir die besten Fernsehserien, Filme und vieles mehr zur Verf\u00fcgung.<\/li>\n<\/ul>\n<\/div>\n<\/div>\n<\/div>\n<div class=\"formalpara\">\n<p class=\"title\"><span class=\"bold\"><strong>Einzigartige Kontrolle<\/strong><\/span><\/p>\n<div class=\"para\">\n<p>Wir haben dem DUALSHOCK 4 Wireless-Controller einen neuen Look verpasst, darunter eine sichtbarere, bunte Leuchtleiste, sodass du deine Spiele noch besser in der Hand hast. Das Ergebnis ist der ergonomischste, intuitivste PlayStation-Controller, den wir jemals entwickelt haben.<\/p>\n<\/div>\n<\/div>\n<div class=\"formalpara\">\n<p class=\"title\"><span class=\"bold\"><strong>Die besten Spiele gibt&#8217;s f\u00fcr PS4<\/strong><\/span><\/p>\n<div class=\"para\">Egal, ob du auf PS4 oder PS4 Pro spielst, dich erwarten die besten Blockbuster, fantastische PlayStation-Exklusivtitel und unvergleichlich immersive Spiele.<\/div>\n<\/div>\n<div class=\"formalpara\">\n<p class=\"title\"><span class=\"bold\"><strong><br \/>\nDie am besten vernetzte Konsole<\/strong><\/span><\/p>\n<div class=\"para\">\n<p>Uneingeschr\u00e4nktes Spielen, Teilen und Interagieren mit deiner Gaming-Welt.<\/p>\n<\/div>\n<\/div>\n<div class=\"formalpara\">\n<p class=\"title\"><span class=\"bold\"><strong>Share Play<\/strong><\/span><\/p>\n<div class=\"para\">\n<p>Lade einen Freund dazu ein, dich auf einem Abenteuer zu begleiten, fordere ihn in Multiplayer-Matches heraus oder lass ihn die Steuerung \u00fcbernehmen und f\u00fcr dich spielen \u2013 auch, wenn er kein eigenes Exemplar des Spiels hat.<\/p>\n<\/div>\n<\/div>\n<div class=\"formalpara\">\n<p class=\"title\"><span class=\"bold\"><strong>Remote Play<\/strong><\/span><\/p>\n<div class=\"para\">\n<p>Stream Spiele \u00fcber dein WLAN-Netzwerk auf deinen PC, Mac, PlayStation Vita oder Sony Xperia-Ger\u00e4t \u2013 die Zeiten, w\u00e4hrend derer du an den Fernseher gefesselt warst, sind vorbei!<\/p>\n<\/div>\n<\/div>\n<div class=\"formalpara\">\n<p class=\"title\"><span class=\"bold\"><strong>Gameplay streamen<\/strong><\/span><\/p>\n<div class=\"para\">\n<p>\u00dcbertrage deine Abenteuer live \u00fcber Twitch, YouTube oder Dailymotion.<\/p>\n<\/div>\n<\/div>\n<div class=\"formalpara\">\n<p class=\"title\"><span class=\"bold\"><strong>Teilen in Sekunden<\/strong><\/span><\/p>\n<div class=\"para\">\n<p>Teile Screenshots und Videos von deinen gr\u00f6\u00dften Momenten \u00fcber Twitter und Facebook.<\/p>\n<\/div>\n<\/div>\n<div class=\"formalpara\">\n<p class=\"title\"><span class=\"bold\"><strong>Mit Freunden verbinden<\/strong><\/span><\/p>\n<div class=\"para\">\n<p>Erstelle Partys, chatte mit Freunden oder tritt Gaming-Communitys bei, um neue Mitspieler zu finden.<\/p>\n<\/div>\n<\/div>\n<div class=\"formalpara\">\n<p class=\"title\"><span class=\"bold\"><strong>Jederzeit neue Spielerfahrungen: Systemsoftware-Updates<\/strong><\/span><\/p>\n<div class=\"para\">Die regelm\u00e4\u00dfigen Updates f\u00fcr die PS4-Systemsoftware sorgen f\u00fcr neue Funktionen und M\u00f6glichkeiten, dich zu verbinden, zu teilen und zu spielen.<\/div>\n<\/div>\n","protected":false},"excerpt":{"rendered":"<p>Hol dir eine kleinere, schlankere PS4 und erlebe die fantastische Gaming-Power f\u00fcr die Spieler. &nbsp; Highlights unglaubliche HDR-Grafik liefert atemberaubende Farben \u00dcber die neue, intuitive Benutzeroberfl\u00e4che kannst du deine Spiele und Apps verwalten und Inhalte mit deinen Freunden teilen. Modelle mit 500 GB oder 1 TB versorgen dich mit gen\u00fcgend Speicherplatz f\u00fcr deine Spiele, Apps, [&hellip;]<\/p>\n","protected":false},"featured_media":3462,"comment_status":"open","ping_status":"closed","template":"","meta":{"_acf_changed":false},"product_cat":[277],"product_tag":[],"acf":[],"jetpack_sharing_enabled":true,"_links":{"self":[{"href":"http:\/\/pc-direkthandel.de\/wordpress\/wp-json\/wp\/v2\/product\/3461"}],"collection":[{"href":"http:\/\/pc-direkthandel.de\/wordpress\/wp-json\/wp\/v2\/product"}],"about":[{"href":"http:\/\/pc-direkthandel.de\/wordpress\/wp-json\/wp\/v2\/types\/product"}],"replies":[{"embeddable":true,"href":"http:\/\/pc-direkthandel.de\/wordpress\/wp-json\/wp\/v2\/comments?post=3461"}],"wp:featuredmedia":[{"embeddable":true,"href":"http:\/\/pc-direkthandel.de\/wordpress\/wp-json\/wp\/v2\/media\/3462"}],"wp:attachment":[{"href":"http:\/\/pc-direkthandel.de\/wordpress\/wp-json\/wp\/v2\/media?parent=3461"}],"wp:term":[{"taxonomy":"product_cat","embeddable":true,"href":"http:\/\/pc-direkthandel.de\/wordpress\/wp-json\/wp\/v2\/product_cat?post=3461"},{"taxonomy":"product_tag","embeddable":true,"href":"http:\/\/pc-direkthandel.de\/wordpress\/wp-json\/wp\/v2\/product_tag?post=3461"}],"curies":[{"name":"wp","href":"https:\/\/api.w.org\/{rel}","templated":true}]}}