{"id":3452,"date":"2019-10-01T20:50:42","date_gmt":"2019-10-01T18:50:42","guid":{"rendered":"http:\/\/pc-direkthandel.de\/wordpress\/?post_type=product&#038;p=3452"},"modified":"2019-10-01T20:54:00","modified_gmt":"2019-10-01T18:54:00","slug":"fifa-20","status":"publish","type":"product","link":"http:\/\/pc-direkthandel.de\/wordpress\/product\/fifa-20\/","title":{"rendered":"FIFA 20"},"content":{"rendered":"<p>Dank der Power von Frostbite* erweckt EA SPORTS FIFA 20 f\u00fcr PlayStation4, Xbox One und PC zwei Seiten der Fu\u00dfballwelt zum Leen: Den prestigetr\u00e4chtigen Profifu\u00dfball und mit EA SPORTS VOLTA den authentischen Stra\u00dfenfu\u00dfball. FIFA 20 pr\u00e4sentiert umfassende Innovationen, FOOTBALL INTELLIGENCE sorgt f\u00fcr einzigartigen Gameplay-Realismus, FIFA Ultimate Team bietet noch mehr M\u00f6glichkeiten f\u00fcr den Aufbau des Wunschteams, und EA SPORTS VOLTA bringt den Fu\u00dfball zur\u00fcck auf die Stra\u00dfe, mit authentischem Kleinfeld-Fu\u00dfball.<\/p>\n<p>EA SPORTS VOLTA bringt den Fu\u00dfball zur\u00fcck auf die Stra\u00dfe und beinhaltet die authentische Kultur, die Kreativit\u00e4t und das Flair des Kleinfeld-Fu\u00dfballs. Erschaffe deinen Charakter, finde deinen Style und erlebe mehrere Freestyle-Fu\u00dfball-Varianten in Spielumgebungen rund um den Globus.<\/p>\n<p>VOLTA-Gameplay: Definiere deinen Spielstil mit einem v\u00f6llig neuen Gameplay-System auf der Grundlage eines realistischen Fu\u00dfballerlebnisses. Inspiriert wurde das Ganze von authentischem Kleinfeld-Fu\u00dfball auf der Stra\u00dfe, in Cages und auf Futsal-Pl\u00e4tzen aus aller Welt. Das VOLTA-Gameplay bietet neue Tools, mit denen du in den Flow der Stra\u00dfe eintauchen kannst, darunter vereinfachte Flicks und Spezialbewegungen, neue Flair-Animationen und sogar die Option, W\u00e4nde ins Spiel einzubeziehen.<\/p>\n<p>Spieler: In VOLTA findest du schier endlose Anpassungs- und Individualisierungsoptionen f\u00fcr deinen Spieler, von Outfits \u00fcber Frisuren und Tattoos bis hin zu Jubelemotionen. Erstelle deinen Spieler oder deine Spielerin und tritt in den diversen VOLTA-Spielmodi an.<\/p>\n<p>Outfits: G\u00f6nn deinem Spieler in VOLTA topaktuelle Stilobjekte, wie Shirts, Schuhe, Sweater, verschiedene Tattoos oder auch Frisuren. Sobald du in VOLTA durch den Abschluss von Ingame-Herausforderungen Spielfortschritte erzielst, werden weitere Stilobjekte freigeschaltet.<\/p>\n<p>Locations: VOLTA erweckt Fu\u00dfballpl\u00e4tze in aller Welt zum Leben. Von einer Unterf\u00fchrung in Amsterdam \u00fcber einen Vorort-Cage in London bis hin zu einem Hochhausdach in Tokio: In VOLTA hast du die Chance, die regionalen Besonderheiten des globalen Fu\u00dfballspektakels zu genie\u00dfen.<\/p>\n<p>Spieltypen: Bei VOLTA steht die Individualisierung im Mittelpunkt des Spielerlebnisses. Spiele 3-gegen-3 ohne Torh\u00fcter, 4-gegen-4, 4-gegen-4 ohne Torh\u00fcter, 5-gegen-5 oder Profi-Futsal. VOLTA bietet dar\u00fcber hinaus auch unterschiedliche Arenagr\u00f6\u00dfen und Spielfelder mit und ohne Wandbegrenzungen, sodass du den Fu\u00dfball genau so erleben kannst, wie du es m\u00f6chtest.<\/p>\n<p>Modi:<\/p>\n<div class=\"itemizedlist\">\n<ul class=\"itemizedlist\">\n<li class=\"listitem\">VOLTA-Ansto\u00df: Tritt mit deinen Lieblings-Profiteams auf der Stra\u00dfe an und freu dich auf diverse VOLTA-Locations und -Spielformate. Spiele PSG gegen Lyon in Paris, spiele das Madrid-Derby auf den Stra\u00dfen Spaniens oder spiele Chelsea gegen die Spurs auf einem Londoner Cage.<\/li>\n<li class=\"listitem\">VOLTA World: Spiele Einzelspieler-Partien in verschiedenen Formaten und Locations gegen von der Community erstellte Mannschaften und verbessere so dein VOLTA-Team. Nach jedem Sieg kannst du einen beliebigen Spieler des gegnerischen Teams verpflichten und so die St\u00e4rke und die Chemie deiner Mannschaft verbessern.<\/li>\n<li class=\"listitem\">VOLTA-Story: F\u00fchre deinen Spieler durch eine komplette Story, in der Duelle gegen etliche Stra\u00dfenfu\u00dfball-Legenden aus aller Welt auf dich warten. Schnapp dir Boni, passe deinen Spieler individuell an, hol dir neue Spieler in deine Mannschaft und qualifiziere dich f\u00fcr das VOLTA-World Championship-Turnier in Buenos Aires.<\/li>\n<li class=\"listitem\">VOLTA-Liga: Bahne dir in der Online-VOLTA-Liga deinen Weg zum Aufstieg und halte dich von der Abstiegszone fern. In den neuen Spieler-gegen-Spieler-Formaten kannst du online gegen andere Teams antreten und mit Siegen in h\u00f6here Divisionen aufsteigen.<\/li>\n<\/ul>\n<p>GAMEPLAY<\/p>\n<p>Freu dich mit FOOTBALL INTELLIGENCE auf v\u00f6llig neuartigen Fu\u00dfball-Realismus. FOOTBALL INTELLIGENCE erf\u00fcllt jeden einzelnen Moment auf dem Rasen mit Leben: Egal ob mit Ball, ohne Ball oder auf den Ball selbst bezogen. Dies basiert auf 3 zentralen Grundpfeilern: Entscheidungsmomente (mit Ball), Authentischer Spielfluss (ohne Ball) und Ballphysik (auf den Ball selbst bezogen). Der Benutzer steht so in jeder Partie im Mittelpunkt.<\/p>\n<p>Authentischer Spielfluss: Ein Verst\u00e4ndnis der Zeit, des Raums und der Position sind grundlegende Voraussetzungen eines Weltklassefu\u00dfballers. Dank des Authentischen Spielflusses ber\u00fccksichtigt jeder KI-Spieler diese Elemente, sodass ein Spielerlebnis mit noch mehr Zeit und noch mehr R\u00e4umen entsteht und dem benutzergesteuerten Spiel noch gr\u00f6\u00dfere Bedeutung zukommt.<\/p>\n<div class=\"itemizedlist\">\n<ul class=\"itemizedlist\">\n<li class=\"listitem\">Dynamische 1-gegen-1-Situationen: Der \u00fcberarbeitete Spielfluss basiert nun auf dem Spieltempo der weltbesten Ligen, was zu noch realistischeren R\u00e4umen und noch realistischerem Spielrhythmus f\u00fchrt. So ergeben sich mehr 1-gegen-1-Situationen, bei denen benutzergesteuerte Entscheidungsmomente in den Vordergrund r\u00fccken.<\/li>\n<li class=\"listitem\">KI-Abwehrverhalten: Ein \u00fcberarbeitetes Stellungsspiel- und Zweikampf-System erm\u00f6glicht es der KI, sich noch besser an die Spielweise des benutzergesteuerten Spielers anzupassen. Die KI bietet intelligente defensive Unterst\u00fctzung und belohnt und erg\u00e4nzt das Defensivverhalten des Benutzers.<\/li>\n<li class=\"listitem\">Natural Player Motion: Dank Innovationen bei Bewegungen und Stellungsspiel bewegen sich die KI-Spieler nat\u00fcrlicher und entschlossener als je zuvor, sodass alle Spieler auf dem Rasen mit realistischen Fu\u00dfballbewegungen \u00fcberzeugen.<\/li>\n<\/ul>\n<\/div>\n<p>Entscheidungsmomente: Ein Fu\u00dfballspiel besteht aus verschiedenen entscheidenden Momenten, die das Resultat einer Partie bestimmen. Spiele werden durch benutzergesteuerte Entscheidungsmomente gewonnen oder verloren, vom Composed Finishing vor dem gegnerischen Tor bis hin zum Controlled Tackling vor dem eigenen Tor.<\/p>\n<div class=\"itemizedlist\">\n<ul class=\"itemizedlist\">\n<li class=\"listitem\">Seitw\u00e4rts-Dribbling: Die neue Seitw\u00e4rts-Dribblingmechanik erg\u00e4nzt die Offensivoptionen um eine ganz neue Dimension und erm\u00f6glicht mehr Agilit\u00e4t als je zuvor. Nun kannst du deinen Gegenspieler locken und ihn dann mit Tempo oder Technik \u00fcberwinden.<\/li>\n<li class=\"listitem\">Controlled Tackling: Das benutzergesteuerte Defensivverhalten wird \u00fcber das Active Touch System nun noch st\u00e4rker belohnt und erg\u00e4nzt und mit einer Vielzahl neuer Zweikampf-Animationen versehen. Je sauberer der Zweikampf ausgef\u00fchrt wird, desto gr\u00f6\u00dfer ist die Wahrscheinlichkeit, dass der Spieler mit dem Ballbesitz belohnt wird.<\/li>\n<li class=\"listitem\">\u00dcberarbeitete Standardsituationen: Ein aktualisiertes System sorgt f\u00fcr noch umfangreichere Zieloptionen bei direkten Freist\u00f6\u00dfen und Elfmetern. Die neue technikbasiertere Schussmechanik sorgt dabei f\u00fcr noch lohnendere Standards.<\/li>\n<li class=\"listitem\">Composed Finishing: \u00dcberarbeitete Schuss-Grundlagen erm\u00f6glichen noch konstantere und pr\u00e4zisere Abschl\u00fcsse. Dank noch gr\u00f6\u00dferer Schuss-Authentizit\u00e4t werden realistische Abschl\u00fcsse st\u00e4rker belohnt, sodass schwierige Schusssituationen wie Volley-Flanken nun mit gr\u00f6\u00dferem Risiko, aber auch potenziell mit noch gr\u00f6\u00dferen Erfolgschancen verbunden sind.<\/li>\n<\/ul>\n<\/div>\n<p>Ballphysik: Der Ball ist die dritte dynamische Komponente eines Fu\u00dfballspiels. Das Ballphysik-System sorgt im Gameplay f\u00fcr neuartigen Realismus, mit neuen Schuss-Flugbahnen, noch realistischeren Zweik\u00e4mpfen und physikbasiertem Verhalten.<\/p>\n<div class=\"itemizedlist\">\n<ul class=\"itemizedlist\">\n<li class=\"listitem\">Football Informed Motion: Ein \u00fcberarbeitetes Bewegungssystem erm\u00f6glicht noch authentischere Balldrehungen und Aufpraller. So ergibt sich ein noch realistischeres Fu\u00dfballerlebnis.<\/li>\n<li class=\"listitem\">Neue Schuss-Flugbahnen: Das neue Ballbewegungs-System sorgt f\u00fcr diverse neue realistische Schuss-Flugbahnen, von technisch anspruchsvollen Bogenlampen \u00fcber Flatterb\u00e4lle und Effet-Freist\u00f6\u00dfe bis hin zu kraftvollen Direktabnahmen.<\/li>\n<\/ul>\n<p>UEFA CHAMPIONS LEAGUE, UEFA EUROPA LEAGUE &amp; UEFA SUPER CUP<\/p>\n<p>Mit der UEFA Champions League, Europa League und dem Super Cup werden in FIFA 20 erneut die prestigetr\u00e4chtigsten Club-Wettbewerbe der Welt durch authentische UEFA-Elemente wie den offiziellen \u00dcbertragungspaketen, Trikotlogos, Spielb\u00e4llen und den ikonischen Troph\u00e4en zum Leben erweckt und einer Vielzahl an Spielmodi hinzugef\u00fcgt wie FIFA 20 Ultimate Team, dem Karrieremodus, einem eigenst\u00e4ndigen Champions League-Modus und mehr.<\/p>\n<\/div>\n<\/div>\n","protected":false},"excerpt":{"rendered":"<p>Dank der Power von Frostbite* erweckt EA SPORTS FIFA 20 f\u00fcr PlayStation4, Xbox One und PC zwei Seiten der Fu\u00dfballwelt zum Leen: Den prestigetr\u00e4chtigen Profifu\u00dfball und mit EA SPORTS VOLTA den authentischen Stra\u00dfenfu\u00dfball. FIFA 20 pr\u00e4sentiert umfassende Innovationen, FOOTBALL INTELLIGENCE sorgt f\u00fcr einzigartigen Gameplay-Realismus, FIFA Ultimate Team bietet noch mehr M\u00f6glichkeiten f\u00fcr den Aufbau des [&hellip;]<\/p>\n","protected":false},"featured_media":3453,"comment_status":"open","ping_status":"closed","template":"","meta":{"_acf_changed":false},"product_cat":[275],"product_tag":[],"acf":[],"jetpack_sharing_enabled":true,"_links":{"self":[{"href":"http:\/\/pc-direkthandel.de\/wordpress\/wp-json\/wp\/v2\/product\/3452"}],"collection":[{"href":"http:\/\/pc-direkthandel.de\/wordpress\/wp-json\/wp\/v2\/product"}],"about":[{"href":"http:\/\/pc-direkthandel.de\/wordpress\/wp-json\/wp\/v2\/types\/product"}],"replies":[{"embeddable":true,"href":"http:\/\/pc-direkthandel.de\/wordpress\/wp-json\/wp\/v2\/comments?post=3452"}],"wp:featuredmedia":[{"embeddable":true,"href":"http:\/\/pc-direkthandel.de\/wordpress\/wp-json\/wp\/v2\/media\/3453"}],"wp:attachment":[{"href":"http:\/\/pc-direkthandel.de\/wordpress\/wp-json\/wp\/v2\/media?parent=3452"}],"wp:term":[{"taxonomy":"product_cat","embeddable":true,"href":"http:\/\/pc-direkthandel.de\/wordpress\/wp-json\/wp\/v2\/product_cat?post=3452"},{"taxonomy":"product_tag","embeddable":true,"href":"http:\/\/pc-direkthandel.de\/wordpress\/wp-json\/wp\/v2\/product_tag?post=3452"}],"curies":[{"name":"wp","href":"https:\/\/api.w.org\/{rel}","templated":true}]}}