{"id":3437,"date":"2019-10-01T20:29:38","date_gmt":"2019-10-01T18:29:38","guid":{"rendered":"http:\/\/pc-direkthandel.de\/wordpress\/?post_type=product&#038;p=3437"},"modified":"2019-10-01T20:31:28","modified_gmt":"2019-10-01T18:31:28","slug":"offizielles-gehaeuse-raspberry-pi-4-typ-b-schwarz-grau","status":"publish","type":"product","link":"http:\/\/pc-direkthandel.de\/wordpress\/product\/offizielles-gehaeuse-raspberry-pi-4-typ-b-schwarz-grau\/","title":{"rendered":"Offizielles Geh\u00e4use Raspberry Pi 4 Typ B schwarz\/grau"},"content":{"rendered":"<p><span class=\"bold\"><strong>Eigenschaften und Vorteile des offiziellen Geh\u00e4uses f\u00fcr den Raspberry Pi 4 Model B:<\/strong><\/span><\/p>\n<div class=\"itemizedlist\">\n<ul class=\"itemizedlist\">\n<li class=\"listitem\">Kompatibel mit allen Raspberry Pi 4<\/li>\n<li class=\"listitem\">Einrastmontage &#8211; kein Werkzeug erforderlich!<\/li>\n<li class=\"listitem\">Sch\u00fctzt und sieht toll aus<\/li>\n<li class=\"listitem\">Aussparungen f\u00fcr den Zugang zu den Anschl\u00fcssen<\/li>\n<\/ul>\n<\/div>\n<p>Dieses offizielle Raspberry Pi Geh\u00e4use wurde entwickelt, um Ihre Raspberry Pi 4 Platine zu beherbergen und zu sch\u00fctzen und gleichzeitig ein gro\u00dfartiges Aussehen zu erhalten. Er passt f\u00fcr den Raspberry Pi 4 Modell B 1 GB, 2 GB und 4 GB. Dieser besondere Fall ist schwarz und grau, aber er kommt auch in rot und wei\u00df.<\/p>\n<p>Diese praktische H\u00fclle rastet einfach um dein Board zusammen. F\u00fcr die Befestigung sind keine zus\u00e4tzlichen Werkzeuge oder Schrauben erforderlich. Nach dem Schlie\u00dfen des Geh\u00e4uses haben Sie weiterhin Zugriff auf alle Anschl\u00fcsse auf der Platine durch Ausschnitte.<\/p>\n<p>Es wurde haupts\u00e4chlich entwickelt, um Ihr Pi Board vor St\u00f6\u00dfen und St\u00f6\u00dfen zu sch\u00fctzen, aber es wurde auch entwickelt, um leicht und elegant zu sein. So k\u00f6nnen Sie Ihren Raspberry Pi 4 problemlos in der Tasche oder im Rucksack tragen.<\/p>\n","protected":false},"excerpt":{"rendered":"<p>Eigenschaften und Vorteile des offiziellen Geh\u00e4uses f\u00fcr den Raspberry Pi 4 Model B: Kompatibel mit allen Raspberry Pi 4 Einrastmontage &#8211; kein Werkzeug erforderlich! Sch\u00fctzt und sieht toll aus Aussparungen f\u00fcr den Zugang zu den Anschl\u00fcssen Dieses offizielle Raspberry Pi Geh\u00e4use wurde entwickelt, um Ihre Raspberry Pi 4 Platine zu beherbergen und zu sch\u00fctzen und [&hellip;]<\/p>\n","protected":false},"featured_media":3438,"comment_status":"open","ping_status":"closed","template":"","meta":{"_acf_changed":false},"product_cat":[274],"product_tag":[],"acf":[],"jetpack_sharing_enabled":true,"_links":{"self":[{"href":"http:\/\/pc-direkthandel.de\/wordpress\/wp-json\/wp\/v2\/product\/3437"}],"collection":[{"href":"http:\/\/pc-direkthandel.de\/wordpress\/wp-json\/wp\/v2\/product"}],"about":[{"href":"http:\/\/pc-direkthandel.de\/wordpress\/wp-json\/wp\/v2\/types\/product"}],"replies":[{"embeddable":true,"href":"http:\/\/pc-direkthandel.de\/wordpress\/wp-json\/wp\/v2\/comments?post=3437"}],"wp:featuredmedia":[{"embeddable":true,"href":"http:\/\/pc-direkthandel.de\/wordpress\/wp-json\/wp\/v2\/media\/3438"}],"wp:attachment":[{"href":"http:\/\/pc-direkthandel.de\/wordpress\/wp-json\/wp\/v2\/media?parent=3437"}],"wp:term":[{"taxonomy":"product_cat","embeddable":true,"href":"http:\/\/pc-direkthandel.de\/wordpress\/wp-json\/wp\/v2\/product_cat?post=3437"},{"taxonomy":"product_tag","embeddable":true,"href":"http:\/\/pc-direkthandel.de\/wordpress\/wp-json\/wp\/v2\/product_tag?post=3437"}],"curies":[{"name":"wp","href":"https:\/\/api.w.org\/{rel}","templated":true}]}}