{"id":3435,"date":"2019-10-01T20:26:57","date_gmt":"2019-10-01T18:26:57","guid":{"rendered":"http:\/\/pc-direkthandel.de\/wordpress\/?post_type=product&#038;p=3435"},"modified":"2019-10-01T20:29:24","modified_gmt":"2019-10-01T18:29:24","slug":"videomodul-raspberry-pi-camera-v2","status":"publish","type":"product","link":"http:\/\/pc-direkthandel.de\/wordpress\/product\/videomodul-raspberry-pi-camera-v2\/","title":{"rendered":"Videomodul Raspberry Pi Camera V2"},"content":{"rendered":"<p>Die Raspberry Pi HD-Kameraplatine (High Definition) kann an alle Raspberry Pi- oder Rechenmodule angeschlossen werden, sodass Sie HD-Videos und Standfotos erstellen k\u00f6nnen.<\/p>\n<p>Sie nutzt den IMX219PQ-Bildsensor von Sony, der Videoaufnahmen mit hoher Geschwindigkeit und hoher Empfindlichkeit bietet.<\/p>\n<p>Das Raspberry Pi-Kameramodul sorgt f\u00fcr geringere Bildverschmutzung wie Fliegengittereffekt und Verschmieren. Es verf\u00fcgt auch \u00fcber automatische Steuerfunktionen, z. B. Belichtungskontrolle, Wei\u00dfabgleich und Leuchtdichtenerkennung<\/p>\n","protected":false},"excerpt":{"rendered":"<p>Die Raspberry Pi HD-Kameraplatine (High Definition) kann an alle Raspberry Pi- oder Rechenmodule angeschlossen werden, sodass Sie HD-Videos und Standfotos erstellen k\u00f6nnen. Sie nutzt den IMX219PQ-Bildsensor von Sony, der Videoaufnahmen mit hoher Geschwindigkeit und hoher Empfindlichkeit bietet. Das Raspberry Pi-Kameramodul sorgt f\u00fcr geringere Bildverschmutzung wie Fliegengittereffekt und Verschmieren. Es verf\u00fcgt auch \u00fcber automatische Steuerfunktionen, z. [&hellip;]<\/p>\n","protected":false},"featured_media":3436,"comment_status":"open","ping_status":"closed","template":"","meta":{"_acf_changed":false},"product_cat":[274],"product_tag":[],"acf":[],"jetpack_sharing_enabled":true,"_links":{"self":[{"href":"http:\/\/pc-direkthandel.de\/wordpress\/wp-json\/wp\/v2\/product\/3435"}],"collection":[{"href":"http:\/\/pc-direkthandel.de\/wordpress\/wp-json\/wp\/v2\/product"}],"about":[{"href":"http:\/\/pc-direkthandel.de\/wordpress\/wp-json\/wp\/v2\/types\/product"}],"replies":[{"embeddable":true,"href":"http:\/\/pc-direkthandel.de\/wordpress\/wp-json\/wp\/v2\/comments?post=3435"}],"wp:featuredmedia":[{"embeddable":true,"href":"http:\/\/pc-direkthandel.de\/wordpress\/wp-json\/wp\/v2\/media\/3436"}],"wp:attachment":[{"href":"http:\/\/pc-direkthandel.de\/wordpress\/wp-json\/wp\/v2\/media?parent=3435"}],"wp:term":[{"taxonomy":"product_cat","embeddable":true,"href":"http:\/\/pc-direkthandel.de\/wordpress\/wp-json\/wp\/v2\/product_cat?post=3435"},{"taxonomy":"product_tag","embeddable":true,"href":"http:\/\/pc-direkthandel.de\/wordpress\/wp-json\/wp\/v2\/product_tag?post=3435"}],"curies":[{"name":"wp","href":"https:\/\/api.w.org\/{rel}","templated":true}]}}