{"id":3433,"date":"2019-10-01T20:24:28","date_gmt":"2019-10-01T18:24:28","guid":{"rendered":"http:\/\/pc-direkthandel.de\/wordpress\/?post_type=product&#038;p=3433"},"modified":"2019-10-01T20:26:35","modified_gmt":"2019-10-01T18:26:35","slug":"videomodul-raspberry-pinoir-camera-v2","status":"publish","type":"product","link":"http:\/\/pc-direkthandel.de\/wordpress\/product\/videomodul-raspberry-pinoir-camera-v2\/","title":{"rendered":"Videomodul Raspberry PiNoir Camera V2"},"content":{"rendered":"<p>Die Raspberry Pi HD Pi NoIR-Kameraplatine kann an alle Raspberry Pi- oder Rechenmodule angeschlossen werden, sodass Sie HD-Videos und Standfotos erstellen k\u00f6nnen. Das Pi NoIR (kein Infrarot) ist das gleiche wie das Standardkameramodul, aber ohne IR-Filter. Daher ist es hervorragend f\u00fcr Fotografie und Video im Dunkeln geeignet.<\/p>\n<p>Das Modul nutzt den IMX219PQ-Bildsensor von Sony, der Videoaufnahmen mit hoher Geschwindigkeit und hoher Empfindlichkeit bietet.<\/p>\n<p>Das Pi NoIR-Modul sorgt f\u00fcr geringere Bildverschmutzung wie Fliegengittereffekt und Verschmieren. Es verf\u00fcgt auch \u00fcber automatische Steuerfunktionen, z. B. Belichtungskontrolle, Wei\u00dfabgleich und Leuchtdichtenerkennung<\/p>\n","protected":false},"excerpt":{"rendered":"<p>Die Raspberry Pi HD Pi NoIR-Kameraplatine kann an alle Raspberry Pi- oder Rechenmodule angeschlossen werden, sodass Sie HD-Videos und Standfotos erstellen k\u00f6nnen. Das Pi NoIR (kein Infrarot) ist das gleiche wie das Standardkameramodul, aber ohne IR-Filter. Daher ist es hervorragend f\u00fcr Fotografie und Video im Dunkeln geeignet. Das Modul nutzt den IMX219PQ-Bildsensor von Sony, der [&hellip;]<\/p>\n","protected":false},"featured_media":3434,"comment_status":"open","ping_status":"closed","template":"","meta":{"_acf_changed":false},"product_cat":[274],"product_tag":[],"acf":[],"jetpack_sharing_enabled":true,"_links":{"self":[{"href":"http:\/\/pc-direkthandel.de\/wordpress\/wp-json\/wp\/v2\/product\/3433"}],"collection":[{"href":"http:\/\/pc-direkthandel.de\/wordpress\/wp-json\/wp\/v2\/product"}],"about":[{"href":"http:\/\/pc-direkthandel.de\/wordpress\/wp-json\/wp\/v2\/types\/product"}],"replies":[{"embeddable":true,"href":"http:\/\/pc-direkthandel.de\/wordpress\/wp-json\/wp\/v2\/comments?post=3433"}],"wp:featuredmedia":[{"embeddable":true,"href":"http:\/\/pc-direkthandel.de\/wordpress\/wp-json\/wp\/v2\/media\/3434"}],"wp:attachment":[{"href":"http:\/\/pc-direkthandel.de\/wordpress\/wp-json\/wp\/v2\/media?parent=3433"}],"wp:term":[{"taxonomy":"product_cat","embeddable":true,"href":"http:\/\/pc-direkthandel.de\/wordpress\/wp-json\/wp\/v2\/product_cat?post=3433"},{"taxonomy":"product_tag","embeddable":true,"href":"http:\/\/pc-direkthandel.de\/wordpress\/wp-json\/wp\/v2\/product_tag?post=3433"}],"curies":[{"name":"wp","href":"https:\/\/api.w.org\/{rel}","templated":true}]}}