{"id":3431,"date":"2019-10-01T20:22:29","date_gmt":"2019-10-01T18:22:29","guid":{"rendered":"http:\/\/pc-direkthandel.de\/wordpress\/?post_type=product&#038;p=3431"},"modified":"2019-10-01T20:24:03","modified_gmt":"2019-10-01T18:24:03","slug":"gerpot-robotics-board-fuer-raspberry-pi","status":"publish","type":"product","link":"http:\/\/pc-direkthandel.de\/wordpress\/product\/gerpot-robotics-board-fuer-raspberry-pi\/","title":{"rendered":"Gerpot Robotics Board f\u00fcr Raspberry Pi"},"content":{"rendered":"<p><span class=\"bold\"><strong>Raspberry Pi Erweiterungsplatine f\u00fcr komplexe Steuerungsaufgaben<\/strong><\/span><\/p>\n<p>Der Gertbot ist ein Motorsteuer Platine f\u00fcr den Raspberry Pi. Die St\u00e4rke der Platine liegt in dem eignen ARM Cortex-M3 (64 MHz) Prozessor, welche Steuerungsaufgaben in Echtzeit mittels nur High-Level-Befehlen erm\u00f6glicht. Diese k\u00f6nnen \u00fcber die mitgelieferte grafische Oberfl\u00e4che an die Platine \u00fcbermittelt werden.<\/p>\n<p><span class=\"bold\"><strong>Hardware Features:<\/strong><\/span><\/p>\n<div class=\"itemizedlist\">\n<ul class=\"itemizedlist\">\n<li class=\"listitem\">4 H-bridges 8V-30V, 2.5A.<\/li>\n<li class=\"listitem\">Bridges k\u00f6nnen konfiguriert werden f\u00fcr 2x 5A oder 1x 10A.<\/li>\n<li class=\"listitem\">2 Open-drain-Ausg\u00e4nge 30V, 3A.<\/li>\n<li class=\"listitem\">64MHZ ARM Cortex-M3 Prozessor mit hoher Rechenleistung<\/li>\n<li class=\"listitem\">RS232 verbindet direkt an den Raspberry-Pi oder einen anderen seriellen Schnittstelle, z.B. PC<\/li>\n<li class=\"listitem\">Steuerung von bis zu 4 Motoren gleichzeitig<\/li>\n<\/ul>\n<\/div>\n<p><span class=\"bold\"><strong>Die Platine wird mit Treibern, Beispielcode und einer anwenderfreundliche Benutzeroberfl\u00e4che geliefert &#8211; ideal f\u00fcr jene, die sofort loslegen m\u00f6chten!<\/strong><\/span><\/p>\n","protected":false},"excerpt":{"rendered":"<p>Raspberry Pi Erweiterungsplatine f\u00fcr komplexe Steuerungsaufgaben Der Gertbot ist ein Motorsteuer Platine f\u00fcr den Raspberry Pi. Die St\u00e4rke der Platine liegt in dem eignen ARM Cortex-M3 (64 MHz) Prozessor, welche Steuerungsaufgaben in Echtzeit mittels nur High-Level-Befehlen erm\u00f6glicht. Diese k\u00f6nnen \u00fcber die mitgelieferte grafische Oberfl\u00e4che an die Platine \u00fcbermittelt werden. Hardware Features: 4 H-bridges 8V-30V, 2.5A. [&hellip;]<\/p>\n","protected":false},"featured_media":3432,"comment_status":"open","ping_status":"closed","template":"","meta":{"_acf_changed":false},"product_cat":[274],"product_tag":[],"acf":[],"jetpack_sharing_enabled":true,"_links":{"self":[{"href":"http:\/\/pc-direkthandel.de\/wordpress\/wp-json\/wp\/v2\/product\/3431"}],"collection":[{"href":"http:\/\/pc-direkthandel.de\/wordpress\/wp-json\/wp\/v2\/product"}],"about":[{"href":"http:\/\/pc-direkthandel.de\/wordpress\/wp-json\/wp\/v2\/types\/product"}],"replies":[{"embeddable":true,"href":"http:\/\/pc-direkthandel.de\/wordpress\/wp-json\/wp\/v2\/comments?post=3431"}],"wp:featuredmedia":[{"embeddable":true,"href":"http:\/\/pc-direkthandel.de\/wordpress\/wp-json\/wp\/v2\/media\/3432"}],"wp:attachment":[{"href":"http:\/\/pc-direkthandel.de\/wordpress\/wp-json\/wp\/v2\/media?parent=3431"}],"wp:term":[{"taxonomy":"product_cat","embeddable":true,"href":"http:\/\/pc-direkthandel.de\/wordpress\/wp-json\/wp\/v2\/product_cat?post=3431"},{"taxonomy":"product_tag","embeddable":true,"href":"http:\/\/pc-direkthandel.de\/wordpress\/wp-json\/wp\/v2\/product_tag?post=3431"}],"curies":[{"name":"wp","href":"https:\/\/api.w.org\/{rel}","templated":true}]}}