{"id":3427,"date":"2019-10-01T20:17:45","date_gmt":"2019-10-01T18:17:45","guid":{"rendered":"http:\/\/pc-direkthandel.de\/wordpress\/?post_type=product&#038;p=3427"},"modified":"2019-10-01T20:20:16","modified_gmt":"2019-10-01T18:20:16","slug":"4d-systems-4dbezel-32-b-lcd-display-blende","status":"publish","type":"product","link":"http:\/\/pc-direkthandel.de\/wordpress\/product\/4d-systems-4dbezel-32-b-lcd-display-blende\/","title":{"rendered":"4D SYSTEMS 4DBEZEL-32-B LCD Display Blende"},"content":{"rendered":"<p>Die 4D Systems-Einbaurahmenfamilie wurde als Geh\u00e4use f\u00fcr die intelligenten Anzeigemodule entwickelt. Die Einbaurahmen werden an der Vorderseite der Anzeige angebracht und es ist daher einfacher f\u00fcr den Anwender, die Frontplattenmontage des Anzeigenmoduls in einem sicheren Geh\u00e4use vorzunehmen. Federkontakte gew\u00e4hrleisten eine sichere Befestigung am Geh\u00e4use oder an der Wandplatte. Sie wurden f\u00fcr Innenanwendungen entwickelt und bieten eine saubere und ansprechende Oberfl\u00e4che f\u00fcr die intelligenten Anzeigemodule von 4D Systems.<\/p>\n<p><span class=\"bold\"><strong>Merkmale der 4D-Anzeigemodul-Einbaurahmen:<\/strong><\/span><\/p>\n<div class=\"itemizedlist\">\n<ul class=\"itemizedlist\">\n<li class=\"listitem\">wei\u00dfer Einbaurahmen aus Kunststoff<\/li>\n<li class=\"listitem\">Vereinfacht die Tafelmontage<\/li>\n<li class=\"listitem\">Keine Bohrungen erforderlich<\/li>\n<li class=\"listitem\">M2-Befestigungsschrauben und Unterlegscheiben im Lieferumfang enthalten<\/li>\n<li class=\"listitem\">Montageeins\u00e4tze aus Messing f\u00fcr eine sichere Befestigung<\/li>\n<li class=\"listitem\">\u00dcber die Federkontakte wird der Einbaurahmen an der Tafel befestigt<\/li>\n<\/ul>\n<\/div>\n<p><span class=\"bold\"><strong>Kompatibel f\u00fcr die Raspberry-Pi-Anzeigen uLCD-32PTU und 4DPi-32<\/strong><\/span><\/p>\n","protected":false},"excerpt":{"rendered":"<p>Die 4D Systems-Einbaurahmenfamilie wurde als Geh\u00e4use f\u00fcr die intelligenten Anzeigemodule entwickelt. Die Einbaurahmen werden an der Vorderseite der Anzeige angebracht und es ist daher einfacher f\u00fcr den Anwender, die Frontplattenmontage des Anzeigenmoduls in einem sicheren Geh\u00e4use vorzunehmen. Federkontakte gew\u00e4hrleisten eine sichere Befestigung am Geh\u00e4use oder an der Wandplatte. Sie wurden f\u00fcr Innenanwendungen entwickelt und bieten [&hellip;]<\/p>\n","protected":false},"featured_media":3428,"comment_status":"open","ping_status":"closed","template":"","meta":{"_acf_changed":false},"product_cat":[274],"product_tag":[],"acf":[],"jetpack_sharing_enabled":true,"_links":{"self":[{"href":"http:\/\/pc-direkthandel.de\/wordpress\/wp-json\/wp\/v2\/product\/3427"}],"collection":[{"href":"http:\/\/pc-direkthandel.de\/wordpress\/wp-json\/wp\/v2\/product"}],"about":[{"href":"http:\/\/pc-direkthandel.de\/wordpress\/wp-json\/wp\/v2\/types\/product"}],"replies":[{"embeddable":true,"href":"http:\/\/pc-direkthandel.de\/wordpress\/wp-json\/wp\/v2\/comments?post=3427"}],"wp:featuredmedia":[{"embeddable":true,"href":"http:\/\/pc-direkthandel.de\/wordpress\/wp-json\/wp\/v2\/media\/3428"}],"wp:attachment":[{"href":"http:\/\/pc-direkthandel.de\/wordpress\/wp-json\/wp\/v2\/media?parent=3427"}],"wp:term":[{"taxonomy":"product_cat","embeddable":true,"href":"http:\/\/pc-direkthandel.de\/wordpress\/wp-json\/wp\/v2\/product_cat?post=3427"},{"taxonomy":"product_tag","embeddable":true,"href":"http:\/\/pc-direkthandel.de\/wordpress\/wp-json\/wp\/v2\/product_tag?post=3427"}],"curies":[{"name":"wp","href":"https:\/\/api.w.org\/{rel}","templated":true}]}}