{"id":3411,"date":"2019-09-30T21:40:29","date_gmt":"2019-09-30T19:40:29","guid":{"rendered":"http:\/\/pc-direkthandel.de\/wordpress\/?post_type=product&#038;p=3411"},"modified":"2019-09-30T21:42:38","modified_gmt":"2019-09-30T19:42:38","slug":"raspberry-pi-4-netzteil","status":"publish","type":"product","link":"http:\/\/pc-direkthandel.de\/wordpress\/product\/raspberry-pi-4-netzteil\/","title":{"rendered":"Raspberry Pi 4 Netzteil"},"content":{"rendered":"<p><span class=\"bold\"><strong>Offizielles Raspberry Pi USB-C-Netzteil, schwarz <\/strong><\/span><\/p>\n<p><span class=\"bold\"><strong>Entwickelt, um den neuesten Raspberry Pi 4 Modell B mit Strom zu versorgen.<\/strong><\/span><\/p>\n<p><span class=\"bold\"><strong>Eigenschaften<\/strong><\/span><\/p>\n<p>Ausgang:<\/p>\n<div class=\"itemizedlist\">\n<ul class=\"itemizedlist\">\n<li class=\"listitem\">Ausgangsspannung: +5,1V DC DC<\/li>\n<li class=\"listitem\">Minimaler Laststrom: 0A<\/li>\n<li class=\"listitem\">Nennlaststrom: 3,0A<\/li>\n<li class=\"listitem\">Maximale Leistung: 15,3W<\/li>\n<li class=\"listitem\">Lastregulierung: \u00b15%.<\/li>\n<li class=\"listitem\">Linienregelung: \u00b12%.<\/li>\n<li class=\"listitem\">Restwelligkeit &amp; Rauschen: 120mVp-p-p<\/li>\n<li class=\"listitem\">Anstiegszeit: maximal 100 ms bis zu den Regelgrenzen f\u00fcr DC-Ausg\u00e4nge<\/li>\n<li class=\"listitem\">Einschaltverz\u00f6gerung: Maximal 3000ms bei Nenneingang AC Spannung und Volllast<\/li>\n<li class=\"listitem\">Schutz: Kurzschlussschutz<\/li>\n<li class=\"listitem\">\u00dcberstromschutz<\/li>\n<li class=\"listitem\">\u00dcbertemperaturschutz<\/li>\n<li class=\"listitem\">Wirkungsgrad: 81% Minimum (Ausgangsstrom von 100%,<\/li>\n<li class=\"listitem\">75%, 50%, 25%)<\/li>\n<li class=\"listitem\">72% Minimum bei 10% Last<\/li>\n<li class=\"listitem\">Ausgangskabel: 1,5m 18AWG 18AWG<\/li>\n<li class=\"listitem\">Ausgangsanschluss: USB Typ-C<\/li>\n<\/ul>\n<\/div>\n<p>Eingang:<\/p>\n<div class=\"itemizedlist\">\n<ul class=\"itemizedlist\">\n<li class=\"listitem\">Spannungsbereich: 100-240Vac (Nennspannung)<\/li>\n<li class=\"listitem\">96-264Vac (Betrieb)<\/li>\n<li class=\"listitem\">Frequenz: 50\/60Hz \u00b13Hz<\/li>\n<li class=\"listitem\">Strom: 0,5A maximal<\/li>\n<li class=\"listitem\">Leistungsaufnahme (ohne Last): maximal 0,075 W<\/li>\n<li class=\"listitem\">Einschaltstrom: Es darf keine Besch\u00e4digung auftreten und die Eingangssicherung darf nicht besch\u00e4digt werden und nicht explodieren<\/li>\n<\/ul>\n<\/div>\n","protected":false},"excerpt":{"rendered":"<p>Offizielles Raspberry Pi USB-C-Netzteil, schwarz Entwickelt, um den neuesten Raspberry Pi 4 Modell B mit Strom zu versorgen. Eigenschaften Ausgang: Ausgangsspannung: +5,1V DC DC Minimaler Laststrom: 0A Nennlaststrom: 3,0A Maximale Leistung: 15,3W Lastregulierung: \u00b15%. Linienregelung: \u00b12%. Restwelligkeit &amp; Rauschen: 120mVp-p-p Anstiegszeit: maximal 100 ms bis zu den Regelgrenzen f\u00fcr DC-Ausg\u00e4nge Einschaltverz\u00f6gerung: Maximal 3000ms bei Nenneingang [&hellip;]<\/p>\n","protected":false},"featured_media":3412,"comment_status":"open","ping_status":"closed","template":"","meta":{"_acf_changed":false},"product_cat":[274],"product_tag":[],"acf":[],"jetpack_sharing_enabled":true,"_links":{"self":[{"href":"http:\/\/pc-direkthandel.de\/wordpress\/wp-json\/wp\/v2\/product\/3411"}],"collection":[{"href":"http:\/\/pc-direkthandel.de\/wordpress\/wp-json\/wp\/v2\/product"}],"about":[{"href":"http:\/\/pc-direkthandel.de\/wordpress\/wp-json\/wp\/v2\/types\/product"}],"replies":[{"embeddable":true,"href":"http:\/\/pc-direkthandel.de\/wordpress\/wp-json\/wp\/v2\/comments?post=3411"}],"wp:featuredmedia":[{"embeddable":true,"href":"http:\/\/pc-direkthandel.de\/wordpress\/wp-json\/wp\/v2\/media\/3412"}],"wp:attachment":[{"href":"http:\/\/pc-direkthandel.de\/wordpress\/wp-json\/wp\/v2\/media?parent=3411"}],"wp:term":[{"taxonomy":"product_cat","embeddable":true,"href":"http:\/\/pc-direkthandel.de\/wordpress\/wp-json\/wp\/v2\/product_cat?post=3411"},{"taxonomy":"product_tag","embeddable":true,"href":"http:\/\/pc-direkthandel.de\/wordpress\/wp-json\/wp\/v2\/product_tag?post=3411"}],"curies":[{"name":"wp","href":"https:\/\/api.w.org\/{rel}","templated":true}]}}