{"id":3407,"date":"2019-09-30T21:38:27","date_gmt":"2019-09-30T19:38:27","guid":{"rendered":"http:\/\/pc-direkthandel.de\/wordpress\/?post_type=product&#038;p=3407"},"modified":"2019-09-30T21:38:32","modified_gmt":"2019-09-30T19:38:32","slug":"raspberry-pi-3-typ-b-microusb-netzteil","status":"publish","type":"product","link":"http:\/\/pc-direkthandel.de\/wordpress\/product\/raspberry-pi-3-typ-b-microusb-netzteil\/","title":{"rendered":"Raspberry Pi 3 Typ B microUSB Netzteil"},"content":{"rendered":"<div class=\"article\">\n<p><span class=\"bold\"><strong>Offizielles Raspberry Pi 3-Netzteil 5.1 V dc \/ 2.5 A Micro USB , wei\u00df.<\/strong><\/span><\/p>\n<p><span class=\"bold\"><strong>Eigenschaften<\/strong><\/span><\/p>\n<div class=\"itemizedlist\">\n<ul class=\"itemizedlist\">\n<li class=\"listitem\">Eingangsspannung 90-264 VAC<\/li>\n<li class=\"listitem\">Ausgangsspannung 5.1 V dc<\/li>\n<li class=\"listitem\">Ausgangsstrom 2.5 A<\/li>\n<li class=\"listitem\">Eingangsanschluss Euro-Steckeroberteil, UK-Steckeroberteil, Wechselbare AUS- K\u00f6pfe, Wechselbare US-K\u00f6pfe<\/li>\n<li class=\"listitem\">Ausgangsanschluss Micro USB<\/li>\n<li class=\"listitem\">Nennleistung 13 W<\/li>\n<li class=\"listitem\">L\u00e4nge 73.2 mm<\/li>\n<li class=\"listitem\">Kabell\u00e4nge 1500 mm<\/li>\n<li class=\"listitem\">Brumm- und St\u00f6rspannung 120mVp-p maximum<\/li>\n<li class=\"listitem\">Wirkungsgrad 80.86%<\/li>\n<li class=\"listitem\">Maximaler Eingangsstrom 0.5 A<\/li>\n<li class=\"listitem\">Gewicht 150 g<\/li>\n<li class=\"listitem\">Schutzfunktionen Kurzschlussschutz, \u00dcberspannungsschutz, \u00dcberstromschutz<\/li>\n<li class=\"listitem\">Netzausregelung +\/-2%<\/li>\n<li class=\"listitem\">Breite 45.1 mm<\/li>\n<li class=\"listitem\">Betriebsdauer 50000h<\/li>\n<li class=\"listitem\">Lastausregelung \u00b15%<\/li>\n<li class=\"listitem\">Anwendung Offizielles Raspberry Pi 3-Netzteil, Wei\u00df<\/li>\n<li class=\"listitem\">Eingangsfrequenzbereich 47-63 Hz<\/li>\n<\/ul>\n<\/div>\n<\/div>\n","protected":false},"excerpt":{"rendered":"<p>Offizielles Raspberry Pi 3-Netzteil 5.1 V dc \/ 2.5 A Micro USB , wei\u00df. Eigenschaften Eingangsspannung 90-264 VAC Ausgangsspannung 5.1 V dc Ausgangsstrom 2.5 A Eingangsanschluss Euro-Steckeroberteil, UK-Steckeroberteil, Wechselbare AUS- K\u00f6pfe, Wechselbare US-K\u00f6pfe Ausgangsanschluss Micro USB Nennleistung 13 W L\u00e4nge 73.2 mm Kabell\u00e4nge 1500 mm Brumm- und St\u00f6rspannung 120mVp-p maximum Wirkungsgrad 80.86% Maximaler Eingangsstrom 0.5 [&hellip;]<\/p>\n","protected":false},"featured_media":3408,"comment_status":"open","ping_status":"closed","template":"","meta":{"_acf_changed":false},"product_cat":[274],"product_tag":[],"acf":[],"jetpack_sharing_enabled":true,"_links":{"self":[{"href":"http:\/\/pc-direkthandel.de\/wordpress\/wp-json\/wp\/v2\/product\/3407"}],"collection":[{"href":"http:\/\/pc-direkthandel.de\/wordpress\/wp-json\/wp\/v2\/product"}],"about":[{"href":"http:\/\/pc-direkthandel.de\/wordpress\/wp-json\/wp\/v2\/types\/product"}],"replies":[{"embeddable":true,"href":"http:\/\/pc-direkthandel.de\/wordpress\/wp-json\/wp\/v2\/comments?post=3407"}],"wp:featuredmedia":[{"embeddable":true,"href":"http:\/\/pc-direkthandel.de\/wordpress\/wp-json\/wp\/v2\/media\/3408"}],"wp:attachment":[{"href":"http:\/\/pc-direkthandel.de\/wordpress\/wp-json\/wp\/v2\/media?parent=3407"}],"wp:term":[{"taxonomy":"product_cat","embeddable":true,"href":"http:\/\/pc-direkthandel.de\/wordpress\/wp-json\/wp\/v2\/product_cat?post=3407"},{"taxonomy":"product_tag","embeddable":true,"href":"http:\/\/pc-direkthandel.de\/wordpress\/wp-json\/wp\/v2\/product_tag?post=3407"}],"curies":[{"name":"wp","href":"https:\/\/api.w.org\/{rel}","templated":true}]}}