{"id":3406,"date":"2019-09-30T21:33:46","date_gmt":"2019-09-30T19:33:46","guid":{"rendered":"http:\/\/pc-direkthandel.de\/wordpress\/?post_type=product&#038;p=3406"},"modified":"2019-09-30T21:35:53","modified_gmt":"2019-09-30T19:35:53","slug":"raspberry-pi-4-modell-b-4gb","status":"publish","type":"product","link":"http:\/\/pc-direkthandel.de\/wordpress\/product\/raspberry-pi-4-modell-b-4gb\/","title":{"rendered":"Raspberry Pi 4 Modell B 4GB"},"content":{"rendered":"<p>Die Geschwindigkeit und Leistung des neuen Raspberry Pi 4 ist ein Fortschritt gegen\u00fcber fr\u00fcheren Modellen. Zum ersten Mal hat Raspberry ein komplettes Desktop-Erlebnis geschaffen. Egal, ob Sie Dokumente bearbeiten, mit einer Reihe von ge\u00f6ffneten Registerkarten im Internet surfen, Tabellenkalkulationen jonglieren oder eine Pr\u00e4sentation entwerfen, Sie werden die Erfahrung glatt und deutlich erkennbar finden &#8211; aber auf einer kleineren, energieeffizienteren und viel kosteng\u00fcnstigeren Maschine.<\/p>\n<p><span class=\"bold\"><strong>Leise und energieeffizient<\/strong><\/span><\/p>\n<p>Der l\u00fcfterlose, energieeffiziente Raspberry Pi l\u00e4uft ger\u00e4uschlos und verbraucht weit weniger Strom als andere Computer.<\/p>\n<p><span class=\"bold\"><strong>USB 3.0<\/strong><\/span><\/p>\n<p>Ihr neuer Raspberry Pi 4 hat eine verbesserte USB-Kapazit\u00e4t: Neben zwei USB-2-Ports besitzt er auch zwei USB-3-Ports, die Daten bis zu zehnmal schneller \u00fcbertragen k\u00f6nnen<\/p>\n<p><span class=\"bold\"><strong>Schnelle Vernetzung<\/strong><\/span><\/p>\n<p>Raspberry Pi 4 kommt mit Gigabit-Ethernet, zusammen mit Onboard-WLAN und Bluetooth.<\/p>\n<p><span class=\"bold\"><strong>Sie ben\u00f6tigen<\/strong><\/span><\/p>\n<div class=\"itemizedlist\">\n<ul class=\"itemizedlist\">\n<li class=\"listitem\">Ein 15W USB-C Netzteil &#8211; wir empfehlen das offizielle Raspberry Pi USB-C Netzteil.<\/li>\n<li class=\"listitem\">Eine microSD-Karte, die mit NOOBS geladen ist, der Software, die das Betriebssystem installiert (kaufen Sie eine vorinstallierte SD-Karte zusammen mit Ihrem Raspberry Pi, oder laden Sie NOOBS herunter, um eine Karte selbst zu laden).<\/li>\n<li class=\"listitem\">Eine Tastatur und Maus<\/li>\n<li class=\"listitem\">Kabel zum Anschluss an ein oder zwei Displays \u00fcber die Mikro-HDMI-Anschl\u00fcsse des Raspberry Pi 4.<\/li>\n<\/ul>\n<\/div>\n","protected":false},"excerpt":{"rendered":"<p>Die Geschwindigkeit und Leistung des neuen Raspberry Pi 4 ist ein Fortschritt gegen\u00fcber fr\u00fcheren Modellen. Zum ersten Mal hat Raspberry ein komplettes Desktop-Erlebnis geschaffen. Egal, ob Sie Dokumente bearbeiten, mit einer Reihe von ge\u00f6ffneten Registerkarten im Internet surfen, Tabellenkalkulationen jonglieren oder eine Pr\u00e4sentation entwerfen, Sie werden die Erfahrung glatt und deutlich erkennbar finden &#8211; aber [&hellip;]<\/p>\n","protected":false},"featured_media":3405,"comment_status":"open","ping_status":"closed","template":"","meta":{"_acf_changed":false},"product_cat":[273],"product_tag":[],"acf":[],"jetpack_sharing_enabled":true,"_links":{"self":[{"href":"http:\/\/pc-direkthandel.de\/wordpress\/wp-json\/wp\/v2\/product\/3406"}],"collection":[{"href":"http:\/\/pc-direkthandel.de\/wordpress\/wp-json\/wp\/v2\/product"}],"about":[{"href":"http:\/\/pc-direkthandel.de\/wordpress\/wp-json\/wp\/v2\/types\/product"}],"replies":[{"embeddable":true,"href":"http:\/\/pc-direkthandel.de\/wordpress\/wp-json\/wp\/v2\/comments?post=3406"}],"wp:featuredmedia":[{"embeddable":true,"href":"http:\/\/pc-direkthandel.de\/wordpress\/wp-json\/wp\/v2\/media\/3405"}],"wp:attachment":[{"href":"http:\/\/pc-direkthandel.de\/wordpress\/wp-json\/wp\/v2\/media?parent=3406"}],"wp:term":[{"taxonomy":"product_cat","embeddable":true,"href":"http:\/\/pc-direkthandel.de\/wordpress\/wp-json\/wp\/v2\/product_cat?post=3406"},{"taxonomy":"product_tag","embeddable":true,"href":"http:\/\/pc-direkthandel.de\/wordpress\/wp-json\/wp\/v2\/product_tag?post=3406"}],"curies":[{"name":"wp","href":"https:\/\/api.w.org\/{rel}","templated":true}]}}