{"id":3400,"date":"2019-09-30T21:24:04","date_gmt":"2019-09-30T19:24:04","guid":{"rendered":"http:\/\/pc-direkthandel.de\/wordpress\/?post_type=product&#038;p=3400"},"modified":"2019-09-30T21:24:06","modified_gmt":"2019-09-30T19:24:06","slug":"raspberry-pi-3-modell-b","status":"publish","type":"product","link":"http:\/\/pc-direkthandel.de\/wordpress\/product\/raspberry-pi-3-modell-b\/","title":{"rendered":"Raspberry Pi 3 Modell B"},"content":{"rendered":"<p>Der Raspberry Pi 3 Model B sieht auf den ersten Blick wie der Pi 2 B aus. Es hat die gleiche Gr\u00f6\u00dfe und viele der gleichen Komponenten an Bord. Was liegt also der Unterschied? Der neue Pi 3 bietet mehr Prozessorleistung und Konnektivit\u00e4t auf der Platine und spart so Zeit bei der Entwicklung Ihrer Anwendungen. Perfekt f\u00fcr Ihre Designs mit dem Internet of Things (IoT).<\/p>\n<div class=\"formalpara\">\n<p class=\"title\"><span class=\"bold\"><strong>Pi 3 im Vergleich zum Pi 2<\/strong><\/span><\/p>\n<\/div>\n<p>Mehr Prozessorgeschwindigkeit. Die CPU des Pi 3 mit 1,2 GHz anderthalb mal schneller. Ihre Pi-Platine funktioniert besser.<\/p>\n<p>Konnektivit\u00e4t auf der Platine. Der Pi 3 ist mit 802.11 b\/g\/n 2,4 GHz Wireless LAN und Bluetooth Classic &amp; Low Energy (BLE) ausgestattet. Sie k\u00f6nnen sich viel schneller verbinden, ohne ein externes Ger\u00e4t zu ben\u00f6tigen.<\/p>\n<p>2,5-A-Netzteil. Mit mehr Prozessorgeschwindigkeit und integrierter Konnektivit\u00e4t, ben\u00f6tigen Sie mehr Strom. Netzteile f\u00fcr die vorherigen Pi-Platinen werden nicht ausreichen. Sie ben\u00f6tigen das offizielle Raspberry-Pi 3-Netzteil (9098126 \u2013 wei\u00df) oder (9098135 \u2013 schwarz).<\/p>\n<p>Neue Komponenten. Der Pi 3 verf\u00fcgt \u00fcber eine Chip-Antenne wo sich zuvor die Status-LEDs befanden. Die Status-LEDs befinden sich noch immer auf der Platine, direkt neben dem Steckplatz f\u00fcr die microSD-Karte.<\/p>\n<div class=\"formalpara\">\n<p class=\"title\"><span class=\"bold\"><strong>Neu bei Raspberry Pi<\/strong><\/span><\/p>\n<\/div>\n<p>Der Raspberry Pi ist eine Computerplatine \u2013 entwickelt, um die Ausbildung in der Programmierung und Computertechnik zu unterst\u00fctzen. Er ist au\u00dferdem ein guter Ausgangspunkt f\u00fcr die Entwicklung von Projekten f\u00fcr das Internet of Things (IoT). Die niedrigen Kosten und die &#8222;Plug and Play&#8220;-Natur des Pi machen daraus eine leicht zug\u00e4ngliche Platine, die \u00fcber zahlreiche Konnektivit\u00e4tsm\u00f6glichkeiten verf\u00fcgt. Der Pi ist das perfekte Experimentierwerkzeug, wenn Sie ihn als Desktop-Computer, Medienzentrum, Server oder \u00dcberwachungs-\/Sicherheitsger\u00e4t bei sich zu Hause nutzen m\u00f6chten. Es gibt keine Grenzen. Linux-basierte Betriebssysteme laufen auf dem Pi mit reichlich Zugang zu kostenloser Software und Downloads. Dar\u00fcber hinaus gibt es eine rege Pi-Community da drau\u00dfen \u2013 schauen Sie mal auf DesignSpark, der Entwickler-Community von RS, vorbei!<\/p>\n","protected":false},"excerpt":{"rendered":"<p>Der Raspberry Pi 3 Model B sieht auf den ersten Blick wie der Pi 2 B aus. Es hat die gleiche Gr\u00f6\u00dfe und viele der gleichen Komponenten an Bord. Was liegt also der Unterschied? Der neue Pi 3 bietet mehr Prozessorleistung und Konnektivit\u00e4t auf der Platine und spart so Zeit bei der Entwicklung Ihrer Anwendungen. [&hellip;]<\/p>\n","protected":false},"featured_media":3401,"comment_status":"open","ping_status":"closed","template":"","meta":{"_acf_changed":false},"product_cat":[273],"product_tag":[],"acf":[],"jetpack_sharing_enabled":true,"_links":{"self":[{"href":"http:\/\/pc-direkthandel.de\/wordpress\/wp-json\/wp\/v2\/product\/3400"}],"collection":[{"href":"http:\/\/pc-direkthandel.de\/wordpress\/wp-json\/wp\/v2\/product"}],"about":[{"href":"http:\/\/pc-direkthandel.de\/wordpress\/wp-json\/wp\/v2\/types\/product"}],"replies":[{"embeddable":true,"href":"http:\/\/pc-direkthandel.de\/wordpress\/wp-json\/wp\/v2\/comments?post=3400"}],"wp:featuredmedia":[{"embeddable":true,"href":"http:\/\/pc-direkthandel.de\/wordpress\/wp-json\/wp\/v2\/media\/3401"}],"wp:attachment":[{"href":"http:\/\/pc-direkthandel.de\/wordpress\/wp-json\/wp\/v2\/media?parent=3400"}],"wp:term":[{"taxonomy":"product_cat","embeddable":true,"href":"http:\/\/pc-direkthandel.de\/wordpress\/wp-json\/wp\/v2\/product_cat?post=3400"},{"taxonomy":"product_tag","embeddable":true,"href":"http:\/\/pc-direkthandel.de\/wordpress\/wp-json\/wp\/v2\/product_tag?post=3400"}],"curies":[{"name":"wp","href":"https:\/\/api.w.org\/{rel}","templated":true}]}}