{"id":3382,"date":"2019-09-30T18:33:47","date_gmt":"2019-09-30T16:33:47","guid":{"rendered":"http:\/\/pc-direkthandel.de\/wordpress\/?post_type=product&#038;p=3382"},"modified":"2019-09-30T18:36:13","modified_gmt":"2019-09-30T16:36:13","slug":"shuttle-xpc-slim-ds77u7","status":"publish","type":"product","link":"http:\/\/pc-direkthandel.de\/wordpress\/product\/shuttle-xpc-slim-ds77u7\/","title":{"rendered":"SHUTTLE XPC Slim DS77U7"},"content":{"rendered":"<p>Das DS77U7 ist ein schlanker, l\u00fcfterloser Barebone-PC in einem robusten Metallgeh\u00e4use mit universellen Anschlussm\u00f6glichkeiten: zweimal HDMI, DisplayPort, zweimal Intel-Netzwerk, USB 3.0\/2.0, serielle Ports, Audio, Cardreader und integriertes WLAN. Sehr einfach gelingt die Installation der Komponenten &#8211; zwei Speichermodule, ein 2,5&#8243;-Laufwerk und eine M.2-2280 SSD finden hinter den praktischen Abdeckungen Platz. Der aufgel\u00f6tete Intel &#8222;Kaby Lake-U&#8220; Dual-Core-Prozessor mit integrierter Grafikfunktion bietet gen\u00fcgend Performance f\u00fcr die Wiedergabe von Inhalten in 4K-Aufl\u00f6sung. Dank komplett passiver K\u00fchlung ist das System praktisch wartungsfrei, f\u00fcr den 24\/7-Dauerbetrieb geeignet und au\u00dferdem sehr sparsam. Es ist ideal einsetzbar f\u00fcr professionelle Anwendungen wie Digital Signage, POS, Steuerung, Office oder als Media-PC.<\/p>\n","protected":false},"excerpt":{"rendered":"<p>Das DS77U7 ist ein schlanker, l\u00fcfterloser Barebone-PC in einem robusten Metallgeh\u00e4use mit universellen Anschlussm\u00f6glichkeiten: zweimal HDMI, DisplayPort, zweimal Intel-Netzwerk, USB 3.0\/2.0, serielle Ports, Audio, Cardreader und integriertes WLAN. Sehr einfach gelingt die Installation der Komponenten &#8211; zwei Speichermodule, ein 2,5&#8243;-Laufwerk und eine M.2-2280 SSD finden hinter den praktischen Abdeckungen Platz. Der aufgel\u00f6tete Intel &#8222;Kaby Lake-U&#8220; [&hellip;]<\/p>\n","protected":false},"featured_media":3372,"comment_status":"open","ping_status":"closed","template":"","meta":{"_acf_changed":false},"product_cat":[269],"product_tag":[],"acf":[],"jetpack_sharing_enabled":true,"_links":{"self":[{"href":"http:\/\/pc-direkthandel.de\/wordpress\/wp-json\/wp\/v2\/product\/3382"}],"collection":[{"href":"http:\/\/pc-direkthandel.de\/wordpress\/wp-json\/wp\/v2\/product"}],"about":[{"href":"http:\/\/pc-direkthandel.de\/wordpress\/wp-json\/wp\/v2\/types\/product"}],"replies":[{"embeddable":true,"href":"http:\/\/pc-direkthandel.de\/wordpress\/wp-json\/wp\/v2\/comments?post=3382"}],"wp:featuredmedia":[{"embeddable":true,"href":"http:\/\/pc-direkthandel.de\/wordpress\/wp-json\/wp\/v2\/media\/3372"}],"wp:attachment":[{"href":"http:\/\/pc-direkthandel.de\/wordpress\/wp-json\/wp\/v2\/media?parent=3382"}],"wp:term":[{"taxonomy":"product_cat","embeddable":true,"href":"http:\/\/pc-direkthandel.de\/wordpress\/wp-json\/wp\/v2\/product_cat?post=3382"},{"taxonomy":"product_tag","embeddable":true,"href":"http:\/\/pc-direkthandel.de\/wordpress\/wp-json\/wp\/v2\/product_tag?post=3382"}],"curies":[{"name":"wp","href":"https:\/\/api.w.org\/{rel}","templated":true}]}}