{"id":3380,"date":"2019-09-30T18:29:51","date_gmt":"2019-09-30T16:29:51","guid":{"rendered":"http:\/\/pc-direkthandel.de\/wordpress\/?post_type=product&#038;p=3380"},"modified":"2019-09-30T18:31:45","modified_gmt":"2019-09-30T16:31:45","slug":"shuttle-xpc-nano-nc03u5","status":"publish","type":"product","link":"http:\/\/pc-direkthandel.de\/wordpress\/product\/shuttle-xpc-nano-nc03u5\/","title":{"rendered":"SHUTTLE XPC nano NC03U5"},"content":{"rendered":"<p>Die NC03U-Serie ist mit sparsamen Intel ULV (ultra-low-voltage) Prozessoren der &#8222;Kaby Lake&#8220; Generation ausgestattet. Im Vergleich zur NC02U-Serie bringt diese h\u00f6here Taktfrequenzen, mehr Grafik-Performance und Unterst\u00fctzung von schnellerem DDR4-Speicher bis zu 2x 16 GB mit sich. Weiterhin k\u00f6nnen ein 2,5&#8243;-Laufwerk mit voller 15 mm Bauh\u00f6he sowie eine M.2-2280 SSD-Karte mit NVMe-Funktion eingebaut werden. Der DisplayPort unterst\u00fctzt Videos mit 4K-Aufl\u00f6sung und 60 Bildern\/Sek und ein weiteres Display kann per HDMI verbunden werden. USB 3.0 Ger\u00e4te k\u00f6nnen wahlweise mit Typ-A oder Typ-C Stecker angeschlossen werden. Professionelle Anwender sch\u00e4tzen den Intel Netzwerk-Chip und den COM-Port. Die NC03U-Serie ist ideal einsetzbar f\u00fcr Anwendungen wie Digital Signage, POS, Steuerung, Office-PC oder als Media-PC.<\/p>\n","protected":false},"excerpt":{"rendered":"<p>Die NC03U-Serie ist mit sparsamen Intel ULV (ultra-low-voltage) Prozessoren der &#8222;Kaby Lake&#8220; Generation ausgestattet. Im Vergleich zur NC02U-Serie bringt diese h\u00f6here Taktfrequenzen, mehr Grafik-Performance und Unterst\u00fctzung von schnellerem DDR4-Speicher bis zu 2x 16 GB mit sich. Weiterhin k\u00f6nnen ein 2,5&#8243;-Laufwerk mit voller 15 mm Bauh\u00f6he sowie eine M.2-2280 SSD-Karte mit NVMe-Funktion eingebaut werden. Der DisplayPort [&hellip;]<\/p>\n","protected":false},"featured_media":3362,"comment_status":"open","ping_status":"closed","template":"","meta":{"_acf_changed":false},"product_cat":[269],"product_tag":[],"acf":[],"jetpack_sharing_enabled":true,"_links":{"self":[{"href":"http:\/\/pc-direkthandel.de\/wordpress\/wp-json\/wp\/v2\/product\/3380"}],"collection":[{"href":"http:\/\/pc-direkthandel.de\/wordpress\/wp-json\/wp\/v2\/product"}],"about":[{"href":"http:\/\/pc-direkthandel.de\/wordpress\/wp-json\/wp\/v2\/types\/product"}],"replies":[{"embeddable":true,"href":"http:\/\/pc-direkthandel.de\/wordpress\/wp-json\/wp\/v2\/comments?post=3380"}],"wp:featuredmedia":[{"embeddable":true,"href":"http:\/\/pc-direkthandel.de\/wordpress\/wp-json\/wp\/v2\/media\/3362"}],"wp:attachment":[{"href":"http:\/\/pc-direkthandel.de\/wordpress\/wp-json\/wp\/v2\/media?parent=3380"}],"wp:term":[{"taxonomy":"product_cat","embeddable":true,"href":"http:\/\/pc-direkthandel.de\/wordpress\/wp-json\/wp\/v2\/product_cat?post=3380"},{"taxonomy":"product_tag","embeddable":true,"href":"http:\/\/pc-direkthandel.de\/wordpress\/wp-json\/wp\/v2\/product_tag?post=3380"}],"curies":[{"name":"wp","href":"https:\/\/api.w.org\/{rel}","templated":true}]}}