{"id":3379,"date":"2019-09-30T18:23:06","date_gmt":"2019-09-30T16:23:06","guid":{"rendered":"http:\/\/pc-direkthandel.de\/wordpress\/?post_type=product&#038;p=3379"},"modified":"2019-09-30T18:25:23","modified_gmt":"2019-09-30T16:25:23","slug":"shuttle-xpc-nano-ns02e","status":"publish","type":"product","link":"http:\/\/pc-direkthandel.de\/wordpress\/product\/shuttle-xpc-nano-ns02e\/","title":{"rendered":"SHUTTLE XPC nano NS02E"},"content":{"rendered":"<p>Das Shuttle XPC nano NS02E geh\u00f6rt zu den preisg\u00fcnstigsten Modellen der Shuttle XPC Produktfamilie. Es \u00fcberzeugt nicht nur durch stilvolles Aussehen und Stabilit\u00e4t, sondern ist dank des Acht-Kern ARM-Prozessors und dem vorinstallierten Android Betriebssystem besonders leistungsf\u00e4hig. Mit HDMI 2.0, 3x USB, Gigabit-LAN, Wireless LAN und Cardreader sind vielf\u00e4ltige Anschlussm\u00f6glichkeiten f\u00fcr diverse Anwendungsszenarien vorhanden. Die NS02E-Version unterst\u00fctzt Power-over-Ethernet (PoE), w\u00e4hrend NS02A \u00fcber ein Netzteil versorgt wird. NS02A\/NS02E sind insbesonders f\u00fcr Digital Signage und Thin Client Anwendungen konzipiert.<\/p>\n","protected":false},"excerpt":{"rendered":"<p>Das Shuttle XPC nano NS02E geh\u00f6rt zu den preisg\u00fcnstigsten Modellen der Shuttle XPC Produktfamilie. Es \u00fcberzeugt nicht nur durch stilvolles Aussehen und Stabilit\u00e4t, sondern ist dank des Acht-Kern ARM-Prozessors und dem vorinstallierten Android Betriebssystem besonders leistungsf\u00e4hig. Mit HDMI 2.0, 3x USB, Gigabit-LAN, Wireless LAN und Cardreader sind vielf\u00e4ltige Anschlussm\u00f6glichkeiten f\u00fcr diverse Anwendungsszenarien vorhanden. Die NS02E-Version [&hellip;]<\/p>\n","protected":false},"featured_media":3374,"comment_status":"open","ping_status":"closed","template":"","meta":{"_acf_changed":false},"product_cat":[271],"product_tag":[],"acf":[],"jetpack_sharing_enabled":true,"_links":{"self":[{"href":"http:\/\/pc-direkthandel.de\/wordpress\/wp-json\/wp\/v2\/product\/3379"}],"collection":[{"href":"http:\/\/pc-direkthandel.de\/wordpress\/wp-json\/wp\/v2\/product"}],"about":[{"href":"http:\/\/pc-direkthandel.de\/wordpress\/wp-json\/wp\/v2\/types\/product"}],"replies":[{"embeddable":true,"href":"http:\/\/pc-direkthandel.de\/wordpress\/wp-json\/wp\/v2\/comments?post=3379"}],"wp:featuredmedia":[{"embeddable":true,"href":"http:\/\/pc-direkthandel.de\/wordpress\/wp-json\/wp\/v2\/media\/3374"}],"wp:attachment":[{"href":"http:\/\/pc-direkthandel.de\/wordpress\/wp-json\/wp\/v2\/media?parent=3379"}],"wp:term":[{"taxonomy":"product_cat","embeddable":true,"href":"http:\/\/pc-direkthandel.de\/wordpress\/wp-json\/wp\/v2\/product_cat?post=3379"},{"taxonomy":"product_tag","embeddable":true,"href":"http:\/\/pc-direkthandel.de\/wordpress\/wp-json\/wp\/v2\/product_tag?post=3379"}],"curies":[{"name":"wp","href":"https:\/\/api.w.org\/{rel}","templated":true}]}}