{"id":3377,"date":"2019-09-30T18:16:08","date_gmt":"2019-09-30T16:16:08","guid":{"rendered":"http:\/\/pc-direkthandel.de\/wordpress\/?post_type=product&#038;p=3377"},"modified":"2019-09-30T18:20:14","modified_gmt":"2019-09-30T16:20:14","slug":"shuttle-xpc-nano-nc3000xa","status":"publish","type":"product","link":"http:\/\/pc-direkthandel.de\/wordpress\/product\/shuttle-xpc-nano-nc3000xa\/","title":{"rendered":"SHUTTLE XPC nano NC3000XA"},"content":{"rendered":"<p>Das XPC nano NC3000XA PC-System ist mit sparsamen Intel ULV (ultra-low-voltage) Prozessoren der &#8222;Kaby Lake&#8220; Generation ausgestattet. Au\u00dferdem sind enthalten: 4 GB RAM und eine 128 GB SSD, jedoch kein Betriebssystem. Der DisplayPort unterst\u00fctzt Videos mit 4K-Aufl\u00f6sung und 60 Bildern\/Sek und ein weiteres Display kann per HDMI verbunden werden. USB 3.0 Ger\u00e4te k\u00f6nnen wahlweise mit Typ-A oder Typ-C Stecker angeschlossen werden. Professionelle Anwender sch\u00e4tzen den Intel Netzwerk-Chip und den COM-Port. Dieses System ist ideal einsetzbar f\u00fcr Anwendungen wie Digital Signage, POS, Steuerung, Office-PC oder als Media-PC.<\/p>\n","protected":false},"excerpt":{"rendered":"<p>Das XPC nano NC3000XA PC-System ist mit sparsamen Intel ULV (ultra-low-voltage) Prozessoren der &#8222;Kaby Lake&#8220; Generation ausgestattet. Au\u00dferdem sind enthalten: 4 GB RAM und eine 128 GB SSD, jedoch kein Betriebssystem. Der DisplayPort unterst\u00fctzt Videos mit 4K-Aufl\u00f6sung und 60 Bildern\/Sek und ein weiteres Display kann per HDMI verbunden werden. USB 3.0 Ger\u00e4te k\u00f6nnen wahlweise mit [&hellip;]<\/p>\n","protected":false},"featured_media":3362,"comment_status":"open","ping_status":"closed","template":"","meta":{"_acf_changed":false},"product_cat":[271],"product_tag":[],"acf":[],"jetpack_sharing_enabled":true,"_links":{"self":[{"href":"http:\/\/pc-direkthandel.de\/wordpress\/wp-json\/wp\/v2\/product\/3377"}],"collection":[{"href":"http:\/\/pc-direkthandel.de\/wordpress\/wp-json\/wp\/v2\/product"}],"about":[{"href":"http:\/\/pc-direkthandel.de\/wordpress\/wp-json\/wp\/v2\/types\/product"}],"replies":[{"embeddable":true,"href":"http:\/\/pc-direkthandel.de\/wordpress\/wp-json\/wp\/v2\/comments?post=3377"}],"wp:featuredmedia":[{"embeddable":true,"href":"http:\/\/pc-direkthandel.de\/wordpress\/wp-json\/wp\/v2\/media\/3362"}],"wp:attachment":[{"href":"http:\/\/pc-direkthandel.de\/wordpress\/wp-json\/wp\/v2\/media?parent=3377"}],"wp:term":[{"taxonomy":"product_cat","embeddable":true,"href":"http:\/\/pc-direkthandel.de\/wordpress\/wp-json\/wp\/v2\/product_cat?post=3377"},{"taxonomy":"product_tag","embeddable":true,"href":"http:\/\/pc-direkthandel.de\/wordpress\/wp-json\/wp\/v2\/product_tag?post=3377"}],"curies":[{"name":"wp","href":"https:\/\/api.w.org\/{rel}","templated":true}]}}