{"id":3369,"date":"2019-09-30T17:54:48","date_gmt":"2019-09-30T15:54:48","guid":{"rendered":"http:\/\/pc-direkthandel.de\/wordpress\/?post_type=product&#038;p=3369"},"modified":"2019-09-30T18:00:12","modified_gmt":"2019-09-30T16:00:12","slug":"shuttle-xpc-p20u-aio","status":"publish","type":"product","link":"http:\/\/pc-direkthandel.de\/wordpress\/product\/shuttle-xpc-p20u-aio\/","title":{"rendered":"SHUTTLE XPC P20U AiO"},"content":{"rendered":"<p>Der Shuttle XPC all-in-one P20U mit 11,6&#8243;-Multitouch-Display positioniert sich als platzsparendes Kassensystem oder als Bedieneinheit f\u00fcr Medienwiedergabe oder Automation. Mit dem praktischen Klappfu\u00df l\u00e4sst sich die Neigung individuell anpassen, aber auch die Montage an einem VESA-Standfu\u00df oder Wandhalterung ist m\u00f6glich. Die Vorderseite ist gegen Staub und Spritzwasser gem\u00e4\u00df der Schutzart IP54 gesch\u00fctzt. Auf der Unterseite sorgt eine abnehmbare Kabel-Sammelbox f\u00fcr Ordnung. Dank komplett passiver K\u00fchlung ist das System praktisch ger\u00e4uschlos, wartungsfrei und f\u00fcr den 24\/7-Dauerbetrieb geeignet.<\/p>\n<p><span class=\"bold\"><strong>Steuern Sie Ihre Software mit dem Finger \u2013 Multi-touch<\/strong><\/span><\/p>\n<p>Der Touchscreen ist eines der einfachsten Eingabeger\u00e4te und deshalb die erste Wahl f\u00fcr eine Vielzahl von Anwendungen, wo eine einfache Interaktion zwischen Mensch und PC erforderlich ist. Mit einem Touchscreen kann auf Informationen einfacher und schneller zugegriffen werden, da der Anwender f\u00fcr seine Auswahl lediglich intuitiv den Bildschirm ber\u00fchren muss. Dar\u00fcber hinaus ist nat\u00fcrlich weiterhin der Anschluss von Maus und Tastatur per USB m\u00f6glich.<\/p>\n<p><span class=\"bold\"><strong>24\/7 Dauerbetrieb<\/strong><\/span><\/p>\n<p>Der Shuttle XPC all-in-one P20U ist offiziell f\u00fcr den 24-Stunden-Dauerbetrieb (24\/7) freigegeben. Dank seiner niedrigen Verlustleistung und der passiven K\u00fchlung ist dieser PC besonders zuverl\u00e4ssig und somit ideal verwendbar f\u00fcr Digital Signage und POI\/POS-Anwendungen.<\/p>\n<p>Voraussetzungen f\u00fcr den Dauerbetrieb:<\/p>\n<div class=\"itemizedlist\">\n<ul class=\"itemizedlist\">\n<li class=\"listitem\">Umgebungstemperatur im Betrieb: 5-40 \u00b0C<\/li>\n<li class=\"listitem\">Luftfeuchtigkeit im Betrieb: 10-80 % (nicht kondensierend)<\/li>\n<li class=\"listitem\">Freie Luftzirkulation in der Umgebung des PCs<\/li>\n<li class=\"listitem\">Frei zug\u00e4ngliche L\u00fcftungsl\u00f6cher am Ger\u00e4t<\/li>\n<li class=\"listitem\">Falls eine Festplatte eingebaut wird, so muss diese vom Hersteller<\/li>\n<li class=\"listitem\">ebenfalls f\u00fcr den 24\/7-Betrieb zugelassen worden sein.<\/li>\n<\/ul>\n<\/div>\n<p><span class=\"bold\"><strong>L\u00fcfterlos und leise<\/strong><\/span><\/p>\n<p>Der Shuttle XPC all-in-one P20U ist mit einem passiven K\u00fchlsystem ausgestattet, das die entstehende W\u00e4rme effizient an die Umgebung ableitet. Dank seines einzigartigen l\u00fcfterlosen Designs ist dieser PC auch in ger\u00e4uschsensiblen Umgebungeneinsetzbar. Ebenso kommt es in l\u00fcfterlosen Geh\u00e4usen zu deutlich weniger Verunreinigungen durch Staub. Er ist also nicht nur leise und sparsam im Energieverbrauch, sondern auch praktisch wartungsfrei.<\/p>\n<p><span class=\"bold\"><strong>Schutzart IP54<\/strong><\/span><\/p>\n<p>Die Vorderseite des Shuttle XPC all-in-one P20U ist nach EN-Schutzart IP54 gegen Staub und Spritzwasser gesch\u00fctzt . Somit l\u00e4sst sich dieser Allin-One PC im Innenbereich auch dort nutzen, wo die Bedienung mit nassen H\u00e4nden erfolgt oder leichte Spritzer auf den Bildschirm gelangen, wie es z. B. bei Anwendungen im Restaurant, im Labor oder bei der Produktion vorkommen kann.<\/p>\n<p><span class=\"bold\"><strong>Optimiertes Kabelmanagement<\/strong><\/span><\/p>\n<p>Die meisten Anschl\u00fcsse werden auf der R\u00fcckseite unten aus der praktischen Kabel-Sammelbox herausgef\u00fchrt, so dass die Kabel geordnet vom PC weggef\u00fchrt werden k\u00f6nnen. Dies erm\u00f6glicht k\u00fcrzere Kabel und sorgt f\u00fcr ein ordentliches Erscheinungsbild. Seitlich belassen wurden lediglich solche Anschl\u00fcsse, die auch von vorne leicht zug\u00e4nglich sein m\u00fcssen: Cardreader und zwei USBs.<\/p>\n","protected":false},"excerpt":{"rendered":"<p>Der Shuttle XPC all-in-one P20U mit 11,6&#8243;-Multitouch-Display positioniert sich als platzsparendes Kassensystem oder als Bedieneinheit f\u00fcr Medienwiedergabe oder Automation. Mit dem praktischen Klappfu\u00df l\u00e4sst sich die Neigung individuell anpassen, aber auch die Montage an einem VESA-Standfu\u00df oder Wandhalterung ist m\u00f6glich. Die Vorderseite ist gegen Staub und Spritzwasser gem\u00e4\u00df der Schutzart IP54 gesch\u00fctzt. Auf der Unterseite [&hellip;]<\/p>\n","protected":false},"featured_media":3370,"comment_status":"open","ping_status":"closed","template":"","meta":{"_acf_changed":false},"product_cat":[269],"product_tag":[],"acf":[],"jetpack_sharing_enabled":true,"_links":{"self":[{"href":"http:\/\/pc-direkthandel.de\/wordpress\/wp-json\/wp\/v2\/product\/3369"}],"collection":[{"href":"http:\/\/pc-direkthandel.de\/wordpress\/wp-json\/wp\/v2\/product"}],"about":[{"href":"http:\/\/pc-direkthandel.de\/wordpress\/wp-json\/wp\/v2\/types\/product"}],"replies":[{"embeddable":true,"href":"http:\/\/pc-direkthandel.de\/wordpress\/wp-json\/wp\/v2\/comments?post=3369"}],"wp:featuredmedia":[{"embeddable":true,"href":"http:\/\/pc-direkthandel.de\/wordpress\/wp-json\/wp\/v2\/media\/3370"}],"wp:attachment":[{"href":"http:\/\/pc-direkthandel.de\/wordpress\/wp-json\/wp\/v2\/media?parent=3369"}],"wp:term":[{"taxonomy":"product_cat","embeddable":true,"href":"http:\/\/pc-direkthandel.de\/wordpress\/wp-json\/wp\/v2\/product_cat?post=3369"},{"taxonomy":"product_tag","embeddable":true,"href":"http:\/\/pc-direkthandel.de\/wordpress\/wp-json\/wp\/v2\/product_tag?post=3369"}],"curies":[{"name":"wp","href":"https:\/\/api.w.org\/{rel}","templated":true}]}}