{"id":3367,"date":"2019-09-30T17:51:10","date_gmt":"2019-09-30T15:51:10","guid":{"rendered":"http:\/\/pc-direkthandel.de\/wordpress\/?post_type=product&#038;p=3367"},"modified":"2019-09-30T17:54:23","modified_gmt":"2019-09-30T15:54:23","slug":"shuttle-xpc-slim-dx30","status":"publish","type":"product","link":"http:\/\/pc-direkthandel.de\/wordpress\/product\/shuttle-xpc-slim-dx30\/","title":{"rendered":"SHUTTLE XPC Slim DX30"},"content":{"rendered":"<p>Das Shuttle XPC slim Barebone DX30 ist der Nachfolger von Shuttles XS35\/XS36-Serie. Dieser l\u00fcfterlose Slim PC Barebone mit sparsamem Intel Celeron J3355 &#8222;Apollo Lake&#8220; Prozessor eignet sich sowohl zum Bau von besonders schlanken Nettops mit Laufwerken und Betriebssystem, als auch f\u00fcr rein netzwerkbasierende Anwendungen in Client\/Server-Umgebungen. Die integrierte Grafik basiert auf Intels leistungsstarker Intel HD Graphics 500 (Gen. 9) mit Hardware-Beschleunigung f\u00fcr 4K Video Encoding\/Decoding mit H.265 und VP9. Zusammen mit SSD-Speicher ist das l\u00fcfterlose System praktisch ger\u00e4uschlos und auch f\u00fcr den Dauerbetrieb geeignet.<\/p>\n","protected":false},"excerpt":{"rendered":"<p>Das Shuttle XPC slim Barebone DX30 ist der Nachfolger von Shuttles XS35\/XS36-Serie. Dieser l\u00fcfterlose Slim PC Barebone mit sparsamem Intel Celeron J3355 &#8222;Apollo Lake&#8220; Prozessor eignet sich sowohl zum Bau von besonders schlanken Nettops mit Laufwerken und Betriebssystem, als auch f\u00fcr rein netzwerkbasierende Anwendungen in Client\/Server-Umgebungen. Die integrierte Grafik basiert auf Intels leistungsstarker Intel HD [&hellip;]<\/p>\n","protected":false},"featured_media":3368,"comment_status":"open","ping_status":"closed","template":"","meta":{"_acf_changed":false},"product_cat":[269],"product_tag":[],"acf":[],"jetpack_sharing_enabled":true,"_links":{"self":[{"href":"http:\/\/pc-direkthandel.de\/wordpress\/wp-json\/wp\/v2\/product\/3367"}],"collection":[{"href":"http:\/\/pc-direkthandel.de\/wordpress\/wp-json\/wp\/v2\/product"}],"about":[{"href":"http:\/\/pc-direkthandel.de\/wordpress\/wp-json\/wp\/v2\/types\/product"}],"replies":[{"embeddable":true,"href":"http:\/\/pc-direkthandel.de\/wordpress\/wp-json\/wp\/v2\/comments?post=3367"}],"wp:featuredmedia":[{"embeddable":true,"href":"http:\/\/pc-direkthandel.de\/wordpress\/wp-json\/wp\/v2\/media\/3368"}],"wp:attachment":[{"href":"http:\/\/pc-direkthandel.de\/wordpress\/wp-json\/wp\/v2\/media?parent=3367"}],"wp:term":[{"taxonomy":"product_cat","embeddable":true,"href":"http:\/\/pc-direkthandel.de\/wordpress\/wp-json\/wp\/v2\/product_cat?post=3367"},{"taxonomy":"product_tag","embeddable":true,"href":"http:\/\/pc-direkthandel.de\/wordpress\/wp-json\/wp\/v2\/product_tag?post=3367"}],"curies":[{"name":"wp","href":"https:\/\/api.w.org\/{rel}","templated":true}]}}