{"id":3327,"date":"2019-09-29T20:44:18","date_gmt":"2019-09-29T18:44:18","guid":{"rendered":"http:\/\/pc-direkthandel.de\/wordpress\/?post_type=product&#038;p=3327"},"modified":"2019-09-29T20:57:15","modified_gmt":"2019-09-29T18:57:15","slug":"huawei-matebook","status":"publish","type":"product","link":"http:\/\/pc-direkthandel.de\/wordpress\/product\/huawei-matebook\/","title":{"rendered":"HUAWEI MateBook"},"content":{"rendered":"<p>Stellen Sie sich vor, Sie setzen sich an den Computer. Er erkennt Sie als zugangsberechtigte Person \u2013 ganz bequem ohne kompliziertes Passwort. Dann starten Sie zu einem Testflug durch \u2013 mittendrin fragen Sie sich, was der H\u00f6henrekord der SR-71 ist. Ihr digitaler Assistent wei\u00df die Antwort. Apropos Rekord, nat\u00fcrlich startet Ihr Notebook (fast) so schnell wie The Flash und ist besonders flach. Das klingt nach Comic-Held? Mitnichten. Alles, was Sie daf\u00fcr ben\u00f6tigen, ist ein modernes Notebook oder Convertible mit Windows 10: Windows Hello erleichtert den Login in Zusammenarbeit mit IR-Kamera, Fingerprint-Sensor oder PIN-Code. Die digitale Assistentin Cortana ist Ihr pers\u00f6nlicher Jarvis. Dank modernem Speicher wie eMMC, SSD oder Intel Optane ist Ihr Windows-Modern-Ger\u00e4t schlank und schnell. Bei Ger\u00e4ten mit Windows Ink schreiben Sie sogar mit einem Stift auf dem Display. Und greifen Schurken und B\u00f6sewichte Sie im Laufe des Tages an, werden Sie davon nicht bel\u00e4stigt, denn im Hintergrund wehrt ein ganzes Team von Helden die Angriffe ab. Schlie\u00dflich werden eventuelle Sicherheitsl\u00fccken in Windows 10 \u00fcber viele Jahre hinweg behoben \u2013 ganz im Gegensatz zum alten Windows 7, dessen Support auf 10 Jahre beschr\u00e4nkt ist.<\/p>\n","protected":false},"excerpt":{"rendered":"<p>Stellen Sie sich vor, Sie setzen sich an den Computer. Er erkennt Sie als zugangsberechtigte Person \u2013 ganz bequem ohne kompliziertes Passwort. Dann starten Sie zu einem Testflug durch \u2013 mittendrin fragen Sie sich, was der H\u00f6henrekord der SR-71 ist. Ihr digitaler Assistent wei\u00df die Antwort. Apropos Rekord, nat\u00fcrlich startet Ihr Notebook (fast) so schnell [&hellip;]<\/p>\n","protected":false},"featured_media":3328,"comment_status":"open","ping_status":"closed","template":"","meta":{"_acf_changed":false},"product_cat":[264],"product_tag":[],"acf":[],"jetpack_sharing_enabled":true,"_links":{"self":[{"href":"http:\/\/pc-direkthandel.de\/wordpress\/wp-json\/wp\/v2\/product\/3327"}],"collection":[{"href":"http:\/\/pc-direkthandel.de\/wordpress\/wp-json\/wp\/v2\/product"}],"about":[{"href":"http:\/\/pc-direkthandel.de\/wordpress\/wp-json\/wp\/v2\/types\/product"}],"replies":[{"embeddable":true,"href":"http:\/\/pc-direkthandel.de\/wordpress\/wp-json\/wp\/v2\/comments?post=3327"}],"wp:featuredmedia":[{"embeddable":true,"href":"http:\/\/pc-direkthandel.de\/wordpress\/wp-json\/wp\/v2\/media\/3328"}],"wp:attachment":[{"href":"http:\/\/pc-direkthandel.de\/wordpress\/wp-json\/wp\/v2\/media?parent=3327"}],"wp:term":[{"taxonomy":"product_cat","embeddable":true,"href":"http:\/\/pc-direkthandel.de\/wordpress\/wp-json\/wp\/v2\/product_cat?post=3327"},{"taxonomy":"product_tag","embeddable":true,"href":"http:\/\/pc-direkthandel.de\/wordpress\/wp-json\/wp\/v2\/product_tag?post=3327"}],"curies":[{"name":"wp","href":"https:\/\/api.w.org\/{rel}","templated":true}]}}