{"id":3319,"date":"2019-09-29T20:23:17","date_gmt":"2019-09-29T18:23:17","guid":{"rendered":"http:\/\/pc-direkthandel.de\/wordpress\/?post_type=product&#038;p=3319"},"modified":"2019-09-29T20:28:45","modified_gmt":"2019-09-29T18:28:45","slug":"samsung-galaxy-book-10-6-w620","status":"publish","type":"product","link":"http:\/\/pc-direkthandel.de\/wordpress\/product\/samsung-galaxy-book-10-6-w620\/","title":{"rendered":"SAMSUNG Galaxy Book 10.6 W620"},"content":{"rendered":"<p>Das Samsung Galaxy Book 10.6 bringt hohe Anforderungen an Mobilit\u00e4t, Vielseitigkeit, Kompatibilit\u00e4t und Leistungsf\u00e4higkeit auf einen kompakten gemeinsamen Nenner. Daher ist es sowohl f\u00fcr den herausfordernden Businesseinsatz, als auch f\u00fcr die anspruchsvolle Privatnutzung bestens geeignet. Durch das geringe Gewicht und die schlanke Bauweise verk\u00f6rpert es die portablen Eigenschaften eines Tablets. Dabei \u00fcberzeugt das Geh\u00e4use aus Magnesium auch mit seinem eleganten Design. Ausgestattet mit Microsoft Windows, schnellen Intel-Prozessoren, einer in das Schutzcover integrierten Tastatur sowie viel Arbeitsspeicher erm\u00f6glicht das Galaxy Book 10.6 zugleich eine PC-\u00e4hnliche Nutzung. Die variablen Anwendungsm\u00f6glichkeiten reichen bis hin zu komplexen Programmen und einem fl\u00fcssigen Multitasking. Diese leistungsstarke Funktionalit\u00e4t wird durch den zugeh\u00f6rigen S Pen, der auf dem Touchscreen zum Schreiben, Zeichnen und zur Bedienung verwendet werde kann, noch erweitert.<\/p>\n<div class=\"formalpara\">\n<p class=\"title\"><span class=\"bold\"><strong>Komfortables Arbeiten<\/strong><\/span><\/p>\n<\/div>\n<p>Zum Galaxy Book 10.6 geh\u00f6rt ein passendes Book Cover Keyboard, das gleich mehrere praktische Funktionen erf\u00fcllt. Zun\u00e4chst ist die Texteingabe \u00fcber die Tastatur angenehm und effizient. F\u00fcr die intuitive Steuerung ist zudem ein Touchpad vorhanden. Das Cover sch\u00fctzt nicht nur vor Staub und Schmutz, sondern dient auch als St\u00e4nder, bei dem das Galaxy Book 10.6 passend zur aktuellen jeweiligen Nutzung in drei verschiedenen Positionen aufgestellt werden kann. Die Tastatur wird magnetisch fixiert und die Verbindung zum Galaxy Book 10.6 \u00fcber einen zuverl\u00e4ssigen POGO Pin-Anschluss hergestellt.<\/p>\n<div class=\"formalpara\">\n<p class=\"title\"><span class=\"bold\"><strong>Einfach mal den Stift z\u00fccken<\/strong><\/span><\/p>\n<\/div>\n<p>Vieles geht mit einem Stift viel einfacher von der Hand, als mit Touchpad und Tastatur. Greifen Sie daher zum S Pen des Galaxy Book 10.6, um Texte und Notizen zu schreiben oder Skizzen und Grafiken zu zeichnen. Au\u00dferdem kann der S Pen, der nicht aufgeladen werden muss, f\u00fcr eine bequeme Bedienung verwendet werden. Dank seiner ergonomischen Form liegt der S Pen griffig in Ihrer Hand und die feine Spitze sowie die vielstufige Drucksensitivit\u00e4t erlauben eine hohe Pr\u00e4zision beim Schreiben und Zeichnen.<\/p>\n<div class=\"formalpara\">\n<p class=\"title\"><span class=\"bold\"><strong>Ruckzuck aufgeladen<\/strong><\/span><\/p>\n<\/div>\n<p>Der integrierte Akku des Galaxy Book 10.6 ist auf lange Ausdauer ausgelegt und erm\u00f6glicht eine Nutzung von bis zu 9 Stunden. Damit Sie unterwegs nicht aufgehalten werden, l\u00e4sst sich ein leerer Akku dank der Schnellladefunktion1 in nur ca. 150 Minuten komplett aufladen.<\/p>\n<div class=\"formalpara\">\n<p class=\"title\"><span class=\"bold\"><strong>Hand in Hand mit dem Smartphone<\/strong><\/span><\/p>\n<\/div>\n<p>Koppeln Sie Ihr Galaxy Book 10.6 mit vielen kompatiblen Galaxy Smartphones1 \u00fcber die kostenlos erh\u00e4ltliche Samsung Flow App. Anschlie\u00dfend k\u00f6nnen Sie zwischen beiden Ger\u00e4ten Benachrichtigungen synchronisieren sowie einfach Daten austauschen oder sich sogar auf dem Galaxy Book 10.6 \u00fcber den Fingerabdruck-Scanner des Galaxy Smartphones einloggen. Auch die Aktivierung eines mobilen Hotspots \u00fcber das Smartphone f\u00fcr eine Internetverbindung ist \u00fcber Samsung Flow bequem mit nur einem Klick m\u00f6glich.<\/p>\n<div class=\"formalpara\">\n<p class=\"title\"><strong><span class=\"bold\">Leichtbau-Geh\u00e4use aus Magnesium<\/span><\/strong><\/p>\n<\/div>\n<p>Robust und dennoch ein Leichtgewicht. So wiegt das Galaxy Book 10.6 gerade mal 650 Gramm. Erm\u00f6glicht wird dies durch die Verwendung des Leichtmetalls Magnesium f\u00fcr das ganze Geh\u00e4use. Zudem verdankt das Galaxy Book 10.6 dem Magnesium seinen edlen, silberfarbenen Glanz und seine hochwertige Haptik.<\/p>\n<div class=\"formalpara\">\n<p class=\"title\"><strong><span class=\"bold\">Viel Platz f\u00fcr Ihre Daten<\/span><\/strong><\/p>\n<\/div>\n<p>Pr\u00e4sentationen und andere Office-Dokumente, Grafiken, E-Mails, Fotos und Videos. Da kommt durch Ihre mobil ben\u00f6tigten Daten schnell ein hoher Bedarf an Speicherkapazit\u00e4t zusammen. Wie gut, dass das Galaxy Book 10.6 bereits \u00fcber einen 64 GB gro\u00dfen internen Speicher verf\u00fcgt, der durch eine optionale, kompatible microSD\u2122-Speicherkarte zus\u00e4tzlich um bis zu 256 GB erweitert werden kann.<\/p>\n","protected":false},"excerpt":{"rendered":"<p>Das Samsung Galaxy Book 10.6 bringt hohe Anforderungen an Mobilit\u00e4t, Vielseitigkeit, Kompatibilit\u00e4t und Leistungsf\u00e4higkeit auf einen kompakten gemeinsamen Nenner. Daher ist es sowohl f\u00fcr den herausfordernden Businesseinsatz, als auch f\u00fcr die anspruchsvolle Privatnutzung bestens geeignet. Durch das geringe Gewicht und die schlanke Bauweise verk\u00f6rpert es die portablen Eigenschaften eines Tablets. Dabei \u00fcberzeugt das Geh\u00e4use aus [&hellip;]<\/p>\n","protected":false},"featured_media":3320,"comment_status":"open","ping_status":"closed","template":"","meta":{"_acf_changed":false},"product_cat":[261],"product_tag":[],"acf":[],"jetpack_sharing_enabled":true,"_links":{"self":[{"href":"http:\/\/pc-direkthandel.de\/wordpress\/wp-json\/wp\/v2\/product\/3319"}],"collection":[{"href":"http:\/\/pc-direkthandel.de\/wordpress\/wp-json\/wp\/v2\/product"}],"about":[{"href":"http:\/\/pc-direkthandel.de\/wordpress\/wp-json\/wp\/v2\/types\/product"}],"replies":[{"embeddable":true,"href":"http:\/\/pc-direkthandel.de\/wordpress\/wp-json\/wp\/v2\/comments?post=3319"}],"wp:featuredmedia":[{"embeddable":true,"href":"http:\/\/pc-direkthandel.de\/wordpress\/wp-json\/wp\/v2\/media\/3320"}],"wp:attachment":[{"href":"http:\/\/pc-direkthandel.de\/wordpress\/wp-json\/wp\/v2\/media?parent=3319"}],"wp:term":[{"taxonomy":"product_cat","embeddable":true,"href":"http:\/\/pc-direkthandel.de\/wordpress\/wp-json\/wp\/v2\/product_cat?post=3319"},{"taxonomy":"product_tag","embeddable":true,"href":"http:\/\/pc-direkthandel.de\/wordpress\/wp-json\/wp\/v2\/product_tag?post=3319"}],"curies":[{"name":"wp","href":"https:\/\/api.w.org\/{rel}","templated":true}]}}