{"id":3308,"date":"2019-09-29T18:48:19","date_gmt":"2019-09-29T16:48:19","guid":{"rendered":"http:\/\/pc-direkthandel.de\/wordpress\/?post_type=product&#038;p=3308"},"modified":"2019-09-29T19:24:02","modified_gmt":"2019-09-29T17:24:02","slug":"toshiba-portege-x30-e-11d","status":"publish","type":"product","link":"http:\/\/pc-direkthandel.de\/wordpress\/product\/toshiba-portege-x30-e-11d\/","title":{"rendered":"Toshiba Port\u00e9g\u00e9 X30-E-11D"},"content":{"rendered":"<p><span class=\"bold\"><strong>Erleben Sie den Port\u00e9g\u00e9 A30-E mit 33,8\u00a0cm (13,3\u201d) gro\u00dfem Bildschirm<\/strong><\/span>\u00a0\u2013 einen ultramobilen, speziell abgesicherten PC, mit dem Sie unterwegs noch produktiver sind. Ob auf dem Weg zum n\u00e4chsten Meeting oder beim Warten auf das Flugzeug, der schlanke Port\u00e9g\u00e9 A30-E mit robustem, aber leichtem Magnesium-Geh\u00e4use, ist das ideale Notebook f\u00fcr den Arbeitsalltag. Es spielt keine Rolle, wo Sie gerade arbeiten, denn dank Premium-Komponenten wie Intel\u00ae Dual Band Wireless-AC 8260 mit optionaler LTE-Verbindung sind Sie nie weit von all den Informationen entfernt, die Sie f\u00fcr Ihre Arbeit ben\u00f6tigen.<\/p>\n<p>Der Toshiba Port\u00e9g\u00e9 X30-E ist mit nur 1,05 kg und mobiler Breitbandverbindung, darunter auch LTE, der ideale Begleiter f\u00fcr unterwegs. Dabei bleibt es mit seinen Intel\u00ae Core\u2122-Prozessoren bis zur Version i8 und passendem DDR4-Speicher ein leistungsstarkes und robustes Notebook. Das entspiegelte FHD-Display sowie bisher unerreichte Sicherheitsfunktionen bieten eine uneingeschr\u00e4nkte Leistung und Zuverl\u00e4ssigkeit, alles in einem schlanken und mobilen Business-Notebook.<\/p>\n","protected":false},"excerpt":{"rendered":"<p>Erleben Sie den Port\u00e9g\u00e9 A30-E mit 33,8\u00a0cm (13,3\u201d) gro\u00dfem Bildschirm\u00a0\u2013 einen ultramobilen, speziell abgesicherten PC, mit dem Sie unterwegs noch produktiver sind. Ob auf dem Weg zum n\u00e4chsten Meeting oder beim Warten auf das Flugzeug, der schlanke Port\u00e9g\u00e9 A30-E mit robustem, aber leichtem Magnesium-Geh\u00e4use, ist das ideale Notebook f\u00fcr den Arbeitsalltag. Es spielt keine Rolle, [&hellip;]<\/p>\n","protected":false},"featured_media":3311,"comment_status":"open","ping_status":"closed","template":"","meta":{"_acf_changed":false},"product_cat":[262],"product_tag":[],"acf":[],"jetpack_sharing_enabled":true,"_links":{"self":[{"href":"http:\/\/pc-direkthandel.de\/wordpress\/wp-json\/wp\/v2\/product\/3308"}],"collection":[{"href":"http:\/\/pc-direkthandel.de\/wordpress\/wp-json\/wp\/v2\/product"}],"about":[{"href":"http:\/\/pc-direkthandel.de\/wordpress\/wp-json\/wp\/v2\/types\/product"}],"replies":[{"embeddable":true,"href":"http:\/\/pc-direkthandel.de\/wordpress\/wp-json\/wp\/v2\/comments?post=3308"}],"wp:featuredmedia":[{"embeddable":true,"href":"http:\/\/pc-direkthandel.de\/wordpress\/wp-json\/wp\/v2\/media\/3311"}],"wp:attachment":[{"href":"http:\/\/pc-direkthandel.de\/wordpress\/wp-json\/wp\/v2\/media?parent=3308"}],"wp:term":[{"taxonomy":"product_cat","embeddable":true,"href":"http:\/\/pc-direkthandel.de\/wordpress\/wp-json\/wp\/v2\/product_cat?post=3308"},{"taxonomy":"product_tag","embeddable":true,"href":"http:\/\/pc-direkthandel.de\/wordpress\/wp-json\/wp\/v2\/product_tag?post=3308"}],"curies":[{"name":"wp","href":"https:\/\/api.w.org\/{rel}","templated":true}]}}