{"id":3306,"date":"2019-09-29T18:27:25","date_gmt":"2019-09-29T16:27:25","guid":{"rendered":"http:\/\/pc-direkthandel.de\/wordpress\/?post_type=product&#038;p=3306"},"modified":"2019-09-29T18:32:17","modified_gmt":"2019-09-29T16:32:17","slug":"toshiba-satellite-pro-a30-d-10e","status":"publish","type":"product","link":"http:\/\/pc-direkthandel.de\/wordpress\/product\/toshiba-satellite-pro-a30-d-10e\/","title":{"rendered":"Toshiba Satellite Pro A30-D-10E"},"content":{"rendered":"<p>\u00dcberall mobil arbeiten oder studieren \u2013 mit dem Satellite Pro A30-D mit 33,8 cm (13,3\u201d) gro\u00dfem Display ist das kein Problem. Der schlanke, leichte und \u00e4u\u00dferst handliche Satellite Pro A30-D mit entspiegeltem Display in HD oder Full-HD macht keine Kompromisse in Sachen Leistung, Konnektivit\u00e4t oder Ausdauer. Dank der langen Akkulaufzeit h\u00e4lt der Satellite Pro A30-D den ganzen Tag lang durch, perfekt f\u00fcr Ihren Arbeitsalltag. Und trotz des mobilit\u00e4tsunterst\u00fctzenden Designs ist der Satellite Pro A30-D so zuverl\u00e4ssig wie alle Notebooks von Toshiba. Mit dem Magnesium-Geh\u00e4use und der \u201eReliability Guarantee\u201c von Toshiba machen Sie beim Kauf garantiert keinen Fehler. Die Zuverl\u00e4ssigkeit wurde auch durch den vom T\u00dcV durchgef\u00fchrte H.A.L.T.-Test (\u201eHighly Accelerated Life Test\u201c) best\u00e4tigt.<\/p>\n","protected":false},"excerpt":{"rendered":"<p>\u00dcberall mobil arbeiten oder studieren \u2013 mit dem Satellite Pro A30-D mit 33,8 cm (13,3\u201d) gro\u00dfem Display ist das kein Problem. Der schlanke, leichte und \u00e4u\u00dferst handliche Satellite Pro A30-D mit entspiegeltem Display in HD oder Full-HD macht keine Kompromisse in Sachen Leistung, Konnektivit\u00e4t oder Ausdauer. Dank der langen Akkulaufzeit h\u00e4lt der Satellite Pro A30-D [&hellip;]<\/p>\n","protected":false},"featured_media":3307,"comment_status":"open","ping_status":"closed","template":"","meta":{"_acf_changed":false},"product_cat":[262],"product_tag":[],"acf":[],"jetpack_sharing_enabled":true,"_links":{"self":[{"href":"http:\/\/pc-direkthandel.de\/wordpress\/wp-json\/wp\/v2\/product\/3306"}],"collection":[{"href":"http:\/\/pc-direkthandel.de\/wordpress\/wp-json\/wp\/v2\/product"}],"about":[{"href":"http:\/\/pc-direkthandel.de\/wordpress\/wp-json\/wp\/v2\/types\/product"}],"replies":[{"embeddable":true,"href":"http:\/\/pc-direkthandel.de\/wordpress\/wp-json\/wp\/v2\/comments?post=3306"}],"wp:featuredmedia":[{"embeddable":true,"href":"http:\/\/pc-direkthandel.de\/wordpress\/wp-json\/wp\/v2\/media\/3307"}],"wp:attachment":[{"href":"http:\/\/pc-direkthandel.de\/wordpress\/wp-json\/wp\/v2\/media?parent=3306"}],"wp:term":[{"taxonomy":"product_cat","embeddable":true,"href":"http:\/\/pc-direkthandel.de\/wordpress\/wp-json\/wp\/v2\/product_cat?post=3306"},{"taxonomy":"product_tag","embeddable":true,"href":"http:\/\/pc-direkthandel.de\/wordpress\/wp-json\/wp\/v2\/product_tag?post=3306"}],"curies":[{"name":"wp","href":"https:\/\/api.w.org\/{rel}","templated":true}]}}