{"id":3304,"date":"2019-09-29T18:15:32","date_gmt":"2019-09-29T16:15:32","guid":{"rendered":"http:\/\/pc-direkthandel.de\/wordpress\/?post_type=product&#038;p=3304"},"modified":"2019-09-29T18:19:47","modified_gmt":"2019-09-29T16:19:47","slug":"toshiba-tecra-a50-e-110","status":"publish","type":"product","link":"http:\/\/pc-direkthandel.de\/wordpress\/product\/toshiba-tecra-a50-e-110\/","title":{"rendered":"Toshiba Tecra A50-E-110"},"content":{"rendered":"<p>Die Tecra A50-E von Toshiba vereint Robustheit, Eleganz und Mobilit\u00e4t und ist damit der zuverl\u00e4ssige Begleiter f\u00fcr Ihren Arbeitsstil. In diesem schlanken und dennoch robusten Notebook stecken \u00fcber 30 Jahre Erfahrung. Ihre Mitarbeiter werden das spritzwassergesch\u00fctzte und sto\u00dffeste Design sch\u00e4tzen, denn es bietet zus\u00e4tzlichen Schutz f\u00fcr wichtige Unternehmensdaten. Und die Komponenten der Tecra A50-E, darunter auch ein Intel\u00ae Core\u2122- Prozessor bis zur Version i8, sorgen f\u00fcr erstklassige Zuverl\u00e4ssigkeit im Arbeitsalltag. Ein Business-Profi, der sie lange begleiten wird.<\/p>\n","protected":false},"excerpt":{"rendered":"<p>Die Tecra A50-E von Toshiba vereint Robustheit, Eleganz und Mobilit\u00e4t und ist damit der zuverl\u00e4ssige Begleiter f\u00fcr Ihren Arbeitsstil. In diesem schlanken und dennoch robusten Notebook stecken \u00fcber 30 Jahre Erfahrung. Ihre Mitarbeiter werden das spritzwassergesch\u00fctzte und sto\u00dffeste Design sch\u00e4tzen, denn es bietet zus\u00e4tzlichen Schutz f\u00fcr wichtige Unternehmensdaten. Und die Komponenten der Tecra A50-E, darunter [&hellip;]<\/p>\n","protected":false},"featured_media":3305,"comment_status":"open","ping_status":"closed","template":"","meta":{"_acf_changed":false},"product_cat":[262],"product_tag":[],"acf":[],"jetpack_sharing_enabled":true,"_links":{"self":[{"href":"http:\/\/pc-direkthandel.de\/wordpress\/wp-json\/wp\/v2\/product\/3304"}],"collection":[{"href":"http:\/\/pc-direkthandel.de\/wordpress\/wp-json\/wp\/v2\/product"}],"about":[{"href":"http:\/\/pc-direkthandel.de\/wordpress\/wp-json\/wp\/v2\/types\/product"}],"replies":[{"embeddable":true,"href":"http:\/\/pc-direkthandel.de\/wordpress\/wp-json\/wp\/v2\/comments?post=3304"}],"wp:featuredmedia":[{"embeddable":true,"href":"http:\/\/pc-direkthandel.de\/wordpress\/wp-json\/wp\/v2\/media\/3305"}],"wp:attachment":[{"href":"http:\/\/pc-direkthandel.de\/wordpress\/wp-json\/wp\/v2\/media?parent=3304"}],"wp:term":[{"taxonomy":"product_cat","embeddable":true,"href":"http:\/\/pc-direkthandel.de\/wordpress\/wp-json\/wp\/v2\/product_cat?post=3304"},{"taxonomy":"product_tag","embeddable":true,"href":"http:\/\/pc-direkthandel.de\/wordpress\/wp-json\/wp\/v2\/product_tag?post=3304"}],"curies":[{"name":"wp","href":"https:\/\/api.w.org\/{rel}","templated":true}]}}