{"id":3302,"date":"2019-09-29T18:03:02","date_gmt":"2019-09-29T16:03:02","guid":{"rendered":"http:\/\/pc-direkthandel.de\/wordpress\/?post_type=product&#038;p=3302"},"modified":"2019-09-29T20:18:38","modified_gmt":"2019-09-29T18:18:38","slug":"xiaomi-mi-notebook-air-13","status":"publish","type":"product","link":"http:\/\/pc-direkthandel.de\/wordpress\/product\/xiaomi-mi-notebook-air-13\/","title":{"rendered":"Xiaomi Mi Notebook Air 13"},"content":{"rendered":"<p>Das Xiaomi Mi Notebook Air 13 ist leicht und kompakt, so dass es ultraportabel und f\u00fcr jeden Einsatz unterwegs bestens geeignet ist.<\/p>\n<p>Mit den Ma\u00dfen einer Zeitschrift und dem leichten Gewicht von nur 1,3 kg ist dieses Leichtgewicht nie im Weg oder zu sperrig, egal ob im Zug, im Cafe oder am Flughafen.<\/p>\n<p>Dank der starken NVIDIA GeForce MX150 Grafikkarte mit 2 GB GDDR5 VRAM kann man sich sowohl auf fl\u00fcssige Spielerlebnisse freuen, als auch High Definition Videos anschauen, ohne l\u00e4stige Ruckler.<\/p>\n<p>Und dank 8 GB DDR4-RAM, einer 256 GB PCIe-SSD und dem schnellen Intel\u00ae Core\u2122 i5-7200U Prozessor der 7.Generation verlaufen auch alle Kernaufgaben und -prozesse so fl\u00fcssig wie man es sich nur w\u00fcnschen kann.<\/p>\n<p>Das 13,3&#8243; Display mit einer Aufl\u00f6sung von 1920&#215;1080 Pixeln hat extrem d\u00fcnne R\u00e4nder von nur 5,6mm dicke, wodurch Farben und Details ein sehr eindrucksvolles Bild erzeugen und den Nutzer in jegliche Inhalte eintauchen lassen.<\/p>\n<p>Dank USB-C FastCharge ist das Mi Notebook Air 13 in nur 30 Minuten bis zu 50% aufgeladen.<\/p>\n","protected":false},"excerpt":{"rendered":"<p>Das Xiaomi Mi Notebook Air 13 ist leicht und kompakt, so dass es ultraportabel und f\u00fcr jeden Einsatz unterwegs bestens geeignet ist. Mit den Ma\u00dfen einer Zeitschrift und dem leichten Gewicht von nur 1,3 kg ist dieses Leichtgewicht nie im Weg oder zu sperrig, egal ob im Zug, im Cafe oder am Flughafen. Dank der [&hellip;]<\/p>\n","protected":false},"featured_media":3303,"comment_status":"open","ping_status":"closed","template":"","meta":{"_acf_changed":false},"product_cat":[261],"product_tag":[],"acf":[],"jetpack_sharing_enabled":true,"_links":{"self":[{"href":"http:\/\/pc-direkthandel.de\/wordpress\/wp-json\/wp\/v2\/product\/3302"}],"collection":[{"href":"http:\/\/pc-direkthandel.de\/wordpress\/wp-json\/wp\/v2\/product"}],"about":[{"href":"http:\/\/pc-direkthandel.de\/wordpress\/wp-json\/wp\/v2\/types\/product"}],"replies":[{"embeddable":true,"href":"http:\/\/pc-direkthandel.de\/wordpress\/wp-json\/wp\/v2\/comments?post=3302"}],"wp:featuredmedia":[{"embeddable":true,"href":"http:\/\/pc-direkthandel.de\/wordpress\/wp-json\/wp\/v2\/media\/3303"}],"wp:attachment":[{"href":"http:\/\/pc-direkthandel.de\/wordpress\/wp-json\/wp\/v2\/media?parent=3302"}],"wp:term":[{"taxonomy":"product_cat","embeddable":true,"href":"http:\/\/pc-direkthandel.de\/wordpress\/wp-json\/wp\/v2\/product_cat?post=3302"},{"taxonomy":"product_tag","embeddable":true,"href":"http:\/\/pc-direkthandel.de\/wordpress\/wp-json\/wp\/v2\/product_tag?post=3302"}],"curies":[{"name":"wp","href":"https:\/\/api.w.org\/{rel}","templated":true}]}}